{"id":3304,"date":"2025-06-11T23:34:13","date_gmt":"2025-06-11T23:34:13","guid":{"rendered":"https:\/\/vitalitycenterjax.com\/?page_id=3304"},"modified":"2025-07-07T21:23:50","modified_gmt":"2025-07-07T21:23:50","slug":"puncion-seca","status":"publish","type":"page","link":"https:\/\/vitalitycenterjax.com\/es\/services\/dry-needling\/","title":{"rendered":"punci\u00f3n seca"},"content":{"rendered":"<p><section id=\"bt_section69ea5ea06d5b5\"  class=\"boldSection btDivider topSemiSpaced bottomSemiSpaced btDarkSkin gutter inherit wBackground cover\" style=\"background-color:#0cb8b6;background-image:url('https:\/\/vitalitycenterjax.com\/wp-content\/uploads\/2015\/12\/bgn-grad.png');\"><div class=\"port\"><div class=\"boldCell\"><div class=\"boldCellInner\"><div class=\"boldRow\" ><div class=\"boldRowInner\"><div class=\"rowItem col-md-12 col-ms-12  btTextLeft\"  ><div class=\"rowItemContent\" ><div class=\"btClear btSeparator topExtraSmallSpaced noBorder\" ><hr><\/div><div class=\"btClear btSeparator topExtraSmallSpaced noBorder\" ><hr><\/div><header class=\"header btClear extralarge  btNormalDash\" ><div class=\"btSuperTitle\">Servicios<\/div><div class=\"dash\"><h1><span class=\"headline\">punci\u00f3n seca<\/span><\/h1><\/div><\/header><\/div><\/div><\/div><\/div><\/div><\/div><\/div><\/section><section id=\"bt_section69ea5ea06d6db\"  class=\"boldSection gutter\" ><div class=\"port\"><div class=\"boldCell\"><div class=\"boldCellInner\"><div class=\"boldRow\" ><div class=\"boldRowInner\"><div class=\"rowItem col-md-8 col-ms-12 btTextLeft\"  ><div class=\"rowItemContent\" ><div class=\"btClear btSeparator topSmallSpaced bottomSmallSpaced noBorder\" ><hr><\/div><div class=\"btText\" ><\/p>\n<h1>Punci\u00f3n seca integrativa<\/h1>\n<p>Es una forma de fisioterapia altamente efectiva para el tratamiento de diversas afecciones musculoesquel\u00e9ticas y neuromusculares. No es adecuada para todas las afecciones o patolog\u00edas, y el uso de la t\u00e9cnica quedar\u00e1 a criterio del fisioterapeuta.<\/p>\n<h2>\u00bfC\u00f3mo funciona?<\/h2>\n<p>La punci\u00f3n seca integrativa es <u>no<\/u> La acupuntura (medicina tradicional china) se basa en la neuroanatom\u00eda y el estudio cient\u00edfico moderno de los sistemas musculoesquel\u00e9tico y neuromuscular. Se inserta una aguja de filamento muy fino a trav\u00e9s de la piel hasta los tejidos m\u00e1s profundos, considerados puntos gatillo del dolor. La punci\u00f3n seca act\u00faa provocando una microlesi\u00f3n en el tejido patol\u00f3gico, rompiendo los tejidos da\u00f1ados, inhibiendo un arco reflejo del sistema nervioso al tejido, normalizando la respuesta inflamatoria y mediando el dolor a nivel central. Los efectos mec\u00e1nicos y neuromusculares crean un entorno que potencia la capacidad de curaci\u00f3n del cuerpo, lo que, en \u00faltima instancia, reduce el dolor.<\/p>\n<h2>\u00bfQu\u00e9 afecciones se pueden tratar?<\/h2>\n<p>Las afecciones incluyen, entre otras, dolor de cuello, espalda y hombros, dolor de brazos (codo de tenista, s\u00edndrome del t\u00fanel carpiano, epicondilitis medial), dolor de cabeza, incluyendo migra\u00f1as y dolores de cabeza tensionales, dolor de mand\u00edbula, dolor de gl\u00fateos y dolor de piernas (ci\u00e1tica, distensiones de los isquiotibiales, rigidez\/espasmos en las pantorrillas).<\/p>\n<h2>\u00bfEst\u00e1n esterilizadas las agujas?<\/h2>\n<p>S\u00ed, solo utilizamos agujas est\u00e9riles desechables.<\/p>\n<h2>\u00bfEs doloroso el procedimiento?<\/h2>\n<p>La aguja de filamento es muy fina, s\u00f3lida y flexible, lo que permite introducirla en la piel en lugar de cortarla. Esto ayuda a reducir cualquier molestia que pueda surgir durante el procedimiento. Nos esforzamos por que el tratamiento sea pr\u00e1cticamente indoloro; sin embargo, en ocasiones se puede sentir una ligera contracci\u00f3n muscular. Cuando la aguja se inserta en el tejido afectado, esta sensaci\u00f3n es normal y moment\u00e1nea. Muchos pacientes la describen como una peque\u00f1a descarga el\u00e9ctrica, un calambre o una molestia. Estas sensaciones son perfectamente normales e incluso deseables. Su fisioterapeuta har\u00e1 todo lo posible para que su experiencia sea c\u00f3moda y terap\u00e9utica.<\/p>\n<h2>\u00bfC\u00f3mo me sentir\u00e9 despu\u00e9s del tratamiento de punci\u00f3n seca?<\/h2>\n<p>Esto variar\u00e1, pero muchos pacientes experimentaron un alivio inmediato de sus s\u00edntomas y un aumento en el rango de movimiento. El dolor tambi\u00e9n puede ser una respuesta com\u00fan a la punci\u00f3n, pero no ocurre en todas las personas. Algunas personas pueden experimentar dolor inmediato o un dolor tard\u00edo al d\u00eda siguiente, que dura de 1 a 2 d\u00edas, y el masaje y el movimiento ser\u00e1n beneficiosos. Pueden aparecer moretones leves en los sitios de punci\u00f3n y son m\u00e1s frecuentes en ciertas partes del cuerpo. Tambi\u00e9n pueden aparecer moretones m\u00e1s grandes, pero son raros. Aplicar hielo sobre el moret\u00f3n ayudar\u00e1 con el dolor y la decoloraci\u00f3n de la piel durar\u00e1 varios d\u00edas, pero no es perjudicial.<\/p>\n<p>Es poco com\u00fan, pero posible, que el tratamiento aumente temporalmente sus s\u00edntomas. Esto no es inusual, pero si persiste m\u00e1s all\u00e1 de los 1-2 d\u00edas, informe a su fisioterapeuta para que ajuste su programa y mejore su comodidad la pr\u00f3xima vez. Esto no significa que la acupuntura no sea beneficiosa para su condici\u00f3n.<\/p>\n<h2>\u00bfDebo continuar haciendo ejercicios o recibir otros tratamientos?<\/h2>\n<p>S\u00ed, su programa de fisioterapia personalizado seguir\u00e1 integrando m\u00e9todos tradicionales de fisioterapia, incluyendo terapia manual, ejercicio terap\u00e9utico, entrenamiento de resistencia, estabilizaci\u00f3n y entrenamiento postural.<\/p>\n<h2>\u00bfCu\u00e1ntos tratamientos necesitar\u00e9?<\/h2>\n<p>Esto depender\u00e1 de la categor\u00eda en la que te encuentres, la cual se determina seg\u00fan el estado de la lesi\u00f3n y tu salud general. Recuerda que buscamos provocar cambios mec\u00e1nicos y bioqu\u00edmicos sin utilizar f\u00e1rmacos. Por lo tanto, buscamos una respuesta acumulativa para romper el ciclo del dolor. Tu fisioterapeuta podr\u00e1 brindarte m\u00e1s informaci\u00f3n despu\u00e9s de tu evaluaci\u00f3n.<\/p>\n<h2>\u00bfQu\u00e9 debo hacer para prepararme para el tratamiento?<\/h2>\n<ul>\n<li>No coma 30 minutos antes del tratamiento.<\/li>\n<li>Aseg\u00farese de estar bien hidratado vaciando la vejiga antes del tratamiento.<\/li>\n<li>Use ropa suelta y ajustada, pantalones cortos o traje de ba\u00f1o para facilitar el acceso a las zonas doloridas.<\/li>\n<\/ul>\n<h2>\u00bfQu\u00e9 debo\/puedo hacer despu\u00e9s del tratamiento? \u00bfQu\u00e9 debo evitar?<\/h2>\n<p>Nuestras recomendaciones var\u00edan seg\u00fan la intensidad del dolor que presente, y la respuesta individual al tratamiento puede incluir aumentar la ingesta de agua, aplicar calor o hielo en la zona afectada, realizar estiramientos suaves y modificar las actividades.<\/p>\n<h2>\u00bfMi seguro cubre el tratamiento de punci\u00f3n seca?<\/h2>\n<p>Este tratamiento de fisioterapia NO es acupuntura. Por lo tanto, la cobertura de la acupuntura debe coincidir con los beneficios de su plan de fisioterapia. Si necesita m\u00e1s informaci\u00f3n, puede consultar con el personal administrativo.<\/p>\n<p>No todos los profesionales m\u00e9dicos o de fisioterapia est\u00e1n capacitados para realizar la t\u00e9cnica de punci\u00f3n seca integrativa. Los fisioterapeutas de SU cl\u00ednica cuentan con formaci\u00f3n avanzada y est\u00e1n certificados por el Instituto de Punci\u00f3n Seca Integrativa.<\/p>\n<p>\n<\/div><div class=\"btClear btSeparator topSmallSpaced bottomSmallSpaced noBorder\" ><hr><\/div><\/div><\/div><div class=\"rowItem col-md-4 col-ms-12 btTextLeft\"  ><div class=\"rowItemContent\" ><div class=\"btClear btSeparator topSmallSpaced bottomSmallSpaced noBorder\" ><hr><\/div><div class=\"bpgPhoto btTextCenter\" ><div class=\"btImage\"><img decoding=\"async\" src=\"https:\/\/vitalitycenterjax.com\/wp-content\/uploads\/2025\/07\/Dry-Needling.jpg\" alt=\"\" title=\"\"><\/div><\/div><\/div><\/div><\/div><\/div><\/div><\/div><\/div><\/section><\/p>","protected":false},"excerpt":{"rendered":"","protected":false},"author":1,"featured_media":3312,"parent":306,"menu_order":0,"comment_status":"closed","ping_status":"closed","template":"","meta":{"nf_dc_page":"","_monsterinsights_skip_tracking":false,"_monsterinsights_sitenote_active":false,"_monsterinsights_sitenote_note":"","_monsterinsights_sitenote_category":0,"_joinchat":[],"footnotes":""},"class_list":["post-3304","page","type-page","status-publish","has-post-thumbnail","hentry"],"yoast_head":"<!-- This site is optimized with the Yoast SEO Premium plugin v24.7 (Yoast SEO v27.4) - https:\/\/yoast.com\/product\/yoast-seo-premium-wordpress\/ -->\n<title>Dry Needling - Vitality Center Jacksonville<\/title>\n<meta name=\"description\" content=\"Improve your health with trusted chiropractic care in Jacksonville at Vitality Family Chiropractic. Reduce stress and boost healing.\" \/>\n<meta name=\"robots\" content=\"index, follow, max-snippet:-1, max-image-preview:large, max-video-preview:-1\" \/>\n<link rel=\"canonical\" href=\"https:\/\/vitalitycenterjax.com\/es\/servicios\/puncion-seca\/\" \/>\n<meta property=\"og:locale\" content=\"es_ES\" \/>\n<meta property=\"og:type\" content=\"article\" \/>\n<meta property=\"og:title\" content=\"Dry Needling\" \/>\n<meta property=\"og:description\" content=\"Improve your health with trusted chiropractic care in Jacksonville at Vitality Family Chiropractic. Reduce stress and boost healing.\" \/>\n<meta property=\"og:url\" content=\"https:\/\/vitalitycenterjax.com\/es\/servicios\/puncion-seca\/\" \/>\n<meta property=\"og:site_name\" content=\"Vitality Center Jacksonville\" \/>\n<meta property=\"article:publisher\" content=\"https:\/\/www.facebook.com\/vitalitycenterjax\" \/>\n<meta property=\"article:modified_time\" content=\"2025-07-07T21:23:50+00:00\" \/>\n<meta property=\"og:image\" content=\"https:\/\/vitalitycenterjax.com\/wp-content\/uploads\/2025\/07\/Dry-Needling.jpg\" \/>\n\t<meta property=\"og:image:width\" content=\"940\" \/>\n\t<meta property=\"og:image:height\" content=\"788\" \/>\n\t<meta property=\"og:image:type\" content=\"image\/jpeg\" \/>\n<meta name=\"twitter:card\" content=\"summary_large_image\" \/>\n<meta name=\"twitter:label1\" content=\"Est. reading time\" \/>\n\t<meta name=\"twitter:data1\" content=\"4 minutos\" \/>\n<script type=\"application\/ld+json\" class=\"yoast-schema-graph\">{\"@context\":\"https:\\\/\\\/schema.org\",\"@graph\":[{\"@type\":\"WebPage\",\"@id\":\"https:\\\/\\\/vitalitycenterjax.com\\\/services\\\/dry-needling\\\/\",\"url\":\"https:\\\/\\\/vitalitycenterjax.com\\\/services\\\/dry-needling\\\/\",\"name\":\"Dry Needling - Vitality Center Jacksonville\",\"isPartOf\":{\"@id\":\"http:\\\/\\\/vitalitycenterjax.com\\\/#website\"},\"primaryImageOfPage\":{\"@id\":\"https:\\\/\\\/vitalitycenterjax.com\\\/services\\\/dry-needling\\\/#primaryimage\"},\"image\":{\"@id\":\"https:\\\/\\\/vitalitycenterjax.com\\\/services\\\/dry-needling\\\/#primaryimage\"},\"thumbnailUrl\":\"https:\\\/\\\/vitalitycenterjax.com\\\/wp-content\\\/uploads\\\/2025\\\/07\\\/Dry-Needling.jpg\",\"datePublished\":\"2025-06-11T23:34:13+00:00\",\"dateModified\":\"2025-07-07T21:23:50+00:00\",\"description\":\"Improve your health with trusted chiropractic care in Jacksonville at Vitality Family Chiropractic. Reduce stress and boost healing.\",\"breadcrumb\":{\"@id\":\"https:\\\/\\\/vitalitycenterjax.com\\\/services\\\/dry-needling\\\/#breadcrumb\"},\"inLanguage\":\"es\",\"potentialAction\":[{\"@type\":\"ReadAction\",\"target\":[\"https:\\\/\\\/vitalitycenterjax.com\\\/services\\\/dry-needling\\\/\"]}]},{\"@type\":\"ImageObject\",\"inLanguage\":\"es\",\"@id\":\"https:\\\/\\\/vitalitycenterjax.com\\\/services\\\/dry-needling\\\/#primaryimage\",\"url\":\"https:\\\/\\\/vitalitycenterjax.com\\\/wp-content\\\/uploads\\\/2025\\\/07\\\/Dry-Needling.jpg\",\"contentUrl\":\"https:\\\/\\\/vitalitycenterjax.com\\\/wp-content\\\/uploads\\\/2025\\\/07\\\/Dry-Needling.jpg\",\"width\":940,\"height\":788},{\"@type\":\"BreadcrumbList\",\"@id\":\"https:\\\/\\\/vitalitycenterjax.com\\\/services\\\/dry-needling\\\/#breadcrumb\",\"itemListElement\":[{\"@type\":\"ListItem\",\"position\":1,\"name\":\"Home\",\"item\":\"https:\\\/\\\/vitalitycenterjax.com\\\/\"},{\"@type\":\"ListItem\",\"position\":2,\"name\":\"Services\",\"item\":\"https:\\\/\\\/vitalitycenterjax.com\\\/services\\\/\"},{\"@type\":\"ListItem\",\"position\":3,\"name\":\"Dry Needling\"}]},{\"@type\":\"WebSite\",\"@id\":\"http:\\\/\\\/vitalitycenterjax.com\\\/#website\",\"url\":\"http:\\\/\\\/vitalitycenterjax.com\\\/\",\"name\":\"Vitality Center Jacksonville\",\"description\":\"Quality Chiropractic Care and Healthcare Options\",\"publisher\":{\"@id\":\"http:\\\/\\\/vitalitycenterjax.com\\\/#organization\"},\"potentialAction\":[{\"@type\":\"SearchAction\",\"target\":{\"@type\":\"EntryPoint\",\"urlTemplate\":\"http:\\\/\\\/vitalitycenterjax.com\\\/?s={search_term_string}\"},\"query-input\":{\"@type\":\"PropertyValueSpecification\",\"valueRequired\":true,\"valueName\":\"search_term_string\"}}],\"inLanguage\":\"es\"},{\"@type\":[\"Organization\",\"Place\",\"MedicalClinic\"],\"@id\":\"http:\\\/\\\/vitalitycenterjax.com\\\/#organization\",\"name\":\"Vitality Center Jacksonville\",\"url\":\"http:\\\/\\\/vitalitycenterjax.com\\\/\",\"logo\":{\"@id\":\"https:\\\/\\\/vitalitycenterjax.com\\\/services\\\/dry-needling\\\/#local-main-organization-logo\"},\"image\":{\"@id\":\"https:\\\/\\\/vitalitycenterjax.com\\\/services\\\/dry-needling\\\/#local-main-organization-logo\"},\"sameAs\":[\"https:\\\/\\\/www.facebook.com\\\/vitalitycenterjax\",\"https:\\\/\\\/www.instagram.com\\\/vitalitycenterjax\\\/\"],\"address\":{\"@id\":\"https:\\\/\\\/vitalitycenterjax.com\\\/services\\\/dry-needling\\\/#local-main-place-address\"},\"telephone\":[\"(904) 434-3465\"],\"contactPoint\":{\"@type\":\"ContactPoint\",\"telephone\":\"(904) 434-3465\",\"email\":\"frontdesk@vitalitycenterjax.com\"},\"openingHoursSpecification\":[{\"@type\":\"OpeningHoursSpecification\",\"dayOfWeek\":[\"Monday\",\"Thursday\"],\"opens\":\"09:00\",\"closes\":\"18:30\"},{\"@type\":\"OpeningHoursSpecification\",\"dayOfWeek\":[\"Tuesday\",\"Wednesday\"],\"opens\":\"08:30\",\"closes\":\"17:00\"},{\"@type\":\"OpeningHoursSpecification\",\"dayOfWeek\":[\"Friday\",\"Saturday\",\"Sunday\"],\"opens\":\"00:00\",\"closes\":\"00:00\"}],\"email\":\"frontdesk@vitalitycenterjax.com\",\"areaServed\":\"Jacksonville\",\"priceRange\":\"$\",\"currenciesAccepted\":\"USD\"},{\"@type\":\"PostalAddress\",\"@id\":\"https:\\\/\\\/vitalitycenterjax.com\\\/services\\\/dry-needling\\\/#local-main-place-address\",\"streetAddress\":\"3636 University Blvd S Suite B3\",\"addressLocality\":\"Jacksonville\",\"postalCode\":\"32216\",\"addressRegion\":\"FL\",\"addressCountry\":\"US\"},{\"@type\":\"ImageObject\",\"inLanguage\":\"es\",\"@id\":\"https:\\\/\\\/vitalitycenterjax.com\\\/services\\\/dry-needling\\\/#local-main-organization-logo\",\"url\":\"https:\\\/\\\/vitalitycenterjax.com\\\/wp-content\\\/uploads\\\/2018\\\/09\\\/vfc-circle-e1537364957593.png\",\"contentUrl\":\"https:\\\/\\\/vitalitycenterjax.com\\\/wp-content\\\/uploads\\\/2018\\\/09\\\/vfc-circle-e1537364957593.png\",\"width\":855,\"height\":855,\"caption\":\"Vitality Center Jacksonville\"}]}<\/script>\n<meta name=\"geo.placename\" content=\"Jacksonville\" \/>\n<meta name=\"geo.region\" content=\"United States (US)\" \/>\n<!-- \/ Yoast SEO Premium plugin. -->","yoast_head_json":{"title":"Punci\u00f3n seca - Centro de Vitalidad de Jacksonville","description":"Mejore su salud con atenci\u00f3n quiropr\u00e1ctica confiable en Jacksonville en Vitality Family Chiropractic. Reduce el estr\u00e9s y estimula la curaci\u00f3n.","robots":{"index":"index","follow":"follow","max-snippet":"max-snippet:-1","max-image-preview":"max-image-preview:large","max-video-preview":"max-video-preview:-1"},"canonical":"https:\/\/vitalitycenterjax.com\/es\/servicios\/puncion-seca\/","og_locale":"es_ES","og_type":"article","og_title":"Dry Needling","og_description":"Improve your health with trusted chiropractic care in Jacksonville at Vitality Family Chiropractic. Reduce stress and boost healing.","og_url":"https:\/\/vitalitycenterjax.com\/es\/servicios\/puncion-seca\/","og_site_name":"Vitality Center Jacksonville","article_publisher":"https:\/\/www.facebook.com\/vitalitycenterjax","article_modified_time":"2025-07-07T21:23:50+00:00","og_image":[{"width":940,"height":788,"url":"https:\/\/vitalitycenterjax.com\/wp-content\/uploads\/2025\/07\/Dry-Needling.jpg","type":"image\/jpeg"}],"twitter_card":"summary_large_image","twitter_misc":{"Est. reading time":"4 minutos"},"schema":{"@context":"https:\/\/schema.org","@graph":[{"@type":"WebPage","@id":"https:\/\/vitalitycenterjax.com\/services\/dry-needling\/","url":"https:\/\/vitalitycenterjax.com\/services\/dry-needling\/","name":"Punci\u00f3n seca - Centro de Vitalidad de Jacksonville","isPartOf":{"@id":"http:\/\/vitalitycenterjax.com\/#website"},"primaryImageOfPage":{"@id":"https:\/\/vitalitycenterjax.com\/services\/dry-needling\/#primaryimage"},"image":{"@id":"https:\/\/vitalitycenterjax.com\/services\/dry-needling\/#primaryimage"},"thumbnailUrl":"https:\/\/vitalitycenterjax.com\/wp-content\/uploads\/2025\/07\/Dry-Needling.jpg","datePublished":"2025-06-11T23:34:13+00:00","dateModified":"2025-07-07T21:23:50+00:00","description":"Mejore su salud con atenci\u00f3n quiropr\u00e1ctica confiable en Jacksonville en Vitality Family Chiropractic. Reduce el estr\u00e9s y estimula la curaci\u00f3n.","breadcrumb":{"@id":"https:\/\/vitalitycenterjax.com\/services\/dry-needling\/#breadcrumb"},"inLanguage":"es","potentialAction":[{"@type":"ReadAction","target":["https:\/\/vitalitycenterjax.com\/services\/dry-needling\/"]}]},{"@type":"ImageObject","inLanguage":"es","@id":"https:\/\/vitalitycenterjax.com\/services\/dry-needling\/#primaryimage","url":"https:\/\/vitalitycenterjax.com\/wp-content\/uploads\/2025\/07\/Dry-Needling.jpg","contentUrl":"https:\/\/vitalitycenterjax.com\/wp-content\/uploads\/2025\/07\/Dry-Needling.jpg","width":940,"height":788},{"@type":"BreadcrumbList","@id":"https:\/\/vitalitycenterjax.com\/services\/dry-needling\/#breadcrumb","itemListElement":[{"@type":"ListItem","position":1,"name":"Home","item":"https:\/\/vitalitycenterjax.com\/"},{"@type":"ListItem","position":2,"name":"Services","item":"https:\/\/vitalitycenterjax.com\/services\/"},{"@type":"ListItem","position":3,"name":"Dry Needling"}]},{"@type":"WebSite","@id":"http:\/\/vitalitycenterjax.com\/#website","url":"http:\/\/vitalitycenterjax.com\/","name":"Vitality Center Jacksonville - Espa\u00f1ol","description":"Atenci\u00f3n quiropr\u00e1ctica de calidad y opciones de atenci\u00f3n m\u00e9dica","publisher":{"@id":"http:\/\/vitalitycenterjax.com\/#organization"},"potentialAction":[{"@type":"SearchAction","target":{"@type":"EntryPoint","urlTemplate":"http:\/\/vitalitycenterjax.com\/?s={search_term_string}"},"query-input":{"@type":"PropertyValueSpecification","valueRequired":true,"valueName":"search_term_string"}}],"inLanguage":"es"},{"@type":["Organization","Place","MedicalClinic"],"@id":"http:\/\/vitalitycenterjax.com\/#organization","name":"Vitality Center Jacksonville - Espa\u00f1ol","url":"http:\/\/vitalitycenterjax.com\/","logo":{"@id":"https:\/\/vitalitycenterjax.com\/services\/dry-needling\/#local-main-organization-logo"},"image":{"@id":"https:\/\/vitalitycenterjax.com\/services\/dry-needling\/#local-main-organization-logo"},"sameAs":["https:\/\/www.facebook.com\/vitalitycenterjax","https:\/\/www.instagram.com\/vitalitycenterjax\/"],"address":{"@id":"https:\/\/vitalitycenterjax.com\/services\/dry-needling\/#local-main-place-address"},"telephone":["(904) 434-3465"],"contactPoint":{"@type":"ContactPoint","telephone":"(904) 434-3465","email":"frontdesk@vitalitycenterjax.com"},"openingHoursSpecification":[{"@type":"OpeningHoursSpecification","dayOfWeek":["Monday","Thursday"],"opens":"09:00","closes":"18:30"},{"@type":"OpeningHoursSpecification","dayOfWeek":["Tuesday","Wednesday"],"opens":"08:30","closes":"17:00"},{"@type":"OpeningHoursSpecification","dayOfWeek":["Friday","Saturday","Sunday"],"opens":"00:00","closes":"00:00"}],"email":"frontdesk@vitalitycenterjax.com","areaServed":"Jacksonville","priceRange":"$","currenciesAccepted":"USD"},{"@type":"PostalAddress","@id":"https:\/\/vitalitycenterjax.com\/services\/dry-needling\/#local-main-place-address","streetAddress":"3636 University Blvd S Suite B3","addressLocality":"Jacksonville","postalCode":"32216","addressRegion":"FL","addressCountry":"US"},{"@type":"ImageObject","inLanguage":"es","@id":"https:\/\/vitalitycenterjax.com\/services\/dry-needling\/#local-main-organization-logo","url":"https:\/\/vitalitycenterjax.com\/wp-content\/uploads\/2018\/09\/vfc-circle-e1537364957593.png","contentUrl":"https:\/\/vitalitycenterjax.com\/wp-content\/uploads\/2018\/09\/vfc-circle-e1537364957593.png","width":855,"height":855,"caption":"Vitality Center Jacksonville"}]},"geo.placename":"Jacksonville","geo.region":"United States (US)"},"_links":{"self":[{"href":"https:\/\/vitalitycenterjax.com\/es\/wp-json\/wp\/v2\/pages\/3304","targetHints":{"allow":["GET"]}}],"collection":[{"href":"https:\/\/vitalitycenterjax.com\/es\/wp-json\/wp\/v2\/pages"}],"about":[{"href":"https:\/\/vitalitycenterjax.com\/es\/wp-json\/wp\/v2\/types\/page"}],"author":[{"embeddable":true,"href":"https:\/\/vitalitycenterjax.com\/es\/wp-json\/wp\/v2\/users\/1"}],"replies":[{"embeddable":true,"href":"https:\/\/vitalitycenterjax.com\/es\/wp-json\/wp\/v2\/comments?post=3304"}],"version-history":[{"count":3,"href":"https:\/\/vitalitycenterjax.com\/es\/wp-json\/wp\/v2\/pages\/3304\/revisions"}],"predecessor-version":[{"id":3314,"href":"https:\/\/vitalitycenterjax.com\/es\/wp-json\/wp\/v2\/pages\/3304\/revisions\/3314"}],"up":[{"embeddable":true,"href":"https:\/\/vitalitycenterjax.com\/es\/wp-json\/wp\/v2\/pages\/306"}],"wp:featuredmedia":[{"embeddable":true,"href":"https:\/\/vitalitycenterjax.com\/es\/wp-json\/wp\/v2\/media\/3312"}],"wp:attachment":[{"href":"https:\/\/vitalitycenterjax.com\/es\/wp-json\/wp\/v2\/media?parent=3304"}],"curies":[{"name":"wp","href":"https:\/\/api.w.org\/{rel}","templated":true}]}}