{"id":1939,"date":"2021-10-28T01:54:09","date_gmt":"2021-10-28T01:54:09","guid":{"rendered":"https:\/\/vitalitycenterjax.com\/?page_id=1939"},"modified":"2024-04-25T18:17:57","modified_gmt":"2024-04-25T18:17:57","slug":"atencion-quiropractica-para-el-bienestar-2","status":"publish","type":"page","link":"https:\/\/vitalitycenterjax.com\/es\/new-patients\/wellness-chiropractic-care\/","title":{"rendered":"Atenci\u00f3n quiropr\u00e1ctica para el bienestar"},"content":{"rendered":"<p><section id=\"bt_section69ea46ac2aac3\"  class=\"boldSection topSemiSpaced bottomSemiSpaced btDarkSkin gutter inherit wBackground cover\" style=\"background-color:#0cb8b6;background-image:url('https:\/\/vitalitycenterjax.com\/wp-content\/uploads\/2015\/12\/bgn-grad.png');\"><div class=\"port\"><div class=\"boldCell\"><div class=\"boldCellInner\"><div class=\"boldRow\" ><div class=\"boldRowInner\"><div class=\"rowItem col-md-12 col-ms-12  btTextLeft\"  ><div class=\"rowItemContent\" ><div class=\"btClear btSeparator topExtraSmallSpaced noBorder\" ><hr><\/div><div class=\"btClear btSeparator topExtraSmallSpaced noBorder\" ><hr><\/div><header class=\"header btClear extralarge  btNormalDash\" ><div class=\"btSuperTitle\">Pacientes Nuevos<\/div><div class=\"dash\"><h1><span class=\"headline\">Atenci\u00f3n quiropr\u00e1ctica para el bienestar<\/span><\/h1><\/div><\/header><\/div><\/div><\/div><\/div><\/div><\/div><\/div><\/section><section id=\"bt_section69ea46ac2abe1\"  class=\"boldSection gutter\" ><div class=\"port\"><div class=\"boldCell\"><div class=\"boldCellInner\"><div class=\"boldRow\" ><div class=\"boldRowInner\"><div class=\"rowItem col-md-8 col-ms-12 btTextLeft\"  ><div class=\"rowItemContent\" ><div class=\"btClear btSeparator topSemiSpaced noBorder\" ><hr><\/div><div class=\"btText\" ><\/p>\n<p>La atenci\u00f3n quiropr\u00e1ctica de bienestar es m\u00e1s que una simple soluci\u00f3n para el dolor de espalda o los problemas de columna; es un enfoque integral para mantener su salud general. En Vitality Family Chiropractic en Jacksonville, Florida, creemos que el verdadero bienestar es un viaje de por vida que implica un cuidado personal y un mantenimiento regulares.<\/p>\n<h2><strong>\u00bfPor qu\u00e9 elegir la atenci\u00f3n quiropr\u00e1ctica de bienestar?<\/strong><\/h2>\n<p>La atenci\u00f3n quiropr\u00e1ctica se extiende m\u00e1s all\u00e1 del tratamiento del dolor o las lesiones inmediatas. Se trata de garantizar que su cuerpo funcione de la mejor manera continuamente. As\u00ed es como le beneficia el cuidado quiropr\u00e1ctico constante:<\/p>\n<ul>\n<li><strong>Recuperaci\u00f3n mejorada:<\/strong> Los tratamientos regulares ayudan a una recuperaci\u00f3n m\u00e1s r\u00e1pida de lesiones o irregularidades y ayudan a mantener la condici\u00f3n \u00f3ptima de su cuerpo.<\/li>\n<li><strong>Manejo continuo del dolor:<\/strong> La constancia en la atenci\u00f3n quiropr\u00e1ctica es crucial para controlar el dolor cr\u00f3nico de forma eficaz y prevenir futuras dolencias.<\/li>\n<li><strong>Atenci\u00f3n preventiva:<\/strong> La quiropr\u00e1ctica no s\u00f3lo es reactiva sino tambi\u00e9n una medida proactiva para prevenir problemas antes de que surjan, promoviendo la salud general de adentro hacia afuera.<\/li>\n<\/ul>\n<h3><strong>Nuestro Compromiso con Su Bienestar<\/strong><\/h3>\n<p>En <a href=\"https:\/\/vitalitycenterjax.com\/es\/\">Quiropr\u00e1ctica familiar de vitalidad<\/a>, nuestro equipo est\u00e1 dedicado a ofrecerle la mejor atenci\u00f3n posible:<\/p>\n<ul>\n<li><strong>Enfoque hol\u00edstico:<\/strong> No solo tratamos dolencias espec\u00edficas sino que tambi\u00e9n contribuimos a su bienestar general.<\/li>\n<li><strong>Planes de atenci\u00f3n personalizados:<\/strong> Cada paciente recibe atenci\u00f3n personalizada que aborda sus necesidades de salud \u00fanicas.<\/li>\n<li><strong>Integraci\u00f3n de estilo de vida:<\/strong> Ayudamos a integrar la atenci\u00f3n quiropr\u00e1ctica en su estilo de vida, convirti\u00e9ndola en una parte natural de su rutina para una salud sostenida.<\/li>\n<\/ul>\n<h3><strong>Beneficios a largo plazo de la atenci\u00f3n quiropr\u00e1ctica de rutina<\/strong><\/h3>\n<p>Incorporar ajustes quiropr\u00e1cticos regulares a su estilo de vida puede mejorar significativamente su calidad de vida:<\/p>\n<ul>\n<li><strong>Previene la recurrencia de problemas f\u00edsicos:<\/strong> La atenci\u00f3n de rutina garantiza que los problemas, una vez corregidos, no vuelvan a aparecer.<\/li>\n<li><strong>Mantiene la aptitud f\u00edsica:<\/strong> Al igual que el ejercicio continuo, la atenci\u00f3n quiropr\u00e1ctica regular mantiene su sistema musculoesquel\u00e9tico en \u00f3ptimas condiciones.<\/li>\n<li><strong>Mejora la longevidad de las articulaciones:<\/strong> Tus articulaciones duran m\u00e1s y mantienes la movilidad para seguir disfrutando de tus actividades favoritas sin dolores.<\/li>\n<\/ul>\n<h3><strong>Mantenga su salud de forma proactiva<\/strong><\/h3>\n<p>Recuerde, el bienestar no se logra de la noche a la ma\u00f1ana ni se sostiene mediante esfuerzos espor\u00e1dicos. La atenci\u00f3n quiropr\u00e1ctica constante es clave para un estilo de vida saludable.<\/p>\n<ul>\n<li><strong>Bienestar continuo:<\/strong> Incluso despu\u00e9s de que su cuerpo haya sanado, es esencial continuar con el cuidado para mantener los beneficios.<\/li>\n<li><strong>Bienestar del estilo de vida:<\/strong> Combinar la atenci\u00f3n quiropr\u00e1ctica regular con una dieta saludable y ejercicio puede amplificar sus beneficios para la salud.<\/li>\n<\/ul>\n<h3><strong>Comience su viaje hacia una salud duradera<\/strong><\/h3>\n<p>No espere a que el dolor le recuerde que debe cuidar su salud. Haga que la atenci\u00f3n quiropr\u00e1ctica de bienestar forme parte de su rutina de salud habitual y viva la vida vibrante y saludable que se merece. Vis\u00edtenos en Vitality Family Chiropractic en Jacksonville, Florida, para comenzar su viaje hacia el bienestar sostenido.<\/p>\n<p>Programe su cita hoy visitando <a href=\"https:\/\/vitalitycenterjax.com\/es\/citas\/\" target=\"_new\" rel=\"noopener\">https:\/\/vitalitycenterjax.com\/appointments\/<\/a>. Perm\u00edtanos ayudarle a mantener una salud \u00f3ptima con atenci\u00f3n quiropr\u00e1ctica regular adaptada a su estilo de vida.<\/p>\n<p>\n<\/div><\/div><\/div><div class=\"rowItem col-md-4 col-ms-12 btTextLeft\"  ><div class=\"rowItemContent\" ><div class=\"btClear btSeparator topExtraSmallSpaced noBorder\" ><hr><\/div><div class=\"bpgPhoto btTextCenter\" ><div class=\"btImage\"><img decoding=\"async\" src=\"https:\/\/vitalitycenterjax.com\/wp-content\/uploads\/2021\/10\/wellness-quiropractic-care.png\" alt=\"\" title=\"\"><\/div><\/div><div class=\"btClear btSeparator topSemiSpaced noBorder\" ><hr><\/div><div class=\"bpgPhoto btTextCenter\" ><div class=\"btImage\"><img decoding=\"async\" src=\"https:\/\/vitalitycenterjax.com\/wp-content\/uploads\/2018\/09\/VitalityCenter2.jpg\" alt=\"\" title=\"\"><\/div><\/div><div class=\"btClear btSeparator topSemiSpaced noBorder\" ><hr><\/div><\/div><\/div><\/div><\/div><\/div><\/div><\/div><\/section><\/p>","protected":false},"excerpt":{"rendered":"","protected":false},"author":1,"featured_media":2749,"parent":1542,"menu_order":0,"comment_status":"closed","ping_status":"closed","template":"","meta":{"nf_dc_page":"","_monsterinsights_skip_tracking":false,"_monsterinsights_sitenote_active":false,"_monsterinsights_sitenote_note":"","_monsterinsights_sitenote_category":0,"_joinchat":[],"footnotes":""},"class_list":["post-1939","page","type-page","status-publish","has-post-thumbnail","hentry"],"yoast_head":"<!-- This site is optimized with the Yoast SEO Premium plugin v24.7 (Yoast SEO v27.4) - https:\/\/yoast.com\/product\/yoast-seo-premium-wordpress\/ -->\n<title>Wellness Chiropractic Care - Vitality Center Jacksonville<\/title>\n<meta name=\"description\" content=\"Discover the long-term benefits of Wellness Chiropractic Care in Jacksonville, Florida. We offer customized care for sustained health.\" \/>\n<meta name=\"robots\" content=\"index, follow, max-snippet:-1, max-image-preview:large, max-video-preview:-1\" \/>\n<link rel=\"canonical\" href=\"http:\/\/vitalitycenterjax.com\/es\/pacientes-nuevos\/atencion-quiropractica-para-el-bienestar-2\/\" \/>\n<meta property=\"og:locale\" content=\"es_ES\" \/>\n<meta property=\"og:type\" content=\"article\" \/>\n<meta property=\"og:title\" content=\"Wellness Chiropractic Care\" \/>\n<meta property=\"og:description\" content=\"Discover the long-term benefits of Wellness Chiropractic Care in Jacksonville, Florida. We offer customized care for sustained health.\" \/>\n<meta property=\"og:url\" content=\"http:\/\/vitalitycenterjax.com\/es\/pacientes-nuevos\/atencion-quiropractica-para-el-bienestar-2\/\" \/>\n<meta property=\"og:site_name\" content=\"Vitality Center Jacksonville\" \/>\n<meta property=\"article:publisher\" content=\"https:\/\/www.facebook.com\/vitalitycenterjax\" \/>\n<meta property=\"article:modified_time\" content=\"2024-04-25T18:17:57+00:00\" \/>\n<meta property=\"og:image\" content=\"http:\/\/vitalitycenterjax.com\/wp-content\/uploads\/2024\/04\/Integrating-Chiropractic-Care-Into-Your-Overall-Healthcare-Routine.jpg\" \/>\n\t<meta property=\"og:image:width\" content=\"1200\" \/>\n\t<meta property=\"og:image:height\" content=\"801\" \/>\n\t<meta property=\"og:image:type\" content=\"image\/jpeg\" \/>\n<meta name=\"twitter:card\" content=\"summary_large_image\" \/>\n<meta name=\"twitter:label1\" content=\"Est. reading time\" \/>\n\t<meta name=\"twitter:data1\" content=\"3 minutos\" \/>\n<script type=\"application\/ld+json\" class=\"yoast-schema-graph\">{\"@context\":\"https:\\\/\\\/schema.org\",\"@graph\":[{\"@type\":\"WebPage\",\"@id\":\"http:\\\/\\\/vitalitycenterjax.com\\\/new-patients\\\/wellness-chiropractic-care\\\/\",\"url\":\"http:\\\/\\\/vitalitycenterjax.com\\\/new-patients\\\/wellness-chiropractic-care\\\/\",\"name\":\"Wellness Chiropractic Care - Vitality Center Jacksonville\",\"isPartOf\":{\"@id\":\"http:\\\/\\\/vitalitycenterjax.com\\\/#website\"},\"primaryImageOfPage\":{\"@id\":\"http:\\\/\\\/vitalitycenterjax.com\\\/new-patients\\\/wellness-chiropractic-care\\\/#primaryimage\"},\"image\":{\"@id\":\"http:\\\/\\\/vitalitycenterjax.com\\\/new-patients\\\/wellness-chiropractic-care\\\/#primaryimage\"},\"thumbnailUrl\":\"https:\\\/\\\/vitalitycenterjax.com\\\/wp-content\\\/uploads\\\/2024\\\/04\\\/Integrating-Chiropractic-Care-Into-Your-Overall-Healthcare-Routine.jpg\",\"datePublished\":\"2021-10-28T01:54:09+00:00\",\"dateModified\":\"2024-04-25T18:17:57+00:00\",\"description\":\"Discover the long-term benefits of Wellness Chiropractic Care in Jacksonville, Florida. We offer customized care for sustained health.\",\"breadcrumb\":{\"@id\":\"http:\\\/\\\/vitalitycenterjax.com\\\/new-patients\\\/wellness-chiropractic-care\\\/#breadcrumb\"},\"inLanguage\":\"es\",\"potentialAction\":[{\"@type\":\"ReadAction\",\"target\":[\"http:\\\/\\\/vitalitycenterjax.com\\\/new-patients\\\/wellness-chiropractic-care\\\/\"]}]},{\"@type\":\"ImageObject\",\"inLanguage\":\"es\",\"@id\":\"http:\\\/\\\/vitalitycenterjax.com\\\/new-patients\\\/wellness-chiropractic-care\\\/#primaryimage\",\"url\":\"https:\\\/\\\/vitalitycenterjax.com\\\/wp-content\\\/uploads\\\/2024\\\/04\\\/Integrating-Chiropractic-Care-Into-Your-Overall-Healthcare-Routine.jpg\",\"contentUrl\":\"https:\\\/\\\/vitalitycenterjax.com\\\/wp-content\\\/uploads\\\/2024\\\/04\\\/Integrating-Chiropractic-Care-Into-Your-Overall-Healthcare-Routine.jpg\",\"width\":1200,\"height\":801,\"caption\":\"Wellness Chiropractic Care Vitality Center Jacksonville\"},{\"@type\":\"BreadcrumbList\",\"@id\":\"http:\\\/\\\/vitalitycenterjax.com\\\/new-patients\\\/wellness-chiropractic-care\\\/#breadcrumb\",\"itemListElement\":[{\"@type\":\"ListItem\",\"position\":1,\"name\":\"Home\",\"item\":\"https:\\\/\\\/vitalitycenterjax.com\\\/\"},{\"@type\":\"ListItem\",\"position\":2,\"name\":\"New Patients\",\"item\":\"https:\\\/\\\/vitalitycenterjax.com\\\/new-patients\\\/\"},{\"@type\":\"ListItem\",\"position\":3,\"name\":\"Wellness Chiropractic Care\"}]},{\"@type\":\"WebSite\",\"@id\":\"http:\\\/\\\/vitalitycenterjax.com\\\/#website\",\"url\":\"http:\\\/\\\/vitalitycenterjax.com\\\/\",\"name\":\"Vitality Center Jacksonville\",\"description\":\"Quality Chiropractic Care and Healthcare Options\",\"publisher\":{\"@id\":\"http:\\\/\\\/vitalitycenterjax.com\\\/#organization\"},\"potentialAction\":[{\"@type\":\"SearchAction\",\"target\":{\"@type\":\"EntryPoint\",\"urlTemplate\":\"http:\\\/\\\/vitalitycenterjax.com\\\/?s={search_term_string}\"},\"query-input\":{\"@type\":\"PropertyValueSpecification\",\"valueRequired\":true,\"valueName\":\"search_term_string\"}}],\"inLanguage\":\"es\"},{\"@type\":[\"Organization\",\"Place\",\"MedicalClinic\"],\"@id\":\"http:\\\/\\\/vitalitycenterjax.com\\\/#organization\",\"name\":\"Vitality Center Jacksonville\",\"url\":\"http:\\\/\\\/vitalitycenterjax.com\\\/\",\"logo\":{\"@id\":\"http:\\\/\\\/vitalitycenterjax.com\\\/new-patients\\\/wellness-chiropractic-care\\\/#local-main-organization-logo\"},\"image\":{\"@id\":\"http:\\\/\\\/vitalitycenterjax.com\\\/new-patients\\\/wellness-chiropractic-care\\\/#local-main-organization-logo\"},\"sameAs\":[\"https:\\\/\\\/www.facebook.com\\\/vitalitycenterjax\",\"https:\\\/\\\/www.instagram.com\\\/vitalitycenterjax\\\/\"],\"address\":{\"@id\":\"http:\\\/\\\/vitalitycenterjax.com\\\/new-patients\\\/wellness-chiropractic-care\\\/#local-main-place-address\"},\"telephone\":[\"(904) 434-3465\"],\"contactPoint\":{\"@type\":\"ContactPoint\",\"telephone\":\"(904) 434-3465\",\"email\":\"frontdesk@vitalitycenterjax.com\"},\"openingHoursSpecification\":[{\"@type\":\"OpeningHoursSpecification\",\"dayOfWeek\":[\"Monday\",\"Thursday\"],\"opens\":\"09:00\",\"closes\":\"18:30\"},{\"@type\":\"OpeningHoursSpecification\",\"dayOfWeek\":[\"Tuesday\",\"Wednesday\"],\"opens\":\"08:30\",\"closes\":\"17:00\"},{\"@type\":\"OpeningHoursSpecification\",\"dayOfWeek\":[\"Friday\",\"Saturday\",\"Sunday\"],\"opens\":\"00:00\",\"closes\":\"00:00\"}],\"email\":\"frontdesk@vitalitycenterjax.com\",\"areaServed\":\"Jacksonville\",\"priceRange\":\"$\",\"currenciesAccepted\":\"USD\"},{\"@type\":\"PostalAddress\",\"@id\":\"http:\\\/\\\/vitalitycenterjax.com\\\/new-patients\\\/wellness-chiropractic-care\\\/#local-main-place-address\",\"streetAddress\":\"3636 University Blvd S Suite B3\",\"addressLocality\":\"Jacksonville\",\"postalCode\":\"32216\",\"addressRegion\":\"FL\",\"addressCountry\":\"US\"},{\"@type\":\"ImageObject\",\"inLanguage\":\"es\",\"@id\":\"http:\\\/\\\/vitalitycenterjax.com\\\/new-patients\\\/wellness-chiropractic-care\\\/#local-main-organization-logo\",\"url\":\"https:\\\/\\\/vitalitycenterjax.com\\\/wp-content\\\/uploads\\\/2018\\\/09\\\/vfc-circle-e1537364957593.png\",\"contentUrl\":\"https:\\\/\\\/vitalitycenterjax.com\\\/wp-content\\\/uploads\\\/2018\\\/09\\\/vfc-circle-e1537364957593.png\",\"width\":855,\"height\":855,\"caption\":\"Vitality Center Jacksonville\"}]}<\/script>\n<meta name=\"geo.placename\" content=\"Jacksonville\" \/>\n<meta name=\"geo.region\" content=\"United States (US)\" \/>\n<!-- \/ Yoast SEO Premium plugin. -->","yoast_head_json":{"title":"Atenci\u00f3n quiropr\u00e1ctica de bienestar - Vitality Center Jacksonville","description":"Descubra los beneficios a largo plazo de la atenci\u00f3n quiropr\u00e1ctica para su bienestar en Jacksonville, Florida. Ofrecemos atenci\u00f3n personalizada para una salud duradera.","robots":{"index":"index","follow":"follow","max-snippet":"max-snippet:-1","max-image-preview":"max-image-preview:large","max-video-preview":"max-video-preview:-1"},"canonical":"http:\/\/vitalitycenterjax.com\/es\/pacientes-nuevos\/atencion-quiropractica-para-el-bienestar-2\/","og_locale":"es_ES","og_type":"article","og_title":"Wellness Chiropractic Care","og_description":"Discover the long-term benefits of Wellness Chiropractic Care in Jacksonville, Florida. We offer customized care for sustained health.","og_url":"http:\/\/vitalitycenterjax.com\/es\/pacientes-nuevos\/atencion-quiropractica-para-el-bienestar-2\/","og_site_name":"Vitality Center Jacksonville","article_publisher":"https:\/\/www.facebook.com\/vitalitycenterjax","article_modified_time":"2024-04-25T18:17:57+00:00","og_image":[{"width":1200,"height":801,"url":"http:\/\/vitalitycenterjax.com\/wp-content\/uploads\/2024\/04\/Integrating-Chiropractic-Care-Into-Your-Overall-Healthcare-Routine.jpg","type":"image\/jpeg"}],"twitter_card":"summary_large_image","twitter_misc":{"Est. reading time":"3 minutos"},"schema":{"@context":"https:\/\/schema.org","@graph":[{"@type":"WebPage","@id":"http:\/\/vitalitycenterjax.com\/new-patients\/wellness-chiropractic-care\/","url":"http:\/\/vitalitycenterjax.com\/new-patients\/wellness-chiropractic-care\/","name":"Atenci\u00f3n quiropr\u00e1ctica de bienestar - Vitality Center Jacksonville","isPartOf":{"@id":"http:\/\/vitalitycenterjax.com\/#website"},"primaryImageOfPage":{"@id":"http:\/\/vitalitycenterjax.com\/new-patients\/wellness-chiropractic-care\/#primaryimage"},"image":{"@id":"http:\/\/vitalitycenterjax.com\/new-patients\/wellness-chiropractic-care\/#primaryimage"},"thumbnailUrl":"https:\/\/vitalitycenterjax.com\/wp-content\/uploads\/2024\/04\/Integrating-Chiropractic-Care-Into-Your-Overall-Healthcare-Routine.jpg","datePublished":"2021-10-28T01:54:09+00:00","dateModified":"2024-04-25T18:17:57+00:00","description":"Descubra los beneficios a largo plazo de la atenci\u00f3n quiropr\u00e1ctica para su bienestar en Jacksonville, Florida. Ofrecemos atenci\u00f3n personalizada para una salud duradera.","breadcrumb":{"@id":"http:\/\/vitalitycenterjax.com\/new-patients\/wellness-chiropractic-care\/#breadcrumb"},"inLanguage":"es","potentialAction":[{"@type":"ReadAction","target":["http:\/\/vitalitycenterjax.com\/new-patients\/wellness-chiropractic-care\/"]}]},{"@type":"ImageObject","inLanguage":"es","@id":"http:\/\/vitalitycenterjax.com\/new-patients\/wellness-chiropractic-care\/#primaryimage","url":"https:\/\/vitalitycenterjax.com\/wp-content\/uploads\/2024\/04\/Integrating-Chiropractic-Care-Into-Your-Overall-Healthcare-Routine.jpg","contentUrl":"https:\/\/vitalitycenterjax.com\/wp-content\/uploads\/2024\/04\/Integrating-Chiropractic-Care-Into-Your-Overall-Healthcare-Routine.jpg","width":1200,"height":801,"caption":"Wellness Chiropractic Care Vitality Center Jacksonville"},{"@type":"BreadcrumbList","@id":"http:\/\/vitalitycenterjax.com\/new-patients\/wellness-chiropractic-care\/#breadcrumb","itemListElement":[{"@type":"ListItem","position":1,"name":"Home","item":"https:\/\/vitalitycenterjax.com\/"},{"@type":"ListItem","position":2,"name":"New Patients","item":"https:\/\/vitalitycenterjax.com\/new-patients\/"},{"@type":"ListItem","position":3,"name":"Wellness Chiropractic Care"}]},{"@type":"WebSite","@id":"http:\/\/vitalitycenterjax.com\/#website","url":"http:\/\/vitalitycenterjax.com\/","name":"Vitality Center Jacksonville - Espa\u00f1ol","description":"Atenci\u00f3n quiropr\u00e1ctica de calidad y opciones de atenci\u00f3n m\u00e9dica","publisher":{"@id":"http:\/\/vitalitycenterjax.com\/#organization"},"potentialAction":[{"@type":"SearchAction","target":{"@type":"EntryPoint","urlTemplate":"http:\/\/vitalitycenterjax.com\/?s={search_term_string}"},"query-input":{"@type":"PropertyValueSpecification","valueRequired":true,"valueName":"search_term_string"}}],"inLanguage":"es"},{"@type":["Organization","Place","MedicalClinic"],"@id":"http:\/\/vitalitycenterjax.com\/#organization","name":"Vitality Center Jacksonville - Espa\u00f1ol","url":"http:\/\/vitalitycenterjax.com\/","logo":{"@id":"http:\/\/vitalitycenterjax.com\/new-patients\/wellness-chiropractic-care\/#local-main-organization-logo"},"image":{"@id":"http:\/\/vitalitycenterjax.com\/new-patients\/wellness-chiropractic-care\/#local-main-organization-logo"},"sameAs":["https:\/\/www.facebook.com\/vitalitycenterjax","https:\/\/www.instagram.com\/vitalitycenterjax\/"],"address":{"@id":"http:\/\/vitalitycenterjax.com\/new-patients\/wellness-chiropractic-care\/#local-main-place-address"},"telephone":["(904) 434-3465"],"contactPoint":{"@type":"ContactPoint","telephone":"(904) 434-3465","email":"frontdesk@vitalitycenterjax.com"},"openingHoursSpecification":[{"@type":"OpeningHoursSpecification","dayOfWeek":["Monday","Thursday"],"opens":"09:00","closes":"18:30"},{"@type":"OpeningHoursSpecification","dayOfWeek":["Tuesday","Wednesday"],"opens":"08:30","closes":"17:00"},{"@type":"OpeningHoursSpecification","dayOfWeek":["Friday","Saturday","Sunday"],"opens":"00:00","closes":"00:00"}],"email":"frontdesk@vitalitycenterjax.com","areaServed":"Jacksonville","priceRange":"$","currenciesAccepted":"USD"},{"@type":"PostalAddress","@id":"http:\/\/vitalitycenterjax.com\/new-patients\/wellness-chiropractic-care\/#local-main-place-address","streetAddress":"3636 University Blvd S Suite B3","addressLocality":"Jacksonville","postalCode":"32216","addressRegion":"FL","addressCountry":"US"},{"@type":"ImageObject","inLanguage":"es","@id":"http:\/\/vitalitycenterjax.com\/new-patients\/wellness-chiropractic-care\/#local-main-organization-logo","url":"https:\/\/vitalitycenterjax.com\/wp-content\/uploads\/2018\/09\/vfc-circle-e1537364957593.png","contentUrl":"https:\/\/vitalitycenterjax.com\/wp-content\/uploads\/2018\/09\/vfc-circle-e1537364957593.png","width":855,"height":855,"caption":"Vitality Center Jacksonville"}]},"geo.placename":"Jacksonville","geo.region":"United States (US)"},"_links":{"self":[{"href":"https:\/\/vitalitycenterjax.com\/es\/wp-json\/wp\/v2\/pages\/1939","targetHints":{"allow":["GET"]}}],"collection":[{"href":"https:\/\/vitalitycenterjax.com\/es\/wp-json\/wp\/v2\/pages"}],"about":[{"href":"https:\/\/vitalitycenterjax.com\/es\/wp-json\/wp\/v2\/types\/page"}],"author":[{"embeddable":true,"href":"https:\/\/vitalitycenterjax.com\/es\/wp-json\/wp\/v2\/users\/1"}],"replies":[{"embeddable":true,"href":"https:\/\/vitalitycenterjax.com\/es\/wp-json\/wp\/v2\/comments?post=1939"}],"version-history":[{"count":5,"href":"https:\/\/vitalitycenterjax.com\/es\/wp-json\/wp\/v2\/pages\/1939\/revisions"}],"predecessor-version":[{"id":2860,"href":"https:\/\/vitalitycenterjax.com\/es\/wp-json\/wp\/v2\/pages\/1939\/revisions\/2860"}],"up":[{"embeddable":true,"href":"https:\/\/vitalitycenterjax.com\/es\/wp-json\/wp\/v2\/pages\/1542"}],"wp:featuredmedia":[{"embeddable":true,"href":"https:\/\/vitalitycenterjax.com\/es\/wp-json\/wp\/v2\/media\/2749"}],"wp:attachment":[{"href":"https:\/\/vitalitycenterjax.com\/es\/wp-json\/wp\/v2\/media?parent=1939"}],"curies":[{"name":"wp","href":"https:\/\/api.w.org\/{rel}","templated":true}]}}