{"id":1873,"date":"2021-02-14T22:45:14","date_gmt":"2021-02-14T22:45:14","guid":{"rendered":"https:\/\/vitalitycenterjax.com\/?page_id=1873"},"modified":"2024-04-25T18:03:37","modified_gmt":"2024-04-25T18:03:37","slug":"terapia-de-descompresion-espinal","status":"publish","type":"page","link":"https:\/\/vitalitycenterjax.com\/es\/services\/spinal-decompression-therapy\/","title":{"rendered":"Terapia de descompresi\u00f3n espinal"},"content":{"rendered":"<p><section id=\"bt_section69ea31b94338e\"  class=\"boldSection btDivider topSemiSpaced bottomSemiSpaced btDarkSkin gutter inherit wBackground cover\" style=\"background-color:#0cb8b6;background-image:url('https:\/\/vitalitycenterjax.com\/wp-content\/uploads\/2015\/12\/bgn-grad.png');\"><div class=\"port\"><div class=\"boldCell\"><div class=\"boldCellInner\"><div class=\"boldRow\" ><div class=\"boldRowInner\"><div class=\"rowItem col-md-12 col-ms-12  btTextLeft\"  ><div class=\"rowItemContent\" ><div class=\"btClear btSeparator topExtraSmallSpaced noBorder\" ><hr><\/div><div class=\"btClear btSeparator topExtraSmallSpaced noBorder\" ><hr><\/div><header class=\"header btClear extralarge  btNormalDash\" ><div class=\"btSuperTitle\">Servicios<\/div><div class=\"dash\"><h1><span class=\"headline\">TERAPIA DE DESCOMPRESI\u00d3N ESPINAL<br \/><br><\/span><\/h1><\/div><\/header><\/div><\/div><\/div><\/div><\/div><\/div><\/div><\/section><section id=\"bt_section69ea31b9434f0\"  class=\"boldSection gutter\" ><div class=\"port\"><div class=\"boldCell\"><div class=\"boldCellInner\"><div class=\"boldRow\" ><div class=\"boldRowInner\"><div class=\"rowItem col-md-8 col-ms-12 btTextLeft\"  ><div class=\"rowItemContent\" ><div class=\"btClear btSeparator topSmallSpaced noBorder\" ><hr><\/div><div class=\"btText\" ><\/p>\n<h2><strong>Alivie su dolor de espalda con la terapia de descompresi\u00f3n espinal en Jacksonville<\/strong><\/h2>\n<p>En Vitality Family Chiropractic and Wellness Center, nos especializamos en la terapia de descompresi\u00f3n espinal, una soluci\u00f3n no quir\u00fargica para aliviar el dolor de espalda que es a la vez eficaz y suave. Esta terapia est\u00e1 dise\u00f1ada para brindar un alivio a las molestias que traen las afecciones de la espalda, permiti\u00e9ndole regresar a un estilo de vida sin dolor.<\/p>\n<h3><strong>Comprender la terapia de descompresi\u00f3n espinal<\/strong><\/h3>\n<p>La terapia de descompresi\u00f3n espinal implica un dispositivo motorizado que utilizamos para <a href=\"https:\/\/www.webmd.com\/fitness-exercise\/features\/how-to-stretch\">estirar<\/a> tu columna vertebral. Al cambiar la fuerza y la posici\u00f3n de la columna, este m\u00e9todo alivia la presi\u00f3n sobre los discos de la columna, los cojines naturales similares a gel entre los huesos de la columna. <a href=\"https:\/\/www.webmd.com\/back-pain\/rm-quiz-spine-quiz\">columna vertebral<\/a>.<\/p>\n<h3><strong>Los efectos curativos de la descompresi\u00f3n<\/strong><\/h3>\n<p>Durante el tratamiento, se crea presi\u00f3n negativa dentro de los discos, lo que puede provocar:<\/p>\n<ul>\n<li><strong>Alivio del dolor:<\/strong> Esta reducci\u00f3n de presi\u00f3n permite que los discos abultados o herniados se retraigan, aliviando la presi\u00f3n sobre los nervios y las estructuras espinales.<\/li>\n<li><strong>Ambiente curativo:<\/strong> Promueve el movimiento de agua, ox\u00edgeno y nutrientes hacia los discos para fomentar su curaci\u00f3n.<\/li>\n<\/ul>\n<h3><strong>\u00bfEs la terapia de descompresi\u00f3n espinal adecuada para usted?<\/strong><\/h3>\n<p>Nuestra terapia puede proporcionar alivio para:<\/p>\n<ul>\n<li><strong>Dolor persistente de espalda o cuello:<\/strong> Alivia el malestar en tu <a href=\"https:\/\/www.webmd.com\/back-pain\/ss\/slideshow-back-pain-myths\">atr\u00e1s<\/a> o <a href=\"https:\/\/www.webmd.com\/pain-management\/guide\/neck-shoulder\">cuello<\/a>, ya sea un dolor sordo o agudo.<\/li>\n<li><strong>S\u00edntomas de ci\u00e1tica:<\/strong> Aborde el dolor, la debilidad o el hormigueo que se extiende por la pierna.<\/li>\n<li><strong>Condiciones del disco:<\/strong> Ayuda con enfermedades de disco abultadas, herniadas o degenerativas.<\/li>\n<li><strong>S\u00edndrome facetario:<\/strong> Mejore el s\u00edndrome facetario posterior, donde las articulaciones de la espalda causan dolor.<\/li>\n<li><strong>Problemas del nervio espinal:<\/strong> Ayuda con ra\u00edces nerviosas espinales lesionadas o enfermas.<\/li>\n<\/ul>\n<h3><strong>Su camino hacia el alivio<\/strong><\/h3>\n<p>Nuestro enfoque de la terapia de descompresi\u00f3n espinal es personalizado. Consideramos su situaci\u00f3n \u00fanica para garantizar que el plan de tratamiento se adapte espec\u00edficamente a sus necesidades para lograr el m\u00e1ximo alivio y curaci\u00f3n.<\/p>\n<h3><strong>Comience su viaje hacia una vida sin dolor<\/strong><\/h3>\n<p>Con nuestra terapia de descompresi\u00f3n espinal de \u00faltima generaci\u00f3n en Jacksonville, el dolor no tiene por qu\u00e9 ser parte de su rutina diaria. Nuestro dedicado equipo en Vitality Family Chiropractic and Wellness Center se compromete a ayudarlo a encontrar la comodidad y la tranquilidad que se merece.<\/p>\n<p>\u00bfListo para dar el siguiente paso hacia una vida sin dolor de espalda? <a href=\"https:\/\/vitalitycenterjax.com\/es\/citas\/\">Alcanzar<\/a> p\u00f3ngase en contacto con nosotros para obtener m\u00e1s informaci\u00f3n o programar una consulta. Su columna vertebral es el pilar de su cuerpo; cuid\u00e9mosla juntos.<\/p>\n<p>\n<\/div><\/div><\/div><div class=\"rowItem col-md-4 col-ms-12 btTextLeft\"  ><div class=\"rowItemContent\" ><div class=\"btClear btSeparator topSmallSpaced noBorder\" ><hr><\/div><div class=\"bpgPhoto btTextCenter\" ><div class=\"btImage\"><img decoding=\"async\" src=\"https:\/\/vitalitycenterjax.com\/wp-content\/uploads\/2021\/02\/Spinal-Decompression-Therapy.png\" alt=\"\" title=\"\"><\/div><\/div><div class=\"btClear btSeparator topSmallSpaced noBorder\" ><hr><\/div><\/div><\/div><\/div><\/div><\/div><\/div><\/div><\/section><\/p>","protected":false},"excerpt":{"rendered":"","protected":false},"author":1,"featured_media":0,"parent":306,"menu_order":0,"comment_status":"closed","ping_status":"closed","template":"","meta":{"nf_dc_page":"","_monsterinsights_skip_tracking":false,"_monsterinsights_sitenote_active":false,"_monsterinsights_sitenote_note":"","_monsterinsights_sitenote_category":0,"_joinchat":[],"footnotes":""},"class_list":["post-1873","page","type-page","status-publish","hentry"],"yoast_head":"<!-- This site is optimized with the Yoast SEO Premium plugin v24.7 (Yoast SEO v27.4) - https:\/\/yoast.com\/product\/yoast-seo-premium-wordpress\/ -->\n<title>Spinal Decompression Therapy - Vitality Center Jacksonville<\/title>\n<meta name=\"description\" content=\"At Vitality Center Jax we specialize in Spinal Decompression Therapy, a solution for back pain relief that\u2019s both effective and gentle.\" \/>\n<meta name=\"robots\" content=\"index, follow, max-snippet:-1, max-image-preview:large, max-video-preview:-1\" \/>\n<link rel=\"canonical\" href=\"https:\/\/vitalitycenterjax.com\/es\/servicios\/terapia-de-descompresion-espinal\/\" \/>\n<meta property=\"og:locale\" content=\"es_ES\" \/>\n<meta property=\"og:type\" content=\"article\" \/>\n<meta property=\"og:title\" content=\"Spinal Decompression Therapy\" \/>\n<meta property=\"og:description\" content=\"At Vitality Center Jax we specialize in Spinal Decompression Therapy, a solution for back pain relief that\u2019s both effective and gentle.\" \/>\n<meta property=\"og:url\" content=\"https:\/\/vitalitycenterjax.com\/es\/servicios\/terapia-de-descompresion-espinal\/\" \/>\n<meta property=\"og:site_name\" content=\"Vitality Center Jacksonville\" \/>\n<meta property=\"article:publisher\" content=\"https:\/\/www.facebook.com\/vitalitycenterjax\" \/>\n<meta property=\"article:modified_time\" content=\"2024-04-25T18:03:37+00:00\" \/>\n<meta property=\"og:image\" content=\"https:\/\/vitalitycenterjax.com\/wp-content\/uploads\/2018\/09\/cropped-vfc-circle-1200x1200-1.png\" \/>\n\t<meta property=\"og:image:width\" content=\"512\" \/>\n\t<meta property=\"og:image:height\" content=\"512\" \/>\n\t<meta property=\"og:image:type\" content=\"image\/png\" \/>\n<meta name=\"twitter:card\" content=\"summary_large_image\" \/>\n<meta name=\"twitter:label1\" content=\"Est. reading time\" \/>\n\t<meta name=\"twitter:data1\" content=\"2 minutos\" \/>\n<script type=\"application\/ld+json\" class=\"yoast-schema-graph\">{\"@context\":\"https:\\\/\\\/schema.org\",\"@graph\":[{\"@type\":\"WebPage\",\"@id\":\"https:\\\/\\\/vitalitycenterjax.com\\\/services\\\/spinal-decompression-therapy\\\/\",\"url\":\"https:\\\/\\\/vitalitycenterjax.com\\\/services\\\/spinal-decompression-therapy\\\/\",\"name\":\"Spinal Decompression Therapy - Vitality Center Jacksonville\",\"isPartOf\":{\"@id\":\"http:\\\/\\\/vitalitycenterjax.com\\\/#website\"},\"datePublished\":\"2021-02-14T22:45:14+00:00\",\"dateModified\":\"2024-04-25T18:03:37+00:00\",\"description\":\"At Vitality Center Jax we specialize in Spinal Decompression Therapy, a solution for back pain relief that\u2019s both effective and gentle.\",\"breadcrumb\":{\"@id\":\"https:\\\/\\\/vitalitycenterjax.com\\\/services\\\/spinal-decompression-therapy\\\/#breadcrumb\"},\"inLanguage\":\"es\",\"potentialAction\":[{\"@type\":\"ReadAction\",\"target\":[\"https:\\\/\\\/vitalitycenterjax.com\\\/services\\\/spinal-decompression-therapy\\\/\"]}]},{\"@type\":\"BreadcrumbList\",\"@id\":\"https:\\\/\\\/vitalitycenterjax.com\\\/services\\\/spinal-decompression-therapy\\\/#breadcrumb\",\"itemListElement\":[{\"@type\":\"ListItem\",\"position\":1,\"name\":\"Home\",\"item\":\"https:\\\/\\\/vitalitycenterjax.com\\\/\"},{\"@type\":\"ListItem\",\"position\":2,\"name\":\"Services\",\"item\":\"https:\\\/\\\/vitalitycenterjax.com\\\/services\\\/\"},{\"@type\":\"ListItem\",\"position\":3,\"name\":\"Spinal Decompression Therapy\"}]},{\"@type\":\"WebSite\",\"@id\":\"http:\\\/\\\/vitalitycenterjax.com\\\/#website\",\"url\":\"http:\\\/\\\/vitalitycenterjax.com\\\/\",\"name\":\"Vitality Center Jacksonville\",\"description\":\"Quality Chiropractic Care and Healthcare Options\",\"publisher\":{\"@id\":\"http:\\\/\\\/vitalitycenterjax.com\\\/#organization\"},\"potentialAction\":[{\"@type\":\"SearchAction\",\"target\":{\"@type\":\"EntryPoint\",\"urlTemplate\":\"http:\\\/\\\/vitalitycenterjax.com\\\/?s={search_term_string}\"},\"query-input\":{\"@type\":\"PropertyValueSpecification\",\"valueRequired\":true,\"valueName\":\"search_term_string\"}}],\"inLanguage\":\"es\"},{\"@type\":[\"Organization\",\"Place\",\"MedicalClinic\"],\"@id\":\"http:\\\/\\\/vitalitycenterjax.com\\\/#organization\",\"name\":\"Vitality Center Jacksonville\",\"url\":\"http:\\\/\\\/vitalitycenterjax.com\\\/\",\"logo\":{\"@id\":\"https:\\\/\\\/vitalitycenterjax.com\\\/services\\\/spinal-decompression-therapy\\\/#local-main-organization-logo\"},\"image\":{\"@id\":\"https:\\\/\\\/vitalitycenterjax.com\\\/services\\\/spinal-decompression-therapy\\\/#local-main-organization-logo\"},\"sameAs\":[\"https:\\\/\\\/www.facebook.com\\\/vitalitycenterjax\",\"https:\\\/\\\/www.instagram.com\\\/vitalitycenterjax\\\/\"],\"address\":{\"@id\":\"https:\\\/\\\/vitalitycenterjax.com\\\/services\\\/spinal-decompression-therapy\\\/#local-main-place-address\"},\"telephone\":[\"(904) 434-3465\"],\"contactPoint\":{\"@type\":\"ContactPoint\",\"telephone\":\"(904) 434-3465\",\"email\":\"frontdesk@vitalitycenterjax.com\"},\"openingHoursSpecification\":[{\"@type\":\"OpeningHoursSpecification\",\"dayOfWeek\":[\"Monday\",\"Thursday\"],\"opens\":\"09:00\",\"closes\":\"18:30\"},{\"@type\":\"OpeningHoursSpecification\",\"dayOfWeek\":[\"Tuesday\",\"Wednesday\"],\"opens\":\"08:30\",\"closes\":\"17:00\"},{\"@type\":\"OpeningHoursSpecification\",\"dayOfWeek\":[\"Friday\",\"Saturday\",\"Sunday\"],\"opens\":\"00:00\",\"closes\":\"00:00\"}],\"email\":\"frontdesk@vitalitycenterjax.com\",\"areaServed\":\"Jacksonville\",\"priceRange\":\"$\",\"currenciesAccepted\":\"USD\"},{\"@type\":\"PostalAddress\",\"@id\":\"https:\\\/\\\/vitalitycenterjax.com\\\/services\\\/spinal-decompression-therapy\\\/#local-main-place-address\",\"streetAddress\":\"3636 University Blvd S Suite B3\",\"addressLocality\":\"Jacksonville\",\"postalCode\":\"32216\",\"addressRegion\":\"FL\",\"addressCountry\":\"US\"},{\"@type\":\"ImageObject\",\"inLanguage\":\"es\",\"@id\":\"https:\\\/\\\/vitalitycenterjax.com\\\/services\\\/spinal-decompression-therapy\\\/#local-main-organization-logo\",\"url\":\"https:\\\/\\\/vitalitycenterjax.com\\\/wp-content\\\/uploads\\\/2018\\\/09\\\/vfc-circle-e1537364957593.png\",\"contentUrl\":\"https:\\\/\\\/vitalitycenterjax.com\\\/wp-content\\\/uploads\\\/2018\\\/09\\\/vfc-circle-e1537364957593.png\",\"width\":855,\"height\":855,\"caption\":\"Vitality Center Jacksonville\"}]}<\/script>\n<meta name=\"geo.placename\" content=\"Jacksonville\" \/>\n<meta name=\"geo.region\" content=\"United States (US)\" \/>\n<!-- \/ Yoast SEO Premium plugin. -->","yoast_head_json":{"title":"Terapia de descompresi\u00f3n espinal - Vitality Center Jacksonville","description":"En Vitality Center Jax nos especializamos en la terapia de descompresi\u00f3n espinal, una soluci\u00f3n para aliviar el dolor de espalda que es a la vez eficaz y suave.","robots":{"index":"index","follow":"follow","max-snippet":"max-snippet:-1","max-image-preview":"max-image-preview:large","max-video-preview":"max-video-preview:-1"},"canonical":"https:\/\/vitalitycenterjax.com\/es\/servicios\/terapia-de-descompresion-espinal\/","og_locale":"es_ES","og_type":"article","og_title":"Spinal Decompression Therapy","og_description":"At Vitality Center Jax we specialize in Spinal Decompression Therapy, a solution for back pain relief that\u2019s both effective and gentle.","og_url":"https:\/\/vitalitycenterjax.com\/es\/servicios\/terapia-de-descompresion-espinal\/","og_site_name":"Vitality Center Jacksonville","article_publisher":"https:\/\/www.facebook.com\/vitalitycenterjax","article_modified_time":"2024-04-25T18:03:37+00:00","og_image":[{"width":512,"height":512,"url":"https:\/\/vitalitycenterjax.com\/wp-content\/uploads\/2018\/09\/cropped-vfc-circle-1200x1200-1.png","type":"image\/png"}],"twitter_card":"summary_large_image","twitter_misc":{"Est. reading time":"2 minutos"},"schema":{"@context":"https:\/\/schema.org","@graph":[{"@type":"WebPage","@id":"https:\/\/vitalitycenterjax.com\/services\/spinal-decompression-therapy\/","url":"https:\/\/vitalitycenterjax.com\/services\/spinal-decompression-therapy\/","name":"Terapia de descompresi\u00f3n espinal - Vitality Center Jacksonville","isPartOf":{"@id":"http:\/\/vitalitycenterjax.com\/#website"},"datePublished":"2021-02-14T22:45:14+00:00","dateModified":"2024-04-25T18:03:37+00:00","description":"En Vitality Center Jax nos especializamos en la terapia de descompresi\u00f3n espinal, una soluci\u00f3n para aliviar el dolor de espalda que es a la vez eficaz y suave.","breadcrumb":{"@id":"https:\/\/vitalitycenterjax.com\/services\/spinal-decompression-therapy\/#breadcrumb"},"inLanguage":"es","potentialAction":[{"@type":"ReadAction","target":["https:\/\/vitalitycenterjax.com\/services\/spinal-decompression-therapy\/"]}]},{"@type":"BreadcrumbList","@id":"https:\/\/vitalitycenterjax.com\/services\/spinal-decompression-therapy\/#breadcrumb","itemListElement":[{"@type":"ListItem","position":1,"name":"Home","item":"https:\/\/vitalitycenterjax.com\/"},{"@type":"ListItem","position":2,"name":"Services","item":"https:\/\/vitalitycenterjax.com\/services\/"},{"@type":"ListItem","position":3,"name":"Spinal Decompression Therapy"}]},{"@type":"WebSite","@id":"http:\/\/vitalitycenterjax.com\/#website","url":"http:\/\/vitalitycenterjax.com\/","name":"Vitality Center Jacksonville - Espa\u00f1ol","description":"Atenci\u00f3n quiropr\u00e1ctica de calidad y opciones de atenci\u00f3n m\u00e9dica","publisher":{"@id":"http:\/\/vitalitycenterjax.com\/#organization"},"potentialAction":[{"@type":"SearchAction","target":{"@type":"EntryPoint","urlTemplate":"http:\/\/vitalitycenterjax.com\/?s={search_term_string}"},"query-input":{"@type":"PropertyValueSpecification","valueRequired":true,"valueName":"search_term_string"}}],"inLanguage":"es"},{"@type":["Organization","Place","MedicalClinic"],"@id":"http:\/\/vitalitycenterjax.com\/#organization","name":"Vitality Center Jacksonville - Espa\u00f1ol","url":"http:\/\/vitalitycenterjax.com\/","logo":{"@id":"https:\/\/vitalitycenterjax.com\/services\/spinal-decompression-therapy\/#local-main-organization-logo"},"image":{"@id":"https:\/\/vitalitycenterjax.com\/services\/spinal-decompression-therapy\/#local-main-organization-logo"},"sameAs":["https:\/\/www.facebook.com\/vitalitycenterjax","https:\/\/www.instagram.com\/vitalitycenterjax\/"],"address":{"@id":"https:\/\/vitalitycenterjax.com\/services\/spinal-decompression-therapy\/#local-main-place-address"},"telephone":["(904) 434-3465"],"contactPoint":{"@type":"ContactPoint","telephone":"(904) 434-3465","email":"frontdesk@vitalitycenterjax.com"},"openingHoursSpecification":[{"@type":"OpeningHoursSpecification","dayOfWeek":["Monday","Thursday"],"opens":"09:00","closes":"18:30"},{"@type":"OpeningHoursSpecification","dayOfWeek":["Tuesday","Wednesday"],"opens":"08:30","closes":"17:00"},{"@type":"OpeningHoursSpecification","dayOfWeek":["Friday","Saturday","Sunday"],"opens":"00:00","closes":"00:00"}],"email":"frontdesk@vitalitycenterjax.com","areaServed":"Jacksonville","priceRange":"$","currenciesAccepted":"USD"},{"@type":"PostalAddress","@id":"https:\/\/vitalitycenterjax.com\/services\/spinal-decompression-therapy\/#local-main-place-address","streetAddress":"3636 University Blvd S Suite B3","addressLocality":"Jacksonville","postalCode":"32216","addressRegion":"FL","addressCountry":"US"},{"@type":"ImageObject","inLanguage":"es","@id":"https:\/\/vitalitycenterjax.com\/services\/spinal-decompression-therapy\/#local-main-organization-logo","url":"https:\/\/vitalitycenterjax.com\/wp-content\/uploads\/2018\/09\/vfc-circle-e1537364957593.png","contentUrl":"https:\/\/vitalitycenterjax.com\/wp-content\/uploads\/2018\/09\/vfc-circle-e1537364957593.png","width":855,"height":855,"caption":"Vitality Center Jacksonville"}]},"geo.placename":"Jacksonville","geo.region":"United States (US)"},"_links":{"self":[{"href":"https:\/\/vitalitycenterjax.com\/es\/wp-json\/wp\/v2\/pages\/1873","targetHints":{"allow":["GET"]}}],"collection":[{"href":"https:\/\/vitalitycenterjax.com\/es\/wp-json\/wp\/v2\/pages"}],"about":[{"href":"https:\/\/vitalitycenterjax.com\/es\/wp-json\/wp\/v2\/types\/page"}],"author":[{"embeddable":true,"href":"https:\/\/vitalitycenterjax.com\/es\/wp-json\/wp\/v2\/users\/1"}],"replies":[{"embeddable":true,"href":"https:\/\/vitalitycenterjax.com\/es\/wp-json\/wp\/v2\/comments?post=1873"}],"version-history":[{"count":2,"href":"https:\/\/vitalitycenterjax.com\/es\/wp-json\/wp\/v2\/pages\/1873\/revisions"}],"predecessor-version":[{"id":2853,"href":"https:\/\/vitalitycenterjax.com\/es\/wp-json\/wp\/v2\/pages\/1873\/revisions\/2853"}],"up":[{"embeddable":true,"href":"https:\/\/vitalitycenterjax.com\/es\/wp-json\/wp\/v2\/pages\/306"}],"wp:attachment":[{"href":"https:\/\/vitalitycenterjax.com\/es\/wp-json\/wp\/v2\/media?parent=1873"}],"curies":[{"name":"wp","href":"https:\/\/api.w.org\/{rel}","templated":true}]}}