{"id":1849,"date":"2021-01-21T23:22:52","date_gmt":"2021-01-21T23:22:52","guid":{"rendered":"https:\/\/vitalitycenterjax.com\/?page_id=1849"},"modified":"2024-04-25T17:43:07","modified_gmt":"2024-04-25T17:43:07","slug":"informacion-de-terapia-de-masaje","status":"publish","type":"page","link":"https:\/\/vitalitycenterjax.com\/es\/services\/massage-therapy-info\/","title":{"rendered":"Terapia de Masajes"},"content":{"rendered":"<p><section id=\"bt_section69ea31b13ec3d\"  class=\"boldSection btDivider topSemiSpaced bottomSemiSpaced btDarkSkin gutter inherit wBackground cover\" style=\"background-color:#0cb8b6;background-image:url('https:\/\/vitalitycenterjax.com\/wp-content\/uploads\/2015\/12\/bgn-grad.png');\"><div class=\"port\"><div class=\"boldCell\"><div class=\"boldCellInner\"><div class=\"boldRow\" ><div class=\"boldRowInner\"><div class=\"rowItem col-md-12 col-ms-12  btTextLeft\"  ><div class=\"rowItemContent\" ><div class=\"btClear btSeparator topExtraSmallSpaced noBorder\" ><hr><\/div><div class=\"btClear btSeparator topExtraSmallSpaced noBorder\" ><hr><\/div><header class=\"header btClear extralarge  btNormalDash\" ><div class=\"btSuperTitle\">Servicios<\/div><div class=\"dash\"><h1><span class=\"headline\">TERAPIA DE MASAJES<\/span><\/h1><\/div><\/header><\/div><\/div><\/div><\/div><\/div><\/div><\/div><\/section><section id=\"bt_section69ea31b13ee03\"  class=\"boldSection gutter\" ><div class=\"port\"><div class=\"boldCell\"><div class=\"boldCellInner\"><div class=\"boldRow\" ><div class=\"boldRowInner\"><div class=\"rowItem col-md-8 col-ms-12 btTextLeft\"  ><div class=\"rowItemContent\" ><div class=\"btClear btSeparator topSmallSpaced bottomSmallSpaced noBorder\" ><hr><\/div><div class=\"btText\" ><\/p>\n<h2><strong>Mejore el bienestar con una terapia de masaje relajante en Jacksonville<\/strong><\/h2>\n<p>Vitality Family Chiropractic and Wellness Center es su sereno escape para terapia de masajes en Jacksonville. Nuestros masajes hacen m\u00e1s que simplemente relajar el cuerpo; son una parte vital del cuidado personal, ya que ayudan a reducir el estr\u00e9s, aliviar el dolor y disminuir la tensi\u00f3n muscular.<\/p>\n<h3><strong>\u00bfQu\u00e9 hace que la terapia de masaje sea tan beneficiosa?<\/strong><\/h3>\n<p>La terapia de masaje es m\u00e1s que una simple forma de relajarse. Involucra las capas profundas de los m\u00fasculos y los tejidos conectivos que los rodean, ofreciendo alivio y promoviendo la curaci\u00f3n de varias maneras:<\/p>\n<ul>\n<li><strong>Alivia la tensi\u00f3n:<\/strong> Dirigirse a puntos espec\u00edficos que generan estr\u00e9s puede aliviar el dolor y restaurar la funcionalidad.<\/li>\n<li><strong>Reduce el estr\u00e9s:<\/strong> Un cuerpo relajado significa una mente relajada. La terapia de masaje puede disminuir el estr\u00e9s, contribuyendo a un mejor bienestar mental y emocional.<\/li>\n<li><strong>Mejora la recuperaci\u00f3n muscular:<\/strong> Los m\u00fasculos relajados permiten un rango de movimiento m\u00e1s amplio, lo que lo convierte en un complemento perfecto para el cuidado quiropr\u00e1ctico para obtener mejores resultados.<\/li>\n<\/ul>\n<h3><strong>Nuestros servicios de masaje terap\u00e9utico: adaptados a sus necesidades<\/strong><\/h3>\n<p>Ofrecemos una variedad de t\u00e9cnicas de masaje para satisfacer mejor sus necesidades:<\/p>\n<ul>\n<li><strong>Masaje de puntos gatillo:<\/strong> Centr\u00e1ndose en \u00e1reas tensas dentro del tejido muscular que causan molestias en otras partes del cuerpo.<\/li>\n<li><strong>Masaje de tejido profundo:<\/strong> Aplicar presi\u00f3n concentrada para resolver nudos y aliviar la tensi\u00f3n muscular cr\u00f3nica.<\/li>\n<li><strong>Masaje sueco:<\/strong> Una t\u00e9cnica cl\u00e1sica que combina movimientos suaves y largos con masaje muscular para una m\u00e1xima relajaci\u00f3n.<\/li>\n<\/ul>\n<h3><strong>La diferencia del centro de vitalidad<\/strong><\/h3>\n<p>Despu\u00e9s de una sesi\u00f3n con nosotros, notar\u00e1s que tus m\u00fasculos se sienten m\u00e1s relajados, lo que no s\u00f3lo mejora la efectividad de los tratamientos quiropr\u00e1cticos sino que tambi\u00e9n prolonga el alivio del dolor. Cuando se combina con atenci\u00f3n quiropr\u00e1ctica, la terapia de masaje puede acelerar la curaci\u00f3n de los tejidos blandos y la alineaci\u00f3n de las articulaciones, fomentando una recuperaci\u00f3n m\u00e1s r\u00e1pida y previniendo la recurrencia del dolor.<\/p>\n<h3><strong>Adopte un cuidado regular para un alivio duradero<\/strong><\/h3>\n<p>Terapia de masaje regular, junto con <a href=\"https:\/\/vitalitycenterjax.com\/es\/servicios\/atencion-quiropractica\/\">ajustes quiropr\u00e1cticos<\/a>, es una excelente estrategia para mantener una vida sin dolor. Nuestro enfoque consiste en armonizar las estructuras y funciones del cuerpo, garantizando comodidad y movilidad duraderas.<\/p>\n<h3><strong>Reserve su masaje hoy<\/strong><\/h3>\n<p>Ya sea que busque aliviar el malestar o simplemente busque un momento de tranquilidad, nuestras puertas est\u00e1n abiertas. Visita <a href=\"https:\/\/vitalitycenterjax.com\/es\/\">Centro de bienestar y quiropr\u00e1ctica familiar Vitality<\/a> en Jacksonville para descubrir el poder restaurador de la terapia de masaje.<\/p>\n<p>Para programar su masaje o conocer m\u00e1s sobre nuestros servicios terap\u00e9uticos, <a href=\"https:\/\/vitalitycenterjax.com\/es\/citas\/\">Comun\u00edquese con nosotros hoy<\/a>. Su viaje hacia la relajaci\u00f3n y el rejuvenecimiento est\u00e1 a solo un masaje de distancia.<\/p>\n<p>\n<\/div><div class=\"btClear btSeparator topSmallSpaced noBorder\" ><hr><\/div><\/div><\/div><div class=\"rowItem col-md-4 col-ms-12 btTextLeft\"  ><div class=\"rowItemContent\" ><div class=\"btClear btSeparator topSmallSpaced noBorder\" ><hr><\/div><div class=\"bpgPhoto btTextCenter\" ><div class=\"btImage\"><img decoding=\"async\" src=\"https:\/\/vitalitycenterjax.com\/wp-content\/uploads\/2021\/01\/Massage-Therapy-.jpg\" alt=\"\" title=\"\"><\/div><\/div><div class=\"btClear btSeparator topSmallSpaced noBorder\" ><hr><\/div><div class=\"bpgPhoto btTextCenter\" ><div class=\"btImage\"><img decoding=\"async\" src=\"https:\/\/vitalitycenterjax.com\/wp-content\/uploads\/2021\/01\/Massage-Therapy-2-e1611271194237.jpg\" alt=\"\" title=\"\"><\/div><\/div><\/div><\/div><\/div><\/div><div class=\"boldRow\" ><div class=\"boldRowInner\"><div class=\"rowItem col-md-12 col-ms-12  btTextLeft\"  ><div class=\"rowItemContent\" ><div class=\"bpgPhoto btTextCenter\" ><div class=\"btImage\"><img decoding=\"async\" src=\"https:\/\/vitalitycenterjax.com\/wp-content\/uploads\/2021\/01\/Massage-Therapy-1-e1611271568455.jpg\" alt=\"\" title=\"\"><\/div><\/div><div class=\"btClear btSeparator topSmallSpaced noBorder\" ><hr><\/div><\/div><\/div><\/div><\/div><div class=\"boldRow\" ><div class=\"boldRowInner\"><div class=\"rowItem col-md-12 col-ms-12  btTextLeft\"  ><div class=\"rowItemContent\" ><\/div><\/div><\/div><\/div><\/div><\/div><\/div><\/section><\/p>","protected":false},"excerpt":{"rendered":"","protected":false},"author":1,"featured_media":0,"parent":306,"menu_order":0,"comment_status":"closed","ping_status":"closed","template":"","meta":{"nf_dc_page":"","_monsterinsights_skip_tracking":false,"_monsterinsights_sitenote_active":false,"_monsterinsights_sitenote_note":"","_monsterinsights_sitenote_category":0,"_joinchat":[],"footnotes":""},"class_list":["post-1849","page","type-page","status-publish","hentry"],"yoast_head":"<!-- This site is optimized with the Yoast SEO Premium plugin v24.7 (Yoast SEO v27.4) - https:\/\/yoast.com\/product\/yoast-seo-premium-wordpress\/ -->\n<title>Massage Therapy - Vitality Center Jacksonville<\/title>\n<meta name=\"description\" content=\"Our massages do more than just relax the body; they are a vital part of personal care, aiding in stress reduction, easing pain, and lessening muscle tension.\" \/>\n<meta name=\"robots\" content=\"index, follow, max-snippet:-1, max-image-preview:large, max-video-preview:-1\" \/>\n<link rel=\"canonical\" href=\"https:\/\/vitalitycenterjax.com\/es\/servicios\/informacion-de-terapia-de-masaje\/\" \/>\n<meta property=\"og:locale\" content=\"es_ES\" \/>\n<meta property=\"og:type\" content=\"article\" \/>\n<meta property=\"og:title\" content=\"Massage Therapy\" \/>\n<meta property=\"og:description\" content=\"Our massages do more than just relax the body; they are a vital part of personal care, aiding in stress reduction, easing pain, and lessening muscle tension.\" \/>\n<meta property=\"og:url\" content=\"https:\/\/vitalitycenterjax.com\/es\/servicios\/informacion-de-terapia-de-masaje\/\" \/>\n<meta property=\"og:site_name\" content=\"Vitality Center Jacksonville\" \/>\n<meta property=\"article:publisher\" content=\"https:\/\/www.facebook.com\/vitalitycenterjax\" \/>\n<meta property=\"article:modified_time\" content=\"2024-04-25T17:43:07+00:00\" \/>\n<meta property=\"og:image\" content=\"https:\/\/vitalitycenterjax.com\/wp-content\/uploads\/2018\/09\/cropped-vfc-circle-1200x1200-1.png\" \/>\n\t<meta property=\"og:image:width\" content=\"512\" \/>\n\t<meta property=\"og:image:height\" content=\"512\" \/>\n\t<meta property=\"og:image:type\" content=\"image\/png\" \/>\n<meta name=\"twitter:card\" content=\"summary_large_image\" \/>\n<meta name=\"twitter:label1\" content=\"Est. reading time\" \/>\n\t<meta name=\"twitter:data1\" content=\"3 minutos\" \/>\n<script type=\"application\/ld+json\" class=\"yoast-schema-graph\">{\"@context\":\"https:\\\/\\\/schema.org\",\"@graph\":[{\"@type\":\"WebPage\",\"@id\":\"https:\\\/\\\/vitalitycenterjax.com\\\/services\\\/massage-therapy-info\\\/\",\"url\":\"https:\\\/\\\/vitalitycenterjax.com\\\/services\\\/massage-therapy-info\\\/\",\"name\":\"Massage Therapy - Vitality Center Jacksonville\",\"isPartOf\":{\"@id\":\"http:\\\/\\\/vitalitycenterjax.com\\\/#website\"},\"datePublished\":\"2021-01-21T23:22:52+00:00\",\"dateModified\":\"2024-04-25T17:43:07+00:00\",\"description\":\"Our massages do more than just relax the body; they are a vital part of personal care, aiding in stress reduction, easing pain, and lessening muscle tension.\",\"breadcrumb\":{\"@id\":\"https:\\\/\\\/vitalitycenterjax.com\\\/services\\\/massage-therapy-info\\\/#breadcrumb\"},\"inLanguage\":\"es\",\"potentialAction\":[{\"@type\":\"ReadAction\",\"target\":[\"https:\\\/\\\/vitalitycenterjax.com\\\/services\\\/massage-therapy-info\\\/\"]}]},{\"@type\":\"BreadcrumbList\",\"@id\":\"https:\\\/\\\/vitalitycenterjax.com\\\/services\\\/massage-therapy-info\\\/#breadcrumb\",\"itemListElement\":[{\"@type\":\"ListItem\",\"position\":1,\"name\":\"Home\",\"item\":\"https:\\\/\\\/vitalitycenterjax.com\\\/\"},{\"@type\":\"ListItem\",\"position\":2,\"name\":\"Services\",\"item\":\"https:\\\/\\\/vitalitycenterjax.com\\\/services\\\/\"},{\"@type\":\"ListItem\",\"position\":3,\"name\":\"Massage Therapy\"}]},{\"@type\":\"WebSite\",\"@id\":\"http:\\\/\\\/vitalitycenterjax.com\\\/#website\",\"url\":\"http:\\\/\\\/vitalitycenterjax.com\\\/\",\"name\":\"Vitality Center Jacksonville\",\"description\":\"Quality Chiropractic Care and Healthcare Options\",\"publisher\":{\"@id\":\"http:\\\/\\\/vitalitycenterjax.com\\\/#organization\"},\"potentialAction\":[{\"@type\":\"SearchAction\",\"target\":{\"@type\":\"EntryPoint\",\"urlTemplate\":\"http:\\\/\\\/vitalitycenterjax.com\\\/?s={search_term_string}\"},\"query-input\":{\"@type\":\"PropertyValueSpecification\",\"valueRequired\":true,\"valueName\":\"search_term_string\"}}],\"inLanguage\":\"es\"},{\"@type\":[\"Organization\",\"Place\",\"MedicalClinic\"],\"@id\":\"http:\\\/\\\/vitalitycenterjax.com\\\/#organization\",\"name\":\"Vitality Center Jacksonville\",\"url\":\"http:\\\/\\\/vitalitycenterjax.com\\\/\",\"logo\":{\"@id\":\"https:\\\/\\\/vitalitycenterjax.com\\\/services\\\/massage-therapy-info\\\/#local-main-organization-logo\"},\"image\":{\"@id\":\"https:\\\/\\\/vitalitycenterjax.com\\\/services\\\/massage-therapy-info\\\/#local-main-organization-logo\"},\"sameAs\":[\"https:\\\/\\\/www.facebook.com\\\/vitalitycenterjax\",\"https:\\\/\\\/www.instagram.com\\\/vitalitycenterjax\\\/\"],\"address\":{\"@id\":\"https:\\\/\\\/vitalitycenterjax.com\\\/services\\\/massage-therapy-info\\\/#local-main-place-address\"},\"telephone\":[\"(904) 434-3465\"],\"contactPoint\":{\"@type\":\"ContactPoint\",\"telephone\":\"(904) 434-3465\",\"email\":\"frontdesk@vitalitycenterjax.com\"},\"openingHoursSpecification\":[{\"@type\":\"OpeningHoursSpecification\",\"dayOfWeek\":[\"Monday\",\"Thursday\"],\"opens\":\"09:00\",\"closes\":\"18:30\"},{\"@type\":\"OpeningHoursSpecification\",\"dayOfWeek\":[\"Tuesday\",\"Wednesday\"],\"opens\":\"08:30\",\"closes\":\"17:00\"},{\"@type\":\"OpeningHoursSpecification\",\"dayOfWeek\":[\"Friday\",\"Saturday\",\"Sunday\"],\"opens\":\"00:00\",\"closes\":\"00:00\"}],\"email\":\"frontdesk@vitalitycenterjax.com\",\"areaServed\":\"Jacksonville\",\"priceRange\":\"$\",\"currenciesAccepted\":\"USD\"},{\"@type\":\"PostalAddress\",\"@id\":\"https:\\\/\\\/vitalitycenterjax.com\\\/services\\\/massage-therapy-info\\\/#local-main-place-address\",\"streetAddress\":\"3636 University Blvd S Suite B3\",\"addressLocality\":\"Jacksonville\",\"postalCode\":\"32216\",\"addressRegion\":\"FL\",\"addressCountry\":\"US\"},{\"@type\":\"ImageObject\",\"inLanguage\":\"es\",\"@id\":\"https:\\\/\\\/vitalitycenterjax.com\\\/services\\\/massage-therapy-info\\\/#local-main-organization-logo\",\"url\":\"https:\\\/\\\/vitalitycenterjax.com\\\/wp-content\\\/uploads\\\/2018\\\/09\\\/vfc-circle-e1537364957593.png\",\"contentUrl\":\"https:\\\/\\\/vitalitycenterjax.com\\\/wp-content\\\/uploads\\\/2018\\\/09\\\/vfc-circle-e1537364957593.png\",\"width\":855,\"height\":855,\"caption\":\"Vitality Center Jacksonville\"}]}<\/script>\n<meta name=\"geo.placename\" content=\"Jacksonville\" \/>\n<meta name=\"geo.region\" content=\"United States (US)\" \/>\n<!-- \/ Yoast SEO Premium plugin. -->","yoast_head_json":{"title":"Terapia de masaje - Vitality Center Jacksonville","description":"Nuestros masajes hacen m\u00e1s que simplemente relajar el cuerpo; son una parte vital del cuidado personal, ya que ayudan a reducir el estr\u00e9s, aliviar el dolor y disminuir la tensi\u00f3n muscular.","robots":{"index":"index","follow":"follow","max-snippet":"max-snippet:-1","max-image-preview":"max-image-preview:large","max-video-preview":"max-video-preview:-1"},"canonical":"https:\/\/vitalitycenterjax.com\/es\/servicios\/informacion-de-terapia-de-masaje\/","og_locale":"es_ES","og_type":"article","og_title":"Massage Therapy","og_description":"Our massages do more than just relax the body; they are a vital part of personal care, aiding in stress reduction, easing pain, and lessening muscle tension.","og_url":"https:\/\/vitalitycenterjax.com\/es\/servicios\/informacion-de-terapia-de-masaje\/","og_site_name":"Vitality Center Jacksonville","article_publisher":"https:\/\/www.facebook.com\/vitalitycenterjax","article_modified_time":"2024-04-25T17:43:07+00:00","og_image":[{"width":512,"height":512,"url":"https:\/\/vitalitycenterjax.com\/wp-content\/uploads\/2018\/09\/cropped-vfc-circle-1200x1200-1.png","type":"image\/png"}],"twitter_card":"summary_large_image","twitter_misc":{"Est. reading time":"3 minutos"},"schema":{"@context":"https:\/\/schema.org","@graph":[{"@type":"WebPage","@id":"https:\/\/vitalitycenterjax.com\/services\/massage-therapy-info\/","url":"https:\/\/vitalitycenterjax.com\/services\/massage-therapy-info\/","name":"Terapia de masaje - Vitality Center Jacksonville","isPartOf":{"@id":"http:\/\/vitalitycenterjax.com\/#website"},"datePublished":"2021-01-21T23:22:52+00:00","dateModified":"2024-04-25T17:43:07+00:00","description":"Nuestros masajes hacen m\u00e1s que simplemente relajar el cuerpo; son una parte vital del cuidado personal, ya que ayudan a reducir el estr\u00e9s, aliviar el dolor y disminuir la tensi\u00f3n muscular.","breadcrumb":{"@id":"https:\/\/vitalitycenterjax.com\/services\/massage-therapy-info\/#breadcrumb"},"inLanguage":"es","potentialAction":[{"@type":"ReadAction","target":["https:\/\/vitalitycenterjax.com\/services\/massage-therapy-info\/"]}]},{"@type":"BreadcrumbList","@id":"https:\/\/vitalitycenterjax.com\/services\/massage-therapy-info\/#breadcrumb","itemListElement":[{"@type":"ListItem","position":1,"name":"Home","item":"https:\/\/vitalitycenterjax.com\/"},{"@type":"ListItem","position":2,"name":"Services","item":"https:\/\/vitalitycenterjax.com\/services\/"},{"@type":"ListItem","position":3,"name":"Massage Therapy"}]},{"@type":"WebSite","@id":"http:\/\/vitalitycenterjax.com\/#website","url":"http:\/\/vitalitycenterjax.com\/","name":"Vitality Center Jacksonville - Espa\u00f1ol","description":"Atenci\u00f3n quiropr\u00e1ctica de calidad y opciones de atenci\u00f3n m\u00e9dica","publisher":{"@id":"http:\/\/vitalitycenterjax.com\/#organization"},"potentialAction":[{"@type":"SearchAction","target":{"@type":"EntryPoint","urlTemplate":"http:\/\/vitalitycenterjax.com\/?s={search_term_string}"},"query-input":{"@type":"PropertyValueSpecification","valueRequired":true,"valueName":"search_term_string"}}],"inLanguage":"es"},{"@type":["Organization","Place","MedicalClinic"],"@id":"http:\/\/vitalitycenterjax.com\/#organization","name":"Vitality Center Jacksonville - Espa\u00f1ol","url":"http:\/\/vitalitycenterjax.com\/","logo":{"@id":"https:\/\/vitalitycenterjax.com\/services\/massage-therapy-info\/#local-main-organization-logo"},"image":{"@id":"https:\/\/vitalitycenterjax.com\/services\/massage-therapy-info\/#local-main-organization-logo"},"sameAs":["https:\/\/www.facebook.com\/vitalitycenterjax","https:\/\/www.instagram.com\/vitalitycenterjax\/"],"address":{"@id":"https:\/\/vitalitycenterjax.com\/services\/massage-therapy-info\/#local-main-place-address"},"telephone":["(904) 434-3465"],"contactPoint":{"@type":"ContactPoint","telephone":"(904) 434-3465","email":"frontdesk@vitalitycenterjax.com"},"openingHoursSpecification":[{"@type":"OpeningHoursSpecification","dayOfWeek":["Monday","Thursday"],"opens":"09:00","closes":"18:30"},{"@type":"OpeningHoursSpecification","dayOfWeek":["Tuesday","Wednesday"],"opens":"08:30","closes":"17:00"},{"@type":"OpeningHoursSpecification","dayOfWeek":["Friday","Saturday","Sunday"],"opens":"00:00","closes":"00:00"}],"email":"frontdesk@vitalitycenterjax.com","areaServed":"Jacksonville","priceRange":"$","currenciesAccepted":"USD"},{"@type":"PostalAddress","@id":"https:\/\/vitalitycenterjax.com\/services\/massage-therapy-info\/#local-main-place-address","streetAddress":"3636 University Blvd S Suite B3","addressLocality":"Jacksonville","postalCode":"32216","addressRegion":"FL","addressCountry":"US"},{"@type":"ImageObject","inLanguage":"es","@id":"https:\/\/vitalitycenterjax.com\/services\/massage-therapy-info\/#local-main-organization-logo","url":"https:\/\/vitalitycenterjax.com\/wp-content\/uploads\/2018\/09\/vfc-circle-e1537364957593.png","contentUrl":"https:\/\/vitalitycenterjax.com\/wp-content\/uploads\/2018\/09\/vfc-circle-e1537364957593.png","width":855,"height":855,"caption":"Vitality Center Jacksonville"}]},"geo.placename":"Jacksonville","geo.region":"United States (US)"},"_links":{"self":[{"href":"https:\/\/vitalitycenterjax.com\/es\/wp-json\/wp\/v2\/pages\/1849","targetHints":{"allow":["GET"]}}],"collection":[{"href":"https:\/\/vitalitycenterjax.com\/es\/wp-json\/wp\/v2\/pages"}],"about":[{"href":"https:\/\/vitalitycenterjax.com\/es\/wp-json\/wp\/v2\/types\/page"}],"author":[{"embeddable":true,"href":"https:\/\/vitalitycenterjax.com\/es\/wp-json\/wp\/v2\/users\/1"}],"replies":[{"embeddable":true,"href":"https:\/\/vitalitycenterjax.com\/es\/wp-json\/wp\/v2\/comments?post=1849"}],"version-history":[{"count":7,"href":"https:\/\/vitalitycenterjax.com\/es\/wp-json\/wp\/v2\/pages\/1849\/revisions"}],"predecessor-version":[{"id":2851,"href":"https:\/\/vitalitycenterjax.com\/es\/wp-json\/wp\/v2\/pages\/1849\/revisions\/2851"}],"up":[{"embeddable":true,"href":"https:\/\/vitalitycenterjax.com\/es\/wp-json\/wp\/v2\/pages\/306"}],"wp:attachment":[{"href":"https:\/\/vitalitycenterjax.com\/es\/wp-json\/wp\/v2\/media?parent=1849"}],"curies":[{"name":"wp","href":"https:\/\/api.w.org\/{rel}","templated":true}]}}