{"id":1763,"date":"2021-01-09T02:41:03","date_gmt":"2021-01-09T02:41:03","guid":{"rendered":"https:\/\/vitalitycenterjax.com\/?page_id=1763"},"modified":"2024-04-25T22:17:21","modified_gmt":"2024-04-25T22:17:21","slug":"documentos","status":"publish","type":"page","link":"https:\/\/vitalitycenterjax.com\/es\/documents\/","title":{"rendered":"Documentos"},"content":{"rendered":"","protected":true},"excerpt":{"rendered":"","protected":true},"author":1,"featured_media":0,"parent":0,"menu_order":0,"comment_status":"closed","ping_status":"closed","template":"","meta":{"nf_dc_page":"","_monsterinsights_skip_tracking":false,"_monsterinsights_sitenote_active":false,"_monsterinsights_sitenote_note":"","_monsterinsights_sitenote_category":0,"_joinchat":[],"footnotes":""},"class_list":["post-1763","page","type-page","status-publish","post-password-required","hentry"],"yoast_head":"<!-- This site is optimized with the Yoast SEO Premium plugin v24.7 (Yoast SEO v27.4) - https:\/\/yoast.com\/product\/yoast-seo-premium-wordpress\/ -->\n<title>Documents - Vitality Center Jacksonville<\/title>\n<meta name=\"description\" content=\"Document for Patient of Vitality Center Jacksonville office.\" \/>\n<meta name=\"robots\" content=\"index, follow, max-snippet:-1, max-image-preview:large, max-video-preview:-1\" \/>\n<link rel=\"canonical\" href=\"https:\/\/vitalitycenterjax.com\/es\/documentos\/\" \/>\n<meta property=\"og:locale\" content=\"es_ES\" \/>\n<meta property=\"og:type\" content=\"article\" \/>\n<meta property=\"og:title\" content=\"Documents\" \/>\n<meta property=\"og:description\" content=\"Document for Patient of Vitality Center Jacksonville office.\" \/>\n<meta property=\"og:url\" content=\"https:\/\/vitalitycenterjax.com\/es\/documentos\/\" \/>\n<meta property=\"og:site_name\" content=\"Vitality Center Jacksonville\" \/>\n<meta property=\"article:publisher\" content=\"https:\/\/www.facebook.com\/vitalitycenterjax\" \/>\n<meta property=\"article:modified_time\" content=\"2024-04-25T22:17:21+00:00\" \/>\n<meta name=\"twitter:card\" content=\"summary_large_image\" \/>\n<meta name=\"twitter:label1\" content=\"Est. reading time\" \/>\n\t<meta name=\"twitter:data1\" content=\"1 minuto\" \/>\n<script type=\"application\/ld+json\" class=\"yoast-schema-graph\">{\"@context\":\"https:\\\/\\\/schema.org\",\"@graph\":[{\"@type\":\"WebPage\",\"@id\":\"https:\\\/\\\/vitalitycenterjax.com\\\/documents\\\/\",\"url\":\"https:\\\/\\\/vitalitycenterjax.com\\\/documents\\\/\",\"name\":\"Documents - Vitality Center Jacksonville\",\"isPartOf\":{\"@id\":\"http:\\\/\\\/vitalitycenterjax.com\\\/#website\"},\"datePublished\":\"2021-01-09T02:41:03+00:00\",\"dateModified\":\"2024-04-25T22:17:21+00:00\",\"breadcrumb\":{\"@id\":\"https:\\\/\\\/vitalitycenterjax.com\\\/documents\\\/#breadcrumb\"},\"inLanguage\":\"es\"},{\"@type\":\"WebSite\",\"@id\":\"http:\\\/\\\/vitalitycenterjax.com\\\/#website\",\"url\":\"http:\\\/\\\/vitalitycenterjax.com\\\/\",\"name\":\"Vitality Center Jacksonville\",\"description\":\"Quality Chiropractic Care and Healthcare Options\",\"publisher\":{\"@id\":\"http:\\\/\\\/vitalitycenterjax.com\\\/#organization\"},\"potentialAction\":[{\"@type\":\"SearchAction\",\"target\":{\"@type\":\"EntryPoint\",\"urlTemplate\":\"http:\\\/\\\/vitalitycenterjax.com\\\/?s={search_term_string}\"},\"query-input\":{\"@type\":\"PropertyValueSpecification\",\"valueRequired\":true,\"valueName\":\"search_term_string\"}}],\"inLanguage\":\"es\"},{\"@type\":[\"Organization\",\"Place\",\"MedicalClinic\"],\"@id\":\"http:\\\/\\\/vitalitycenterjax.com\\\/#organization\",\"name\":\"Vitality Center Jacksonville\",\"url\":\"http:\\\/\\\/vitalitycenterjax.com\\\/\",\"logo\":{\"@id\":\"https:\\\/\\\/vitalitycenterjax.com\\\/documents\\\/#local-main-organization-logo\"},\"image\":{\"@id\":\"https:\\\/\\\/vitalitycenterjax.com\\\/documents\\\/#local-main-organization-logo\"},\"sameAs\":[\"https:\\\/\\\/www.facebook.com\\\/vitalitycenterjax\",\"https:\\\/\\\/www.instagram.com\\\/vitalitycenterjax\\\/\"],\"address\":{\"@id\":\"https:\\\/\\\/vitalitycenterjax.com\\\/documents\\\/#local-main-place-address\"},\"telephone\":[\"(904) 434-3465\"],\"contactPoint\":{\"@type\":\"ContactPoint\",\"telephone\":\"(904) 434-3465\",\"email\":\"frontdesk@vitalitycenterjax.com\"},\"openingHoursSpecification\":[{\"@type\":\"OpeningHoursSpecification\",\"dayOfWeek\":[\"Monday\",\"Thursday\"],\"opens\":\"09:00\",\"closes\":\"18:30\"},{\"@type\":\"OpeningHoursSpecification\",\"dayOfWeek\":[\"Tuesday\",\"Wednesday\"],\"opens\":\"08:30\",\"closes\":\"17:00\"},{\"@type\":\"OpeningHoursSpecification\",\"dayOfWeek\":[\"Friday\",\"Saturday\",\"Sunday\"],\"opens\":\"00:00\",\"closes\":\"00:00\"}],\"email\":\"frontdesk@vitalitycenterjax.com\",\"areaServed\":\"Jacksonville\",\"priceRange\":\"$\",\"currenciesAccepted\":\"USD\"},{\"@type\":\"PostalAddress\",\"@id\":\"https:\\\/\\\/vitalitycenterjax.com\\\/documents\\\/#local-main-place-address\",\"streetAddress\":\"3636 University Blvd S Suite B3\",\"addressLocality\":\"Jacksonville\",\"postalCode\":\"32216\",\"addressRegion\":\"FL\",\"addressCountry\":\"US\"},{\"@type\":\"ImageObject\",\"inLanguage\":\"es\",\"@id\":\"https:\\\/\\\/vitalitycenterjax.com\\\/documents\\\/#local-main-organization-logo\",\"url\":\"https:\\\/\\\/vitalitycenterjax.com\\\/wp-content\\\/uploads\\\/2018\\\/09\\\/vfc-circle-e1537364957593.png\",\"contentUrl\":\"https:\\\/\\\/vitalitycenterjax.com\\\/wp-content\\\/uploads\\\/2018\\\/09\\\/vfc-circle-e1537364957593.png\",\"width\":855,\"height\":855,\"caption\":\"Vitality Center Jacksonville\"}]}<\/script>\n<meta name=\"geo.placename\" content=\"Jacksonville\" \/>\n<meta name=\"geo.region\" content=\"United States (US)\" \/>\n<!-- \/ Yoast SEO Premium plugin. -->","yoast_head_json":{"title":"Documentos - Vitality Center Jacksonville","description":"Documento para el paciente de la oficina de Vitality Center Jacksonville.","robots":{"index":"index","follow":"follow","max-snippet":"max-snippet:-1","max-image-preview":"max-image-preview:large","max-video-preview":"max-video-preview:-1"},"canonical":"https:\/\/vitalitycenterjax.com\/es\/documentos\/","og_locale":"es_ES","og_type":"article","og_title":"Documents","og_description":"Document for Patient of Vitality Center Jacksonville office.","og_url":"https:\/\/vitalitycenterjax.com\/es\/documentos\/","og_site_name":"Vitality Center Jacksonville","article_publisher":"https:\/\/www.facebook.com\/vitalitycenterjax","article_modified_time":"2024-04-25T22:17:21+00:00","twitter_card":"summary_large_image","twitter_misc":{"Est. reading time":"1 minuto"},"schema":{"@context":"https:\/\/schema.org","@graph":[{"@type":"WebPage","@id":"https:\/\/vitalitycenterjax.com\/documents\/","url":"https:\/\/vitalitycenterjax.com\/documents\/","name":"Documentos - Vitality Center Jacksonville","isPartOf":{"@id":"http:\/\/vitalitycenterjax.com\/#website"},"datePublished":"2021-01-09T02:41:03+00:00","dateModified":"2024-04-25T22:17:21+00:00","breadcrumb":{"@id":"https:\/\/vitalitycenterjax.com\/documents\/#breadcrumb"},"inLanguage":"es"},{"@type":"WebSite","@id":"http:\/\/vitalitycenterjax.com\/#website","url":"http:\/\/vitalitycenterjax.com\/","name":"Vitality Center Jacksonville - Espa\u00f1ol","description":"Atenci\u00f3n quiropr\u00e1ctica de calidad y opciones de atenci\u00f3n m\u00e9dica","publisher":{"@id":"http:\/\/vitalitycenterjax.com\/#organization"},"potentialAction":[{"@type":"SearchAction","target":{"@type":"EntryPoint","urlTemplate":"http:\/\/vitalitycenterjax.com\/?s={search_term_string}"},"query-input":{"@type":"PropertyValueSpecification","valueRequired":true,"valueName":"search_term_string"}}],"inLanguage":"es"},{"@type":["Organization","Place","MedicalClinic"],"@id":"http:\/\/vitalitycenterjax.com\/#organization","name":"Vitality Center Jacksonville - Espa\u00f1ol","url":"http:\/\/vitalitycenterjax.com\/","logo":{"@id":"https:\/\/vitalitycenterjax.com\/documents\/#local-main-organization-logo"},"image":{"@id":"https:\/\/vitalitycenterjax.com\/documents\/#local-main-organization-logo"},"sameAs":["https:\/\/www.facebook.com\/vitalitycenterjax","https:\/\/www.instagram.com\/vitalitycenterjax\/"],"address":{"@id":"https:\/\/vitalitycenterjax.com\/documents\/#local-main-place-address"},"telephone":["(904) 434-3465"],"contactPoint":{"@type":"ContactPoint","telephone":"(904) 434-3465","email":"frontdesk@vitalitycenterjax.com"},"openingHoursSpecification":[{"@type":"OpeningHoursSpecification","dayOfWeek":["Monday","Thursday"],"opens":"09:00","closes":"18:30"},{"@type":"OpeningHoursSpecification","dayOfWeek":["Tuesday","Wednesday"],"opens":"08:30","closes":"17:00"},{"@type":"OpeningHoursSpecification","dayOfWeek":["Friday","Saturday","Sunday"],"opens":"00:00","closes":"00:00"}],"email":"frontdesk@vitalitycenterjax.com","areaServed":"Jacksonville","priceRange":"$","currenciesAccepted":"USD"},{"@type":"PostalAddress","@id":"https:\/\/vitalitycenterjax.com\/documents\/#local-main-place-address","streetAddress":"3636 University Blvd S Suite B3","addressLocality":"Jacksonville","postalCode":"32216","addressRegion":"FL","addressCountry":"US"},{"@type":"ImageObject","inLanguage":"es","@id":"https:\/\/vitalitycenterjax.com\/documents\/#local-main-organization-logo","url":"https:\/\/vitalitycenterjax.com\/wp-content\/uploads\/2018\/09\/vfc-circle-e1537364957593.png","contentUrl":"https:\/\/vitalitycenterjax.com\/wp-content\/uploads\/2018\/09\/vfc-circle-e1537364957593.png","width":855,"height":855,"caption":"Vitality Center Jacksonville"}]},"geo.placename":"Jacksonville","geo.region":"United States (US)"},"_links":{"self":[{"href":"https:\/\/vitalitycenterjax.com\/es\/wp-json\/wp\/v2\/pages\/1763","targetHints":{"allow":["GET"]}}],"collection":[{"href":"https:\/\/vitalitycenterjax.com\/es\/wp-json\/wp\/v2\/pages"}],"about":[{"href":"https:\/\/vitalitycenterjax.com\/es\/wp-json\/wp\/v2\/types\/page"}],"author":[{"embeddable":true,"href":"https:\/\/vitalitycenterjax.com\/es\/wp-json\/wp\/v2\/users\/1"}],"replies":[{"embeddable":true,"href":"https:\/\/vitalitycenterjax.com\/es\/wp-json\/wp\/v2\/comments?post=1763"}],"version-history":[{"count":10,"href":"https:\/\/vitalitycenterjax.com\/es\/wp-json\/wp\/v2\/pages\/1763\/revisions"}],"predecessor-version":[{"id":1781,"href":"https:\/\/vitalitycenterjax.com\/es\/wp-json\/wp\/v2\/pages\/1763\/revisions\/1781"}],"wp:attachment":[{"href":"https:\/\/vitalitycenterjax.com\/es\/wp-json\/wp\/v2\/media?parent=1763"}],"curies":[{"name":"wp","href":"https:\/\/api.w.org\/{rel}","templated":true}]}}