{"id":1615,"date":"2018-10-05T01:00:17","date_gmt":"2018-10-05T01:00:17","guid":{"rendered":"http:\/\/vitalitycenterjax.com\/?page_id=1615"},"modified":"2024-04-25T18:17:02","modified_gmt":"2024-04-25T18:17:02","slug":"pediatria","status":"publish","type":"page","link":"https:\/\/vitalitycenterjax.com\/es\/new-patients\/pediatrics\/","title":{"rendered":"Pediatr\u00eda"},"content":{"rendered":"<p><section id=\"bt_section69ea1ed926e89\"  class=\"boldSection topSemiSpaced bottomSemiSpaced btDarkSkin gutter inherit wBackground cover\" style=\"background-color:#0cb8b6;background-image:url('https:\/\/vitalitycenterjax.com\/wp-content\/uploads\/2015\/12\/bgn-grad.png');\"><div class=\"port\"><div class=\"boldCell\"><div class=\"boldCellInner\"><div class=\"boldRow\" ><div class=\"boldRowInner\"><div class=\"rowItem col-md-12 col-ms-12  btTextLeft\"  ><div class=\"rowItemContent\" ><div class=\"btClear btSeparator topExtraSmallSpaced noBorder\" ><hr><\/div><div class=\"btClear btSeparator topExtraSmallSpaced noBorder\" ><hr><\/div><header class=\"header btClear extralarge  btNormalDash\" ><div class=\"btSuperTitle\">Pacientes Nuevos<\/div><div class=\"dash\"><h1><span class=\"headline\">Pediatr\u00eda<\/span><\/h1><\/div><\/header><\/div><\/div><\/div><\/div><\/div><\/div><\/div><\/section><section id=\"bt_section69ea1ed926fec\"  class=\"boldSection gutter\" ><div class=\"port\"><div class=\"boldCell\"><div class=\"boldCellInner\"><div class=\"boldRow\" ><div class=\"boldRowInner\"><div class=\"rowItem col-md-8 col-ms-12 btTextLeft\"  ><div class=\"rowItemContent\" ><div class=\"btClear btSeparator topSemiSpaced noBorder\" ><hr><\/div><div class=\"btText\" ><\/p>\n<p>La atenci\u00f3n quiropr\u00e1ctica no es s\u00f3lo para adultos: los reci\u00e9n nacidos, los beb\u00e9s y los ni\u00f1os tambi\u00e9n pueden beneficiarse enormemente de la atenci\u00f3n quiropr\u00e1ctica pedi\u00e1trica especializada. En nuestra cl\u00ednica en Jacksonville, Florida, reconocemos el importante papel que la atenci\u00f3n quiropr\u00e1ctica puede desempe\u00f1ar en la salud y el desarrollo general de un ni\u00f1o, especialmente en los primeros meses y a\u00f1os cr\u00edticos de vida.<\/p>\n<h2><strong>Comprender la atenci\u00f3n quiropr\u00e1ctica pedi\u00e1trica<\/strong><\/h2>\n<p>El sistema nervioso, que controla y coordina todo el cuerpo, experimenta un desarrollo crucial en los primeros seis meses de vida. Brindar atenci\u00f3n quiropr\u00e1ctica durante este per\u00edodo puede ser fundamental para la salud de su hijo, ya que ayuda a garantizar que su desarrollo neurol\u00f3gico reciba un apoyo \u00f3ptimo. Este enfoque proactivo puede ser particularmente beneficioso para prevenir y controlar enfermedades infantiles cr\u00f3nicas, reduciendo la necesidad de tratamientos m\u00e1s invasivos.<\/p>\n<h3><strong>\u00bfPor qu\u00e9 considerar la atenci\u00f3n quiropr\u00e1ctica pedi\u00e1trica?<\/strong><\/h3>\n<p>La atenci\u00f3n quiropr\u00e1ctica para ni\u00f1os est\u00e1 ganando popularidad a medida que los padres buscan soluciones de salud m\u00e1s seguras y naturales para sus familias. Estas son algunas de las razones para considerar este tipo de atenci\u00f3n para su hijo:<\/p>\n<ul>\n<li><strong>Desarrollo \u00f3ptimo:<\/strong> Los ajustes quiropr\u00e1cticos apoyan la funci\u00f3n saludable del sistema nervioso, que es esencial para el crecimiento y desarrollo de su hijo.<\/li>\n<li><strong>Prevenci\u00f3n de enfermedades:<\/strong> La atenci\u00f3n quiropr\u00e1ctica regular puede fortalecer la inmunidad y la salud general de un ni\u00f1o, ayudando a prevenir dolencias infantiles comunes.<\/li>\n<li><strong>Opciones de tratamiento natural:<\/strong> La atenci\u00f3n quiropr\u00e1ctica ofrece una alternativa no invasiva para tratar numerosas afecciones como c\u00f3licos, infecciones de o\u00eddo, asma y m\u00e1s.<\/li>\n<\/ul>\n<h3><strong>Condiciones comunes tratadas con quiropr\u00e1ctica pedi\u00e1trica<\/strong><\/h3>\n<p>Ni\u00f1os de todo el mundo han experimentado los beneficios de los ajustes quiropr\u00e1cticos suaves para una variedad de condiciones:<\/p>\n<ul>\n<li><strong>Infecciones de o\u00eddo y c\u00f3licos:<\/strong> Estos problemas comunes a menudo se pueden aliviar mediante ajustes que mejoren la funci\u00f3n corporal y reduzcan las molestias.<\/li>\n<li><strong>Asma y reflujo \u00e1cido:<\/strong> La atenci\u00f3n quiropr\u00e1ctica ayuda a controlar estas afecciones al mejorar la funci\u00f3n nerviosa y la alineaci\u00f3n general del cuerpo.<\/li>\n<li><strong>TDAH y retrasos en el desarrollo:<\/strong> La atenci\u00f3n quiropr\u00e1ctica regular puede mejorar la concentraci\u00f3n y el progreso del desarrollo al reducir el estr\u00e9s del sistema nervioso.<\/li>\n<li><strong>Migra\u00f1as y tort\u00edcolis:<\/strong> Se puede lograr un control y alivio eficaz del dolor y el malestar mediante t\u00e9cnicas quiropr\u00e1cticas espec\u00edficas.<\/li>\n<\/ul>\n<h3><strong>Quiropr\u00e1ctica pedi\u00e1trica en Jacksonville, Florida<\/strong><\/h3>\n<p>En nuestra cl\u00ednica, la salud y el bienestar de su hijo son nuestras principales prioridades. Ofrecemos atenci\u00f3n quiropr\u00e1ctica pedi\u00e1trica que es suave, segura y personalizada para satisfacer las necesidades \u00fanicas de cada ni\u00f1o. Nuestro enfoque no s\u00f3lo ayuda a tratar las condiciones existentes sino tambi\u00e9n a prevenir problemas de salud futuros.<\/p>\n<h3><strong>Programe la consulta de su hijo hoy<\/strong><\/h3>\n<p>Si se encuentra en Jacksonville, Florida, y busca atenci\u00f3n quiropr\u00e1ctica pedi\u00e1trica, elija un proveedor que comprenda las necesidades \u00fanicas de los ni\u00f1os. Vis\u00edtenos en Vitality Family Chiropractic para descubrir c\u00f3mo la atenci\u00f3n quiropr\u00e1ctica puede beneficiar la salud de su hijo ahora y en el futuro. Programe una cita hoy visitando <a href=\"https:\/\/vitalitycenterjax.com\/es\/citas\/\" target=\"_new\" rel=\"noopener\">https:\/\/vitalitycenterjax.com\/appointments\/<\/a> y brinde a su hijo el regalo de una salud \u00f3ptima con atenci\u00f3n quiropr\u00e1ctica pedi\u00e1trica.<\/p>\n<p>\n<\/div><\/div><\/div><div class=\"rowItem col-md-4 col-ms-12 btTextLeft\"  ><div class=\"rowItemContent\" ><div class=\"btClear btSeparator topExtraSmallSpaced noBorder\" ><hr><\/div><div class=\"bpgPhoto btTextCenter\" ><div class=\"btImage\"><img decoding=\"async\" src=\"https:\/\/vitalitycenterjax.com\/wp-content\/uploads\/2018\/10\/20180808_171939.jpg\" alt=\"\" title=\"\"><\/div><\/div><div class=\"btClear btSeparator topSemiSpaced noBorder\" ><hr><\/div><\/div><\/div><\/div><\/div><div class=\"boldRow\" ><div class=\"boldRowInner\"><div class=\"rowItem col-md-12 col-ms-12  btTextLeft\"  ><div class=\"rowItemContent\" ><div class=\"btClear btSeparator topSmallSpaced noBorder\" ><hr><\/div><div class=\"bt_bb_masonry_image_grid bt_bb_grid_container bt_bb_columns_3 bt_bb_gap_small bt_bb_no_lightbox\" data-columns=\"3\"><div class=\"bt_bb_masonry_post_image_content\" data-columns=\"3\"><div class=\"bt_bb_grid_sizer\"><\/div><div class=\"bt_bb_grid_item bt_bb_tile_format11\" data-hw=\"0.6675\" data-src=\"https:\/\/vitalitycenterjax.com\/wp-content\/uploads\/2018\/09\/Vitality-Center-Slide-4-1200x801.jpg\" data-src-full=\"https:\/\/vitalitycenterjax.com\/wp-content\/uploads\/2018\/09\/Vitality-Center-Slide-4.jpg\" data-title=\"Vitality Center Slide 4\"><div class=\"bt_bb_grid_item_inner\" data-hw=\"0.6675\" ><div class=\"bt_bb_grid_item_inner_image\"><\/div><div class=\"bt_bb_grid_item_inner_content\"><\/div><\/div><\/div><div class=\"bt_bb_grid_item bt_bb_tile_format11\" data-hw=\"0.6675\" data-src=\"https:\/\/vitalitycenterjax.com\/wp-content\/uploads\/2018\/09\/VitalityCenter5-1200x801.jpg\" data-src-full=\"https:\/\/vitalitycenterjax.com\/wp-content\/uploads\/2018\/09\/VitalityCenter5.jpg\" data-title=\"Vitality Center Jax Pediatric Chiropractic Care\"><div class=\"bt_bb_grid_item_inner\" data-hw=\"0.6675\" ><div class=\"bt_bb_grid_item_inner_image\"><\/div><div class=\"bt_bb_grid_item_inner_content\"><\/div><\/div><\/div><div class=\"bt_bb_grid_item bt_bb_tile_format11\" data-hw=\"1.0255885363357\" data-src=\"https:\/\/vitalitycenterjax.com\/wp-content\/uploads\/2021\/01\/Pediatric-Care-1.jpg\" data-src-full=\"https:\/\/vitalitycenterjax.com\/wp-content\/uploads\/2021\/01\/Pediatric-Care-1.jpg\" data-title=\"Pediatric Care 1\"><div class=\"bt_bb_grid_item_inner\" data-hw=\"1.0255885363357\" ><div class=\"bt_bb_grid_item_inner_image\"><\/div><div class=\"bt_bb_grid_item_inner_content\"><\/div><\/div><\/div><div class=\"bt_bb_grid_item bt_bb_tile_format11\" data-hw=\"0.70112589559877\" data-src=\"https:\/\/vitalitycenterjax.com\/wp-content\/uploads\/2021\/01\/Pediatric-Care-2.jpg\" data-src-full=\"https:\/\/vitalitycenterjax.com\/wp-content\/uploads\/2021\/01\/Pediatric-Care-2.jpg\" data-title=\"Pediatric Care 2\"><div class=\"bt_bb_grid_item_inner\" data-hw=\"0.70112589559877\" ><div class=\"bt_bb_grid_item_inner_image\"><\/div><div class=\"bt_bb_grid_item_inner_content\"><\/div><\/div><\/div><div class=\"bt_bb_grid_item bt_bb_tile_format11\" data-hw=\"0.91402251791198\" data-src=\"https:\/\/vitalitycenterjax.com\/wp-content\/uploads\/2021\/01\/Pediatric-Care-3.jpg\" data-src-full=\"https:\/\/vitalitycenterjax.com\/wp-content\/uploads\/2021\/01\/Pediatric-Care-3.jpg\" data-title=\"Pediatric Care 3\"><div class=\"bt_bb_grid_item_inner\" data-hw=\"0.91402251791198\" ><div class=\"bt_bb_grid_item_inner_image\"><\/div><div class=\"bt_bb_grid_item_inner_content\"><\/div><\/div><\/div><\/div><\/div><div class=\"btClear btSeparator topSemiSpaced noBorder\" ><hr><\/div><\/div><\/div><\/div><\/div><\/div><\/div><\/div><\/section><\/p>","protected":false},"excerpt":{"rendered":"","protected":false},"author":1,"featured_media":1375,"parent":1542,"menu_order":0,"comment_status":"closed","ping_status":"closed","template":"","meta":{"nf_dc_page":"","_monsterinsights_skip_tracking":false,"_monsterinsights_sitenote_active":false,"_monsterinsights_sitenote_note":"","_monsterinsights_sitenote_category":0,"_joinchat":[],"footnotes":""},"class_list":["post-1615","page","type-page","status-publish","has-post-thumbnail","hentry"],"yoast_head":"<!-- This site is optimized with the Yoast SEO Premium plugin v24.7 (Yoast SEO v27.4) - https:\/\/yoast.com\/product\/yoast-seo-premium-wordpress\/ -->\n<title>Pediatrics - Vitality Center Jacksonville<\/title>\n<meta name=\"description\" content=\"Explore the benefits of pediatric chiropractic care in Jacksonville, Florida.Get gentle, effective treatments for children&#039;s health issues.\" \/>\n<meta name=\"robots\" content=\"index, follow, max-snippet:-1, max-image-preview:large, max-video-preview:-1\" \/>\n<link rel=\"canonical\" href=\"https:\/\/vitalitycenterjax.com\/es\/pacientes-nuevos\/pediatria\/\" \/>\n<meta property=\"og:locale\" content=\"es_ES\" \/>\n<meta property=\"og:type\" content=\"article\" \/>\n<meta property=\"og:title\" content=\"Pediatrics\" \/>\n<meta property=\"og:description\" content=\"Explore the benefits of pediatric chiropractic care in Jacksonville, Florida.Get gentle, effective treatments for children&#039;s health issues.\" \/>\n<meta property=\"og:url\" content=\"https:\/\/vitalitycenterjax.com\/es\/pacientes-nuevos\/pediatria\/\" \/>\n<meta property=\"og:site_name\" content=\"Vitality Center Jacksonville\" \/>\n<meta property=\"article:publisher\" content=\"https:\/\/www.facebook.com\/vitalitycenterjax\" \/>\n<meta property=\"article:modified_time\" content=\"2024-04-25T18:17:02+00:00\" \/>\n<meta property=\"og:image\" content=\"https:\/\/vitalitycenterjax.com\/wp-content\/uploads\/2018\/09\/VitalityCenter5.jpg\" \/>\n\t<meta property=\"og:image:width\" content=\"1500\" \/>\n\t<meta property=\"og:image:height\" content=\"1001\" \/>\n\t<meta property=\"og:image:type\" content=\"image\/jpeg\" \/>\n<meta name=\"twitter:card\" content=\"summary_large_image\" \/>\n<meta name=\"twitter:label1\" content=\"Est. reading time\" \/>\n\t<meta name=\"twitter:data1\" content=\"3 minutos\" \/>\n<script type=\"application\/ld+json\" class=\"yoast-schema-graph\">{\"@context\":\"https:\\\/\\\/schema.org\",\"@graph\":[{\"@type\":\"WebPage\",\"@id\":\"https:\\\/\\\/vitalitycenterjax.com\\\/new-patients\\\/pediatrics\\\/\",\"url\":\"https:\\\/\\\/vitalitycenterjax.com\\\/new-patients\\\/pediatrics\\\/\",\"name\":\"Pediatrics - Vitality Center Jacksonville\",\"isPartOf\":{\"@id\":\"http:\\\/\\\/vitalitycenterjax.com\\\/#website\"},\"primaryImageOfPage\":{\"@id\":\"https:\\\/\\\/vitalitycenterjax.com\\\/new-patients\\\/pediatrics\\\/#primaryimage\"},\"image\":{\"@id\":\"https:\\\/\\\/vitalitycenterjax.com\\\/new-patients\\\/pediatrics\\\/#primaryimage\"},\"thumbnailUrl\":\"https:\\\/\\\/vitalitycenterjax.com\\\/wp-content\\\/uploads\\\/2018\\\/09\\\/VitalityCenter5.jpg\",\"datePublished\":\"2018-10-05T01:00:17+00:00\",\"dateModified\":\"2024-04-25T18:17:02+00:00\",\"description\":\"Explore the benefits of pediatric chiropractic care in Jacksonville, Florida.Get gentle, effective treatments for children's health issues.\",\"breadcrumb\":{\"@id\":\"https:\\\/\\\/vitalitycenterjax.com\\\/new-patients\\\/pediatrics\\\/#breadcrumb\"},\"inLanguage\":\"es\",\"potentialAction\":[{\"@type\":\"ReadAction\",\"target\":[\"https:\\\/\\\/vitalitycenterjax.com\\\/new-patients\\\/pediatrics\\\/\"]}]},{\"@type\":\"ImageObject\",\"inLanguage\":\"es\",\"@id\":\"https:\\\/\\\/vitalitycenterjax.com\\\/new-patients\\\/pediatrics\\\/#primaryimage\",\"url\":\"https:\\\/\\\/vitalitycenterjax.com\\\/wp-content\\\/uploads\\\/2018\\\/09\\\/VitalityCenter5.jpg\",\"contentUrl\":\"https:\\\/\\\/vitalitycenterjax.com\\\/wp-content\\\/uploads\\\/2018\\\/09\\\/VitalityCenter5.jpg\",\"width\":1500,\"height\":1001,\"caption\":\"Vitality Center Jax Pediatric Chiropractic Care\"},{\"@type\":\"BreadcrumbList\",\"@id\":\"https:\\\/\\\/vitalitycenterjax.com\\\/new-patients\\\/pediatrics\\\/#breadcrumb\",\"itemListElement\":[{\"@type\":\"ListItem\",\"position\":1,\"name\":\"Home\",\"item\":\"https:\\\/\\\/vitalitycenterjax.com\\\/\"},{\"@type\":\"ListItem\",\"position\":2,\"name\":\"New Patients\",\"item\":\"https:\\\/\\\/vitalitycenterjax.com\\\/new-patients\\\/\"},{\"@type\":\"ListItem\",\"position\":3,\"name\":\"Pediatrics\"}]},{\"@type\":\"WebSite\",\"@id\":\"http:\\\/\\\/vitalitycenterjax.com\\\/#website\",\"url\":\"http:\\\/\\\/vitalitycenterjax.com\\\/\",\"name\":\"Vitality Center Jacksonville\",\"description\":\"Quality Chiropractic Care and Healthcare Options\",\"publisher\":{\"@id\":\"http:\\\/\\\/vitalitycenterjax.com\\\/#organization\"},\"potentialAction\":[{\"@type\":\"SearchAction\",\"target\":{\"@type\":\"EntryPoint\",\"urlTemplate\":\"http:\\\/\\\/vitalitycenterjax.com\\\/?s={search_term_string}\"},\"query-input\":{\"@type\":\"PropertyValueSpecification\",\"valueRequired\":true,\"valueName\":\"search_term_string\"}}],\"inLanguage\":\"es\"},{\"@type\":[\"Organization\",\"Place\",\"MedicalClinic\"],\"@id\":\"http:\\\/\\\/vitalitycenterjax.com\\\/#organization\",\"name\":\"Vitality Center Jacksonville\",\"url\":\"http:\\\/\\\/vitalitycenterjax.com\\\/\",\"logo\":{\"@id\":\"https:\\\/\\\/vitalitycenterjax.com\\\/new-patients\\\/pediatrics\\\/#local-main-organization-logo\"},\"image\":{\"@id\":\"https:\\\/\\\/vitalitycenterjax.com\\\/new-patients\\\/pediatrics\\\/#local-main-organization-logo\"},\"sameAs\":[\"https:\\\/\\\/www.facebook.com\\\/vitalitycenterjax\",\"https:\\\/\\\/www.instagram.com\\\/vitalitycenterjax\\\/\"],\"address\":{\"@id\":\"https:\\\/\\\/vitalitycenterjax.com\\\/new-patients\\\/pediatrics\\\/#local-main-place-address\"},\"telephone\":[\"(904) 434-3465\"],\"contactPoint\":{\"@type\":\"ContactPoint\",\"telephone\":\"(904) 434-3465\",\"email\":\"frontdesk@vitalitycenterjax.com\"},\"openingHoursSpecification\":[{\"@type\":\"OpeningHoursSpecification\",\"dayOfWeek\":[\"Monday\",\"Thursday\"],\"opens\":\"09:00\",\"closes\":\"18:30\"},{\"@type\":\"OpeningHoursSpecification\",\"dayOfWeek\":[\"Tuesday\",\"Wednesday\"],\"opens\":\"08:30\",\"closes\":\"17:00\"},{\"@type\":\"OpeningHoursSpecification\",\"dayOfWeek\":[\"Friday\",\"Saturday\",\"Sunday\"],\"opens\":\"00:00\",\"closes\":\"00:00\"}],\"email\":\"frontdesk@vitalitycenterjax.com\",\"areaServed\":\"Jacksonville\",\"priceRange\":\"$\",\"currenciesAccepted\":\"USD\"},{\"@type\":\"PostalAddress\",\"@id\":\"https:\\\/\\\/vitalitycenterjax.com\\\/new-patients\\\/pediatrics\\\/#local-main-place-address\",\"streetAddress\":\"3636 University Blvd S Suite B3\",\"addressLocality\":\"Jacksonville\",\"postalCode\":\"32216\",\"addressRegion\":\"FL\",\"addressCountry\":\"US\"},{\"@type\":\"ImageObject\",\"inLanguage\":\"es\",\"@id\":\"https:\\\/\\\/vitalitycenterjax.com\\\/new-patients\\\/pediatrics\\\/#local-main-organization-logo\",\"url\":\"https:\\\/\\\/vitalitycenterjax.com\\\/wp-content\\\/uploads\\\/2018\\\/09\\\/vfc-circle-e1537364957593.png\",\"contentUrl\":\"https:\\\/\\\/vitalitycenterjax.com\\\/wp-content\\\/uploads\\\/2018\\\/09\\\/vfc-circle-e1537364957593.png\",\"width\":855,\"height\":855,\"caption\":\"Vitality Center Jacksonville\"}]}<\/script>\n<meta name=\"geo.placename\" content=\"Jacksonville\" \/>\n<meta name=\"geo.region\" content=\"United States (US)\" \/>\n<!-- \/ Yoast SEO Premium plugin. -->","yoast_head_json":{"title":"Pediatr\u00eda - Vitality Center Jacksonville","description":"Explora los beneficios del cuidado quiropr\u00e1ctico pedi\u00e1trico en Jacksonville, Florida. Obt\u00e9n tratamientos sutiles y efectivos para los problemas de salud de los ni\u00f1os.","robots":{"index":"index","follow":"follow","max-snippet":"max-snippet:-1","max-image-preview":"max-image-preview:large","max-video-preview":"max-video-preview:-1"},"canonical":"https:\/\/vitalitycenterjax.com\/es\/pacientes-nuevos\/pediatria\/","og_locale":"es_ES","og_type":"article","og_title":"Pediatrics","og_description":"Explore the benefits of pediatric chiropractic care in Jacksonville, Florida.Get gentle, effective treatments for children's health issues.","og_url":"https:\/\/vitalitycenterjax.com\/es\/pacientes-nuevos\/pediatria\/","og_site_name":"Vitality Center Jacksonville","article_publisher":"https:\/\/www.facebook.com\/vitalitycenterjax","article_modified_time":"2024-04-25T18:17:02+00:00","og_image":[{"width":1500,"height":1001,"url":"https:\/\/vitalitycenterjax.com\/wp-content\/uploads\/2018\/09\/VitalityCenter5.jpg","type":"image\/jpeg"}],"twitter_card":"summary_large_image","twitter_misc":{"Est. reading time":"3 minutos"},"schema":{"@context":"https:\/\/schema.org","@graph":[{"@type":"WebPage","@id":"https:\/\/vitalitycenterjax.com\/new-patients\/pediatrics\/","url":"https:\/\/vitalitycenterjax.com\/new-patients\/pediatrics\/","name":"Pediatr\u00eda - Vitality Center Jacksonville","isPartOf":{"@id":"http:\/\/vitalitycenterjax.com\/#website"},"primaryImageOfPage":{"@id":"https:\/\/vitalitycenterjax.com\/new-patients\/pediatrics\/#primaryimage"},"image":{"@id":"https:\/\/vitalitycenterjax.com\/new-patients\/pediatrics\/#primaryimage"},"thumbnailUrl":"https:\/\/vitalitycenterjax.com\/wp-content\/uploads\/2018\/09\/VitalityCenter5.jpg","datePublished":"2018-10-05T01:00:17+00:00","dateModified":"2024-04-25T18:17:02+00:00","description":"Explora los beneficios del cuidado quiropr\u00e1ctico pedi\u00e1trico en Jacksonville, Florida. Obt\u00e9n tratamientos sutiles y efectivos para los problemas de salud de los ni\u00f1os.","breadcrumb":{"@id":"https:\/\/vitalitycenterjax.com\/new-patients\/pediatrics\/#breadcrumb"},"inLanguage":"es","potentialAction":[{"@type":"ReadAction","target":["https:\/\/vitalitycenterjax.com\/new-patients\/pediatrics\/"]}]},{"@type":"ImageObject","inLanguage":"es","@id":"https:\/\/vitalitycenterjax.com\/new-patients\/pediatrics\/#primaryimage","url":"https:\/\/vitalitycenterjax.com\/wp-content\/uploads\/2018\/09\/VitalityCenter5.jpg","contentUrl":"https:\/\/vitalitycenterjax.com\/wp-content\/uploads\/2018\/09\/VitalityCenter5.jpg","width":1500,"height":1001,"caption":"Vitality Center Jax Pediatric Chiropractic Care"},{"@type":"BreadcrumbList","@id":"https:\/\/vitalitycenterjax.com\/new-patients\/pediatrics\/#breadcrumb","itemListElement":[{"@type":"ListItem","position":1,"name":"Home","item":"https:\/\/vitalitycenterjax.com\/"},{"@type":"ListItem","position":2,"name":"New Patients","item":"https:\/\/vitalitycenterjax.com\/new-patients\/"},{"@type":"ListItem","position":3,"name":"Pediatrics"}]},{"@type":"WebSite","@id":"http:\/\/vitalitycenterjax.com\/#website","url":"http:\/\/vitalitycenterjax.com\/","name":"Vitality Center Jacksonville - Espa\u00f1ol","description":"Atenci\u00f3n quiropr\u00e1ctica de calidad y opciones de atenci\u00f3n m\u00e9dica","publisher":{"@id":"http:\/\/vitalitycenterjax.com\/#organization"},"potentialAction":[{"@type":"SearchAction","target":{"@type":"EntryPoint","urlTemplate":"http:\/\/vitalitycenterjax.com\/?s={search_term_string}"},"query-input":{"@type":"PropertyValueSpecification","valueRequired":true,"valueName":"search_term_string"}}],"inLanguage":"es"},{"@type":["Organization","Place","MedicalClinic"],"@id":"http:\/\/vitalitycenterjax.com\/#organization","name":"Vitality Center Jacksonville - Espa\u00f1ol","url":"http:\/\/vitalitycenterjax.com\/","logo":{"@id":"https:\/\/vitalitycenterjax.com\/new-patients\/pediatrics\/#local-main-organization-logo"},"image":{"@id":"https:\/\/vitalitycenterjax.com\/new-patients\/pediatrics\/#local-main-organization-logo"},"sameAs":["https:\/\/www.facebook.com\/vitalitycenterjax","https:\/\/www.instagram.com\/vitalitycenterjax\/"],"address":{"@id":"https:\/\/vitalitycenterjax.com\/new-patients\/pediatrics\/#local-main-place-address"},"telephone":["(904) 434-3465"],"contactPoint":{"@type":"ContactPoint","telephone":"(904) 434-3465","email":"frontdesk@vitalitycenterjax.com"},"openingHoursSpecification":[{"@type":"OpeningHoursSpecification","dayOfWeek":["Monday","Thursday"],"opens":"09:00","closes":"18:30"},{"@type":"OpeningHoursSpecification","dayOfWeek":["Tuesday","Wednesday"],"opens":"08:30","closes":"17:00"},{"@type":"OpeningHoursSpecification","dayOfWeek":["Friday","Saturday","Sunday"],"opens":"00:00","closes":"00:00"}],"email":"frontdesk@vitalitycenterjax.com","areaServed":"Jacksonville","priceRange":"$","currenciesAccepted":"USD"},{"@type":"PostalAddress","@id":"https:\/\/vitalitycenterjax.com\/new-patients\/pediatrics\/#local-main-place-address","streetAddress":"3636 University Blvd S Suite B3","addressLocality":"Jacksonville","postalCode":"32216","addressRegion":"FL","addressCountry":"US"},{"@type":"ImageObject","inLanguage":"es","@id":"https:\/\/vitalitycenterjax.com\/new-patients\/pediatrics\/#local-main-organization-logo","url":"https:\/\/vitalitycenterjax.com\/wp-content\/uploads\/2018\/09\/vfc-circle-e1537364957593.png","contentUrl":"https:\/\/vitalitycenterjax.com\/wp-content\/uploads\/2018\/09\/vfc-circle-e1537364957593.png","width":855,"height":855,"caption":"Vitality Center Jacksonville"}]},"geo.placename":"Jacksonville","geo.region":"United States (US)"},"_links":{"self":[{"href":"https:\/\/vitalitycenterjax.com\/es\/wp-json\/wp\/v2\/pages\/1615","targetHints":{"allow":["GET"]}}],"collection":[{"href":"https:\/\/vitalitycenterjax.com\/es\/wp-json\/wp\/v2\/pages"}],"about":[{"href":"https:\/\/vitalitycenterjax.com\/es\/wp-json\/wp\/v2\/types\/page"}],"author":[{"embeddable":true,"href":"https:\/\/vitalitycenterjax.com\/es\/wp-json\/wp\/v2\/users\/1"}],"replies":[{"embeddable":true,"href":"https:\/\/vitalitycenterjax.com\/es\/wp-json\/wp\/v2\/comments?post=1615"}],"version-history":[{"count":9,"href":"https:\/\/vitalitycenterjax.com\/es\/wp-json\/wp\/v2\/pages\/1615\/revisions"}],"predecessor-version":[{"id":2859,"href":"https:\/\/vitalitycenterjax.com\/es\/wp-json\/wp\/v2\/pages\/1615\/revisions\/2859"}],"up":[{"embeddable":true,"href":"https:\/\/vitalitycenterjax.com\/es\/wp-json\/wp\/v2\/pages\/1542"}],"wp:featuredmedia":[{"embeddable":true,"href":"https:\/\/vitalitycenterjax.com\/es\/wp-json\/wp\/v2\/media\/1375"}],"wp:attachment":[{"href":"https:\/\/vitalitycenterjax.com\/es\/wp-json\/wp\/v2\/media?parent=1615"}],"curies":[{"name":"wp","href":"https:\/\/api.w.org\/{rel}","templated":true}]}}