{"id":1613,"date":"2018-10-05T00:57:30","date_gmt":"2018-10-05T00:57:30","guid":{"rendered":"http:\/\/vitalitycenterjax.com\/?page_id=1613"},"modified":"2024-04-25T18:05:24","modified_gmt":"2024-04-25T18:05:24","slug":"atencion-prenatal","status":"publish","type":"page","link":"https:\/\/vitalitycenterjax.com\/es\/new-patients\/prenatal-care\/","title":{"rendered":"Atenci\u00f3n Prenatal"},"content":{"rendered":"<p><section id=\"bt_section69ee56c966797\"  class=\"boldSection topSemiSpaced bottomSemiSpaced btDarkSkin gutter inherit wBackground cover\" style=\"background-color:#0cb8b6;background-image:url('https:\/\/vitalitycenterjax.com\/wp-content\/uploads\/2015\/12\/bgn-grad.png');\"><div class=\"port\"><div class=\"boldCell\"><div class=\"boldCellInner\"><div class=\"boldRow\" ><div class=\"boldRowInner\"><div class=\"rowItem col-md-12 col-ms-12  btTextLeft\"  ><div class=\"rowItemContent\" ><div class=\"btClear btSeparator topExtraSmallSpaced noBorder\" ><hr><\/div><div class=\"btClear btSeparator topExtraSmallSpaced noBorder\" ><hr><\/div><header class=\"header btClear extralarge  btNormalDash\" ><div class=\"btSuperTitle\">Pacientes Nuevos<\/div><div class=\"dash\"><h1><span class=\"headline\">Atenci\u00f3n Prenatal<\/span><\/h1><\/div><\/header><\/div><\/div><\/div><\/div><\/div><\/div><\/div><\/section><section id=\"bt_section69ee56c96695d\"  class=\"boldSection gutter\" ><div class=\"port\"><div class=\"boldCell\"><div class=\"boldCellInner\"><div class=\"boldRow\" ><div class=\"boldRowInner\"><div class=\"rowItem col-md-8 col-ms-12 btTextLeft\"  ><div class=\"rowItemContent\" ><div class=\"btClear btSeparator topSemiSpaced noBorder\" ><hr><\/div><div class=\"btText\" ><\/p>\n<p>Garantizar la salud y la comodidad de las futuras madres es el n\u00facleo de nuestros servicios de atenci\u00f3n quiropr\u00e1ctica prenatal en Vitality Family Chiropractic. El embarazo es un viaje hermoso pero f\u00edsicamente exigente, y nuestra atenci\u00f3n prenatal especializada est\u00e1 dise\u00f1ada para apoyar a las mujeres durante este per\u00edodo transformador. Al centrarnos en tratamientos suaves, seguros y eficaces, nuestro objetivo es aliviar las molestias comunes asociadas con el embarazo y preparar el cuerpo para un parto m\u00e1s tranquilo.<\/p>\n<h3><strong>Comprender la atenci\u00f3n quiropr\u00e1ctica prenatal<\/strong><\/h3>\n<p>La atenci\u00f3n quiropr\u00e1ctica prenatal ofrece un enfoque natural para controlar los cambios f\u00edsicos y los desaf\u00edos que conlleva el embarazo. Nuestros quiropr\u00e1cticos experimentados utilizan ajustes y t\u00e9cnicas espec\u00edficamente dise\u00f1adas para mujeres embarazadas, enfoc\u00e1ndose en mejorar el equilibrio y la alineaci\u00f3n p\u00e9lvicos. Este cuidado es esencial para acomodar c\u00f3modamente al beb\u00e9 en crecimiento y facilitar el proceso de parto.<\/p>\n<h3><strong>Beneficios de los servicios quiropr\u00e1cticos prenatales<\/strong><\/h3>\n<p>El embarazo introduce cambios significativos en el cuerpo de la mujer, afectando el equilibrio natural de la columna debido al aumento del tama\u00f1o del abdomen, cambios de postura y aflojamiento de ligamentos. Estos cambios pueden provocar molestias, como dolor lumbar, ci\u00e1tica y dolor p\u00e9lvico. La atenci\u00f3n quiropr\u00e1ctica prenatal en Vitality Family Chiropractic tiene como objetivo abordar estos problemas mediante:<\/p>\n<ul>\n<li><strong>Reducir el dolor:<\/strong> Aliviar el dolor de espalda, cuello y articulaciones mediante la alineaci\u00f3n de la columna y el alivio de la tensi\u00f3n.<\/li>\n<li><strong>Mejorar la postura:<\/strong> Ajustar la columna y las articulaciones para apoyar una postura m\u00e1s saludable a medida que cambia el cuerpo.<\/li>\n<li><strong>Mejora de la flexibilidad:<\/strong> Mantener la columna y la pelvis alineadas para mejorar la flexibilidad y disminuir el riesgo de lesiones.<\/li>\n<li><strong>Promoviendo el bienestar:<\/strong> Fomentar el bienestar general para apoyar la salud tanto de la madre como del beb\u00e9.<\/li>\n<\/ul>\n<h3><strong>Ajustes seguros y suaves para futuras madres<\/strong><\/h3>\n<p>La seguridad es nuestra principal prioridad al brindar atenci\u00f3n quiropr\u00e1ctica a mujeres embarazadas. Nuestros quiropr\u00e1cticos est\u00e1n capacitados en atenci\u00f3n prenatal, empleando t\u00e9cnicas que evitan presiones innecesarias sobre el abdomen. Utilizamos mesas y herramientas especiales para adaptarnos a su cuerpo cambiante, garantizando comodidad y protecci\u00f3n para usted y su beb\u00e9 durante cada sesi\u00f3n.<\/p>\n<h3><strong>Adaptado a su viaje de embarazo<\/strong><\/h3>\n<p>Cada embarazo es \u00fanico, y tambi\u00e9n lo son las necesidades de cada futura madre. En Vitality Family Chiropractic, comenzamos con una evaluaci\u00f3n exhaustiva para comprender su historial de salud espec\u00edfico, sus inquietudes relacionadas con el embarazo y sus objetivos de bienestar. Con base en esta evaluaci\u00f3n, creamos un plan de atenci\u00f3n personalizado que evoluciona con su embarazo, brindando alivio y apoyo espec\u00edficos donde m\u00e1s lo necesita.<\/p>\n<h3><strong>Empoderando tu camino hacia la maternidad<\/strong><\/h3>\n<p>M\u00e1s all\u00e1 de los ajustes f\u00edsicos, nuestra atenci\u00f3n quiropr\u00e1ctica prenatal enfatiza la educaci\u00f3n y el empoderamiento. Brindamos orientaci\u00f3n sobre nutrici\u00f3n, ejercicio y pr\u00e1cticas ergon\u00f3micas para mejorar su experiencia de embarazo. Nuestro objetivo es brindarle el conocimiento y las herramientas para manejar el malestar, mantener la movilidad y afrontar este momento especial con confianza.<\/p>\n<h3><strong>\u00danase a nosotros en su viaje de embarazo<\/strong><\/h3>\n<p>Embarcarse en el viaje hacia la maternidad es un momento extraordinario, lleno de anticipaci\u00f3n y cambios. Permita que Vitality Family Chiropractic la apoye para experimentar un embarazo m\u00e1s saludable y c\u00f3modo. Nuestro equipo dedicado est\u00e1 aqu\u00ed para guiarla a lo largo de cada trimestre, aliviando las molestias y preparando su cuerpo para el milagro del nacimiento.<\/p>\n<p>Si est\u00e1 lista para descubrir los beneficios de la atenci\u00f3n quiropr\u00e1ctica prenatal personalizada, le invitamos a programar una cita con nosotros. Visita <a href=\"https:\/\/vitalitycenterjax.com\/es\/citas\/\" target=\"_new\" rel=\"noopener\">https:\/\/vitalitycenterjax.com\/appointments\/<\/a> para comenzar su viaje hacia una experiencia de embarazo m\u00e1s c\u00f3moda y alegre con Vitality Family Chiropractic.<\/p>\n<p>\n<\/div><div class=\"btClear btSeparator topSemiSpaced noBorder\" ><hr><\/div><div class=\"bpgPhoto btTextCenter\" ><div class=\"btImage\"><img decoding=\"async\" src=\"https:\/\/vitalitycenterjax.com\/wp-content\/uploads\/2018\/09\/VitalityCenter3.jpg\" alt=\"\" title=\"\"><\/div><\/div><\/div><\/div><div class=\"rowItem col-md-4 col-ms-12 btTextLeft\"  ><div class=\"rowItemContent\" ><div class=\"btClear btSeparator topSemiSpaced noBorder\" ><hr><\/div><div class=\"bpgPhoto btTextCenter\" ><div class=\"btImage\"><img decoding=\"async\" src=\"https:\/\/vitalitycenterjax.com\/wp-content\/uploads\/2018\/10\/KFP-10.jpg\" alt=\"\" title=\"\"><\/div><\/div><\/div><\/div><\/div><\/div><\/div><\/div><\/div><\/section><section id=\"bt_section69ee56c966edf\"  class=\"boldSection gutter\" ><div class=\"port\"><div class=\"boldCell\"><div class=\"boldCellInner\"><div class=\"boldRow\" ><div class=\"boldRowInner\"><div class=\"rowItem col-md-12 col-ms-12  btTextLeft\"  ><div class=\"rowItemContent\" ><div class=\"btClear btSeparator topSemiSpaced noBorder\" ><hr><\/div><\/div><\/div><\/div><\/div><\/div><\/div><\/div><\/section><\/p>","protected":false},"excerpt":{"rendered":"","protected":false},"author":1,"featured_media":0,"parent":1542,"menu_order":0,"comment_status":"closed","ping_status":"closed","template":"","meta":{"nf_dc_page":"","_monsterinsights_skip_tracking":false,"_monsterinsights_sitenote_active":false,"_monsterinsights_sitenote_note":"","_monsterinsights_sitenote_category":0,"_joinchat":[],"footnotes":""},"class_list":["post-1613","page","type-page","status-publish","hentry"],"yoast_head":"<!-- This site is optimized with the Yoast SEO Premium plugin v24.7 (Yoast SEO v27.4) - https:\/\/yoast.com\/product\/yoast-seo-premium-wordpress\/ -->\n<title>Prenatal Care - Vitality Center Jacksonville<\/title>\n<meta name=\"description\" content=\"Experience a healthier, more comfortable pregnancy with Vitality Family Chiropractic&#039;s personalized prenatal care.\" \/>\n<meta name=\"robots\" content=\"index, follow, max-snippet:-1, max-image-preview:large, max-video-preview:-1\" \/>\n<link rel=\"canonical\" href=\"https:\/\/vitalitycenterjax.com\/es\/pacientes-nuevos\/atencion-prenatal\/\" \/>\n<meta property=\"og:locale\" content=\"es_ES\" \/>\n<meta property=\"og:type\" content=\"article\" \/>\n<meta property=\"og:title\" content=\"Prenatal Care\" \/>\n<meta property=\"og:description\" content=\"Experience a healthier, more comfortable pregnancy with Vitality Family Chiropractic&#039;s personalized prenatal care.\" \/>\n<meta property=\"og:url\" content=\"https:\/\/vitalitycenterjax.com\/es\/pacientes-nuevos\/atencion-prenatal\/\" \/>\n<meta property=\"og:site_name\" content=\"Vitality Center Jacksonville\" \/>\n<meta property=\"article:publisher\" content=\"https:\/\/www.facebook.com\/vitalitycenterjax\" \/>\n<meta property=\"article:modified_time\" content=\"2024-04-25T18:05:24+00:00\" \/>\n<meta property=\"og:image\" content=\"https:\/\/vitalitycenterjax.com\/wp-content\/uploads\/2018\/09\/cropped-vfc-circle-1200x1200-1.png\" \/>\n\t<meta property=\"og:image:width\" content=\"512\" \/>\n\t<meta property=\"og:image:height\" content=\"512\" \/>\n\t<meta property=\"og:image:type\" content=\"image\/png\" \/>\n<meta name=\"twitter:card\" content=\"summary_large_image\" \/>\n<meta name=\"twitter:label1\" content=\"Est. reading time\" \/>\n\t<meta name=\"twitter:data1\" content=\"3 minutos\" \/>\n<script type=\"application\/ld+json\" class=\"yoast-schema-graph\">{\"@context\":\"https:\\\/\\\/schema.org\",\"@graph\":[{\"@type\":\"WebPage\",\"@id\":\"https:\\\/\\\/vitalitycenterjax.com\\\/new-patients\\\/prenatal-care\\\/\",\"url\":\"https:\\\/\\\/vitalitycenterjax.com\\\/new-patients\\\/prenatal-care\\\/\",\"name\":\"Prenatal Care - Vitality Center Jacksonville\",\"isPartOf\":{\"@id\":\"http:\\\/\\\/vitalitycenterjax.com\\\/#website\"},\"datePublished\":\"2018-10-05T00:57:30+00:00\",\"dateModified\":\"2024-04-25T18:05:24+00:00\",\"description\":\"Experience a healthier, more comfortable pregnancy with Vitality Family Chiropractic's personalized prenatal care.\",\"breadcrumb\":{\"@id\":\"https:\\\/\\\/vitalitycenterjax.com\\\/new-patients\\\/prenatal-care\\\/#breadcrumb\"},\"inLanguage\":\"es\",\"potentialAction\":[{\"@type\":\"ReadAction\",\"target\":[\"https:\\\/\\\/vitalitycenterjax.com\\\/new-patients\\\/prenatal-care\\\/\"]}]},{\"@type\":\"BreadcrumbList\",\"@id\":\"https:\\\/\\\/vitalitycenterjax.com\\\/new-patients\\\/prenatal-care\\\/#breadcrumb\",\"itemListElement\":[{\"@type\":\"ListItem\",\"position\":1,\"name\":\"Home\",\"item\":\"https:\\\/\\\/vitalitycenterjax.com\\\/\"},{\"@type\":\"ListItem\",\"position\":2,\"name\":\"New Patients\",\"item\":\"https:\\\/\\\/vitalitycenterjax.com\\\/new-patients\\\/\"},{\"@type\":\"ListItem\",\"position\":3,\"name\":\"Prenatal Care\"}]},{\"@type\":\"WebSite\",\"@id\":\"http:\\\/\\\/vitalitycenterjax.com\\\/#website\",\"url\":\"http:\\\/\\\/vitalitycenterjax.com\\\/\",\"name\":\"Vitality Center Jacksonville\",\"description\":\"Quality Chiropractic Care and Healthcare Options\",\"publisher\":{\"@id\":\"http:\\\/\\\/vitalitycenterjax.com\\\/#organization\"},\"potentialAction\":[{\"@type\":\"SearchAction\",\"target\":{\"@type\":\"EntryPoint\",\"urlTemplate\":\"http:\\\/\\\/vitalitycenterjax.com\\\/?s={search_term_string}\"},\"query-input\":{\"@type\":\"PropertyValueSpecification\",\"valueRequired\":true,\"valueName\":\"search_term_string\"}}],\"inLanguage\":\"es\"},{\"@type\":[\"Organization\",\"Place\",\"MedicalClinic\"],\"@id\":\"http:\\\/\\\/vitalitycenterjax.com\\\/#organization\",\"name\":\"Vitality Center Jacksonville\",\"url\":\"http:\\\/\\\/vitalitycenterjax.com\\\/\",\"logo\":{\"@id\":\"https:\\\/\\\/vitalitycenterjax.com\\\/new-patients\\\/prenatal-care\\\/#local-main-organization-logo\"},\"image\":{\"@id\":\"https:\\\/\\\/vitalitycenterjax.com\\\/new-patients\\\/prenatal-care\\\/#local-main-organization-logo\"},\"sameAs\":[\"https:\\\/\\\/www.facebook.com\\\/vitalitycenterjax\",\"https:\\\/\\\/www.instagram.com\\\/vitalitycenterjax\\\/\"],\"address\":{\"@id\":\"https:\\\/\\\/vitalitycenterjax.com\\\/new-patients\\\/prenatal-care\\\/#local-main-place-address\"},\"telephone\":[\"(904) 434-3465\"],\"contactPoint\":{\"@type\":\"ContactPoint\",\"telephone\":\"(904) 434-3465\",\"email\":\"frontdesk@vitalitycenterjax.com\"},\"openingHoursSpecification\":[{\"@type\":\"OpeningHoursSpecification\",\"dayOfWeek\":[\"Monday\",\"Thursday\"],\"opens\":\"09:00\",\"closes\":\"18:30\"},{\"@type\":\"OpeningHoursSpecification\",\"dayOfWeek\":[\"Tuesday\",\"Wednesday\"],\"opens\":\"08:30\",\"closes\":\"17:00\"},{\"@type\":\"OpeningHoursSpecification\",\"dayOfWeek\":[\"Friday\",\"Saturday\",\"Sunday\"],\"opens\":\"00:00\",\"closes\":\"00:00\"}],\"email\":\"frontdesk@vitalitycenterjax.com\",\"areaServed\":\"Jacksonville\",\"priceRange\":\"$\",\"currenciesAccepted\":\"USD\"},{\"@type\":\"PostalAddress\",\"@id\":\"https:\\\/\\\/vitalitycenterjax.com\\\/new-patients\\\/prenatal-care\\\/#local-main-place-address\",\"streetAddress\":\"3636 University Blvd S Suite B3\",\"addressLocality\":\"Jacksonville\",\"postalCode\":\"32216\",\"addressRegion\":\"FL\",\"addressCountry\":\"US\"},{\"@type\":\"ImageObject\",\"inLanguage\":\"es\",\"@id\":\"https:\\\/\\\/vitalitycenterjax.com\\\/new-patients\\\/prenatal-care\\\/#local-main-organization-logo\",\"url\":\"https:\\\/\\\/vitalitycenterjax.com\\\/wp-content\\\/uploads\\\/2018\\\/09\\\/vfc-circle-e1537364957593.png\",\"contentUrl\":\"https:\\\/\\\/vitalitycenterjax.com\\\/wp-content\\\/uploads\\\/2018\\\/09\\\/vfc-circle-e1537364957593.png\",\"width\":855,\"height\":855,\"caption\":\"Vitality Center Jacksonville\"}]}<\/script>\n<meta name=\"geo.placename\" content=\"Jacksonville\" \/>\n<meta name=\"geo.region\" content=\"United States (US)\" \/>\n<!-- \/ Yoast SEO Premium plugin. -->","yoast_head_json":{"title":"Atenci\u00f3n Prenatal - Vitality Center Jacksonville","description":"Experimente un embarazo m\u00e1s saludable y c\u00f3modo con la atenci\u00f3n prenatal personalizada de Vitality Family Chiropractic.","robots":{"index":"index","follow":"follow","max-snippet":"max-snippet:-1","max-image-preview":"max-image-preview:large","max-video-preview":"max-video-preview:-1"},"canonical":"https:\/\/vitalitycenterjax.com\/es\/pacientes-nuevos\/atencion-prenatal\/","og_locale":"es_ES","og_type":"article","og_title":"Prenatal Care","og_description":"Experience a healthier, more comfortable pregnancy with Vitality Family Chiropractic's personalized prenatal care.","og_url":"https:\/\/vitalitycenterjax.com\/es\/pacientes-nuevos\/atencion-prenatal\/","og_site_name":"Vitality Center Jacksonville","article_publisher":"https:\/\/www.facebook.com\/vitalitycenterjax","article_modified_time":"2024-04-25T18:05:24+00:00","og_image":[{"width":512,"height":512,"url":"https:\/\/vitalitycenterjax.com\/wp-content\/uploads\/2018\/09\/cropped-vfc-circle-1200x1200-1.png","type":"image\/png"}],"twitter_card":"summary_large_image","twitter_misc":{"Est. reading time":"3 minutos"},"schema":{"@context":"https:\/\/schema.org","@graph":[{"@type":"WebPage","@id":"https:\/\/vitalitycenterjax.com\/new-patients\/prenatal-care\/","url":"https:\/\/vitalitycenterjax.com\/new-patients\/prenatal-care\/","name":"Atenci\u00f3n Prenatal - Vitality Center Jacksonville","isPartOf":{"@id":"http:\/\/vitalitycenterjax.com\/#website"},"datePublished":"2018-10-05T00:57:30+00:00","dateModified":"2024-04-25T18:05:24+00:00","description":"Experimente un embarazo m\u00e1s saludable y c\u00f3modo con la atenci\u00f3n prenatal personalizada de Vitality Family Chiropractic.","breadcrumb":{"@id":"https:\/\/vitalitycenterjax.com\/new-patients\/prenatal-care\/#breadcrumb"},"inLanguage":"es","potentialAction":[{"@type":"ReadAction","target":["https:\/\/vitalitycenterjax.com\/new-patients\/prenatal-care\/"]}]},{"@type":"BreadcrumbList","@id":"https:\/\/vitalitycenterjax.com\/new-patients\/prenatal-care\/#breadcrumb","itemListElement":[{"@type":"ListItem","position":1,"name":"Home","item":"https:\/\/vitalitycenterjax.com\/"},{"@type":"ListItem","position":2,"name":"New Patients","item":"https:\/\/vitalitycenterjax.com\/new-patients\/"},{"@type":"ListItem","position":3,"name":"Prenatal Care"}]},{"@type":"WebSite","@id":"http:\/\/vitalitycenterjax.com\/#website","url":"http:\/\/vitalitycenterjax.com\/","name":"Vitality Center Jacksonville - Espa\u00f1ol","description":"Atenci\u00f3n quiropr\u00e1ctica de calidad y opciones de atenci\u00f3n m\u00e9dica","publisher":{"@id":"http:\/\/vitalitycenterjax.com\/#organization"},"potentialAction":[{"@type":"SearchAction","target":{"@type":"EntryPoint","urlTemplate":"http:\/\/vitalitycenterjax.com\/?s={search_term_string}"},"query-input":{"@type":"PropertyValueSpecification","valueRequired":true,"valueName":"search_term_string"}}],"inLanguage":"es"},{"@type":["Organization","Place","MedicalClinic"],"@id":"http:\/\/vitalitycenterjax.com\/#organization","name":"Vitality Center Jacksonville - Espa\u00f1ol","url":"http:\/\/vitalitycenterjax.com\/","logo":{"@id":"https:\/\/vitalitycenterjax.com\/new-patients\/prenatal-care\/#local-main-organization-logo"},"image":{"@id":"https:\/\/vitalitycenterjax.com\/new-patients\/prenatal-care\/#local-main-organization-logo"},"sameAs":["https:\/\/www.facebook.com\/vitalitycenterjax","https:\/\/www.instagram.com\/vitalitycenterjax\/"],"address":{"@id":"https:\/\/vitalitycenterjax.com\/new-patients\/prenatal-care\/#local-main-place-address"},"telephone":["(904) 434-3465"],"contactPoint":{"@type":"ContactPoint","telephone":"(904) 434-3465","email":"frontdesk@vitalitycenterjax.com"},"openingHoursSpecification":[{"@type":"OpeningHoursSpecification","dayOfWeek":["Monday","Thursday"],"opens":"09:00","closes":"18:30"},{"@type":"OpeningHoursSpecification","dayOfWeek":["Tuesday","Wednesday"],"opens":"08:30","closes":"17:00"},{"@type":"OpeningHoursSpecification","dayOfWeek":["Friday","Saturday","Sunday"],"opens":"00:00","closes":"00:00"}],"email":"frontdesk@vitalitycenterjax.com","areaServed":"Jacksonville","priceRange":"$","currenciesAccepted":"USD"},{"@type":"PostalAddress","@id":"https:\/\/vitalitycenterjax.com\/new-patients\/prenatal-care\/#local-main-place-address","streetAddress":"3636 University Blvd S Suite B3","addressLocality":"Jacksonville","postalCode":"32216","addressRegion":"FL","addressCountry":"US"},{"@type":"ImageObject","inLanguage":"es","@id":"https:\/\/vitalitycenterjax.com\/new-patients\/prenatal-care\/#local-main-organization-logo","url":"https:\/\/vitalitycenterjax.com\/wp-content\/uploads\/2018\/09\/vfc-circle-e1537364957593.png","contentUrl":"https:\/\/vitalitycenterjax.com\/wp-content\/uploads\/2018\/09\/vfc-circle-e1537364957593.png","width":855,"height":855,"caption":"Vitality Center Jacksonville"}]},"geo.placename":"Jacksonville","geo.region":"United States (US)"},"_links":{"self":[{"href":"https:\/\/vitalitycenterjax.com\/es\/wp-json\/wp\/v2\/pages\/1613","targetHints":{"allow":["GET"]}}],"collection":[{"href":"https:\/\/vitalitycenterjax.com\/es\/wp-json\/wp\/v2\/pages"}],"about":[{"href":"https:\/\/vitalitycenterjax.com\/es\/wp-json\/wp\/v2\/types\/page"}],"author":[{"embeddable":true,"href":"https:\/\/vitalitycenterjax.com\/es\/wp-json\/wp\/v2\/users\/1"}],"replies":[{"embeddable":true,"href":"https:\/\/vitalitycenterjax.com\/es\/wp-json\/wp\/v2\/comments?post=1613"}],"version-history":[{"count":6,"href":"https:\/\/vitalitycenterjax.com\/es\/wp-json\/wp\/v2\/pages\/1613\/revisions"}],"predecessor-version":[{"id":2854,"href":"https:\/\/vitalitycenterjax.com\/es\/wp-json\/wp\/v2\/pages\/1613\/revisions\/2854"}],"up":[{"embeddable":true,"href":"https:\/\/vitalitycenterjax.com\/es\/wp-json\/wp\/v2\/pages\/1542"}],"wp:attachment":[{"href":"https:\/\/vitalitycenterjax.com\/es\/wp-json\/wp\/v2\/media?parent=1613"}],"curies":[{"name":"wp","href":"https:\/\/api.w.org\/{rel}","templated":true}]}}