{"id":1610,"date":"2018-10-05T00:53:31","date_gmt":"2018-10-05T00:53:31","guid":{"rendered":"http:\/\/vitalitycenterjax.com\/?page_id=1610"},"modified":"2024-04-25T18:16:29","modified_gmt":"2024-04-25T18:16:29","slug":"lesiones-personales-jacksonville-fl","status":"publish","type":"page","link":"https:\/\/vitalitycenterjax.com\/es\/new-patients\/personal-injury-jacksonville-fl\/","title":{"rendered":"Lesiones personales"},"content":{"rendered":"<p><section id=\"bt_section69ea1ed9b4081\"  class=\"boldSection topSemiSpaced bottomSemiSpaced btDarkSkin gutter inherit wBackground cover\" style=\"background-color:#0cb8b6;background-image:url('https:\/\/vitalitycenterjax.com\/wp-content\/uploads\/2015\/12\/bgn-grad.png');\"><div class=\"port\"><div class=\"boldCell\"><div class=\"boldCellInner\"><div class=\"boldRow\" ><div class=\"boldRowInner\"><div class=\"rowItem col-md-12 col-ms-12  btTextLeft\"  ><div class=\"rowItemContent\" ><div class=\"btClear btSeparator topExtraSmallSpaced noBorder\" ><hr><\/div><header class=\"header btClear extralarge  btNormalDash\" ><div class=\"btSuperTitle\">Pacientes Nuevos<\/div><div class=\"dash\"><h1><span class=\"headline\">Lesiones personales<\/span><\/h1><\/div><\/header><\/div><\/div><\/div><\/div><\/div><\/div><\/div><\/section><section id=\"bt_section69ea1ed9b4159\"  class=\"boldSection gutter\" ><div class=\"port\"><div class=\"boldCell\"><div class=\"boldCellInner\"><div class=\"boldRow\" ><div class=\"boldRowInner\"><div class=\"rowItem col-md-8 col-ms-12 btTextLeft\"  ><div class=\"rowItemContent\" ><div class=\"btClear btSeparator topSemiSpaced noBorder\" ><hr><\/div><div class=\"btText\" ><\/p>\n<p>Si estuvo involucrado en un accidente automovil\u00edstico, sufri\u00f3 un resbal\u00f3n y una ca\u00edda o sufri\u00f3 alguna lesi\u00f3n relacionada con el trabajo, sabe el impacto que puede tener no solo en su salud sino tambi\u00e9n en su vida diaria. En Vitality Family Chiropractic en Jacksonville, Florida, nos especializamos en el tratamiento de lesiones de tejidos blandos que son comunes en este tipo de lesiones personales. Nuestro objetivo es ayudarle a recuperarse r\u00e1pida y eficazmente, devolvi\u00e9ndole el camino hacia una mejor salud.<\/p>\n<h2><strong>\u00bfPor qu\u00e9 elegir al Dr. L\u00f3pez Rivera para su tratamiento de lesiones personales?<\/strong><\/h2>\n<p>El Dr. L\u00f3pez Rivera aporta un amplio conocimiento y experiencia en el manejo de diversas lesiones personales. Ya sea que est\u00e9 lidiando con esguinces en las articulaciones, distensiones musculares o cambios en la estructura de los discos vertebrales, <a href=\"https:\/\/vitalitycenterjax.com\/es\/conoce-al-doctor\/\">Dr. L\u00f3pez Rivera<\/a> tiene las habilidades necesarias para abordar estos temas de manera integral:<\/p>\n<ul>\n<li><strong>Diagn\u00f3stico experto:<\/strong> Identificaci\u00f3n r\u00e1pida y precisa de sus lesiones espec\u00edficas para iniciar un tratamiento eficaz de inmediato.<\/li>\n<li><strong>Planes de atenci\u00f3n personalizados:<\/strong> Tratamientos personalizados que abordan sus necesidades \u00fanicas y promueven una recuperaci\u00f3n m\u00e1s r\u00e1pida.<\/li>\n<li><strong>T\u00e9cnicas de \u00faltima generaci\u00f3n:<\/strong> Utilizando las \u00faltimas t\u00e9cnicas quiropr\u00e1cticas para garantizar una curaci\u00f3n \u00f3ptima.<\/li>\n<\/ul>\n<h3><strong>Lo que ofrecemos:<\/strong><\/h3>\n<p>En Vitality Family Chiropractic, entendemos la urgencia y los inconvenientes que conllevan las lesiones personales. Para satisfacer sus necesidades, ofrecemos:<\/p>\n<ul>\n<li><strong>Citas el mismo d\u00eda:<\/strong> Obtenga la atenci\u00f3n que necesita sin demoras innecesarias.<\/li>\n<li><strong>Opciones de tratamiento integral:<\/strong> Desde ajustes quiropr\u00e1cticos hasta ejercicios terap\u00e9uticos, ofrecemos una variedad de tratamientos para facilitar su recuperaci\u00f3n.<\/li>\n<li><strong>Ambiente de apoyo:<\/strong> Nuestra cl\u00ednica est\u00e1 dise\u00f1ada para ser un espacio reconfortante donde usted pueda concentrarse \u00fanicamente en su recuperaci\u00f3n.<\/li>\n<\/ul>\n<h3><strong>Recuperarse de lesiones personales en Jacksonville, Florida<\/strong><\/h3>\n<p>Lidiar con las consecuencias de una lesi\u00f3n personal puede ser un desaf\u00edo. Por eso nos centramos en algo m\u00e1s que la recuperaci\u00f3n f\u00edsica. Nuestro enfoque integral incluye:<\/p>\n<ul>\n<li><strong>El manejo del dolor:<\/strong> Estrategias efectivas para reducir el dolor y el malestar.<\/li>\n<li><strong>Mejora de la movilidad:<\/strong> T\u00e9cnicas destinadas a restaurar y mejorar su rango de movimiento.<\/li>\n<li><strong>Planes de bienestar a largo plazo:<\/strong> Orientaci\u00f3n para mantener su salud y prevenir futuras lesiones.<\/li>\n<\/ul>\n<h3><strong>Reserve su cita hoy<\/strong><\/h3>\n<p>No permita que una lesi\u00f3n personal le haga retroceder. Vitality Family Chiropractic est\u00e1 aqu\u00ed para apoyarlo en cada paso de su viaje de recuperaci\u00f3n. Si se encuentra en Jacksonville, Florida, y necesita atenci\u00f3n experta por una lesi\u00f3n personal, no dude en contactarnos.<\/p>\n<p>Visita <a href=\"https:\/\/vitalitycenterjax.com\/es\/citas\/\" target=\"_new\" rel=\"noopener\">https:\/\/vitalitycenterjax.com\/appointments\/<\/a> para programar su cita el mismo d\u00eda. Perm\u00edtanos ayudarlo a superar los desaf\u00edos de su lesi\u00f3n y guiarlo para que recupere una salud \u00f3ptima.<\/p>\n<p>\n<\/div><div class=\"btClear btSeparator topSemiSpaced noBorder\" ><hr><\/div><div class=\"bt_bb_masonry_image_grid bt_bb_grid_container bt_bb_columns_2 bt_bb_gap_small bt_bb_no_lightbox\" data-columns=\"2\"><div class=\"bt_bb_masonry_post_image_content\" data-columns=\"2\"><div class=\"bt_bb_grid_sizer\"><\/div><div class=\"bt_bb_grid_item bt_bb_tile_format11\" data-hw=\"0.6675\" data-src=\"https:\/\/vitalitycenterjax.com\/wp-content\/uploads\/2018\/10\/PersonalInjury-1200x801.jpg\" data-src-full=\"https:\/\/vitalitycenterjax.com\/wp-content\/uploads\/2018\/10\/PersonalInjury.jpg\" data-title=\"PersonalInjury\"><div class=\"bt_bb_grid_item_inner\" data-hw=\"0.6675\" ><div class=\"bt_bb_grid_item_inner_image\"><\/div><div class=\"bt_bb_grid_item_inner_content\"><\/div><\/div><\/div><div class=\"bt_bb_grid_item bt_bb_tile_format11\" data-hw=\"0.668\" data-src=\"https:\/\/vitalitycenterjax.com\/wp-content\/uploads\/2018\/10\/Rehab.jpg\" data-src-full=\"https:\/\/vitalitycenterjax.com\/wp-content\/uploads\/2018\/10\/Rehab.jpg\" data-title=\"REHABILITATION THERAPY\"><div class=\"bt_bb_grid_item_inner\" data-hw=\"0.668\" ><div class=\"bt_bb_grid_item_inner_image\"><\/div><div class=\"bt_bb_grid_item_inner_content\"><\/div><\/div><\/div><\/div><\/div><\/div><\/div><div class=\"rowItem col-md-4 col-ms-12 btTextLeft\"  ><div class=\"rowItemContent\" ><div class=\"btClear btSeparator topSemiSpaced noBorder\" ><hr><\/div><div class=\"bpgPhoto btTextCenter\" ><div class=\"btImage\"><img decoding=\"async\" src=\"https:\/\/vitalitycenterjax.com\/wp-content\/uploads\/2018\/10\/Auto-Injury.jpg\" alt=\"Lesiones personales\" title=\"Lesiones personales\"><\/div><\/div><div class=\"btClear btSeparator topSemiSpaced noBorder\" ><hr><\/div><\/div><\/div><\/div><\/div><\/div><\/div><\/div><\/section><\/p>","protected":false},"excerpt":{"rendered":"","protected":false},"author":1,"featured_media":1594,"parent":1542,"menu_order":0,"comment_status":"closed","ping_status":"closed","template":"","meta":{"nf_dc_page":"","_monsterinsights_skip_tracking":false,"_monsterinsights_sitenote_active":false,"_monsterinsights_sitenote_note":"","_monsterinsights_sitenote_category":0,"_joinchat":[],"footnotes":""},"class_list":["post-1610","page","type-page","status-publish","has-post-thumbnail","hentry"],"yoast_head":"<!-- This site is optimized with the Yoast SEO Premium plugin v24.7 (Yoast SEO v27.4) - https:\/\/yoast.com\/product\/yoast-seo-premium-wordpress\/ -->\n<title>Personal Injury - Vitality Center Jacksonville<\/title>\n<meta name=\"description\" content=\"Recover from personal injuries in Jacksonville, Fl. Offering same-day appointments for auto accidents, slips, falls, and work injuries.\" \/>\n<meta name=\"robots\" content=\"index, follow, max-snippet:-1, max-image-preview:large, max-video-preview:-1\" \/>\n<link rel=\"canonical\" href=\"https:\/\/vitalitycenterjax.com\/es\/pacientes-nuevos\/lesiones-personales-jacksonville-fl\/\" \/>\n<meta property=\"og:locale\" content=\"es_ES\" \/>\n<meta property=\"og:type\" content=\"article\" \/>\n<meta property=\"og:title\" content=\"Personal Injury\" \/>\n<meta property=\"og:description\" content=\"Recover from personal injuries in Jacksonville, Fl. Offering same-day appointments for auto accidents, slips, falls, and work injuries.\" \/>\n<meta property=\"og:url\" content=\"https:\/\/vitalitycenterjax.com\/es\/pacientes-nuevos\/lesiones-personales-jacksonville-fl\/\" \/>\n<meta property=\"og:site_name\" content=\"Vitality Center Jacksonville\" \/>\n<meta property=\"article:publisher\" content=\"https:\/\/www.facebook.com\/vitalitycenterjax\" \/>\n<meta property=\"article:modified_time\" content=\"2024-04-25T18:16:29+00:00\" \/>\n<meta property=\"og:image\" content=\"https:\/\/vitalitycenterjax.com\/wp-content\/uploads\/2018\/10\/KFP-3-2.jpg\" \/>\n\t<meta property=\"og:image:width\" content=\"1500\" \/>\n\t<meta property=\"og:image:height\" content=\"919\" \/>\n\t<meta property=\"og:image:type\" content=\"image\/jpeg\" \/>\n<meta name=\"twitter:card\" content=\"summary_large_image\" \/>\n<meta name=\"twitter:label1\" content=\"Est. reading time\" \/>\n\t<meta name=\"twitter:data1\" content=\"3 minutos\" \/>\n<script type=\"application\/ld+json\" class=\"yoast-schema-graph\">{\"@context\":\"https:\\\/\\\/schema.org\",\"@graph\":[{\"@type\":\"WebPage\",\"@id\":\"https:\\\/\\\/vitalitycenterjax.com\\\/new-patients\\\/personal-injury-jacksonville-fl\\\/\",\"url\":\"https:\\\/\\\/vitalitycenterjax.com\\\/new-patients\\\/personal-injury-jacksonville-fl\\\/\",\"name\":\"Personal Injury - Vitality Center Jacksonville\",\"isPartOf\":{\"@id\":\"http:\\\/\\\/vitalitycenterjax.com\\\/#website\"},\"primaryImageOfPage\":{\"@id\":\"https:\\\/\\\/vitalitycenterjax.com\\\/new-patients\\\/personal-injury-jacksonville-fl\\\/#primaryimage\"},\"image\":{\"@id\":\"https:\\\/\\\/vitalitycenterjax.com\\\/new-patients\\\/personal-injury-jacksonville-fl\\\/#primaryimage\"},\"thumbnailUrl\":\"https:\\\/\\\/vitalitycenterjax.com\\\/wp-content\\\/uploads\\\/2018\\\/10\\\/KFP-3-2.jpg\",\"datePublished\":\"2018-10-05T00:53:31+00:00\",\"dateModified\":\"2024-04-25T18:16:29+00:00\",\"description\":\"Recover from personal injuries in Jacksonville, Fl. Offering same-day appointments for auto accidents, slips, falls, and work injuries.\",\"breadcrumb\":{\"@id\":\"https:\\\/\\\/vitalitycenterjax.com\\\/new-patients\\\/personal-injury-jacksonville-fl\\\/#breadcrumb\"},\"inLanguage\":\"es\",\"potentialAction\":[{\"@type\":\"ReadAction\",\"target\":[\"https:\\\/\\\/vitalitycenterjax.com\\\/new-patients\\\/personal-injury-jacksonville-fl\\\/\"]}]},{\"@type\":\"ImageObject\",\"inLanguage\":\"es\",\"@id\":\"https:\\\/\\\/vitalitycenterjax.com\\\/new-patients\\\/personal-injury-jacksonville-fl\\\/#primaryimage\",\"url\":\"https:\\\/\\\/vitalitycenterjax.com\\\/wp-content\\\/uploads\\\/2018\\\/10\\\/KFP-3-2.jpg\",\"contentUrl\":\"https:\\\/\\\/vitalitycenterjax.com\\\/wp-content\\\/uploads\\\/2018\\\/10\\\/KFP-3-2.jpg\",\"width\":1500,\"height\":919,\"caption\":\"Vitality Center Jax Personal Injury\"},{\"@type\":\"BreadcrumbList\",\"@id\":\"https:\\\/\\\/vitalitycenterjax.com\\\/new-patients\\\/personal-injury-jacksonville-fl\\\/#breadcrumb\",\"itemListElement\":[{\"@type\":\"ListItem\",\"position\":1,\"name\":\"Home\",\"item\":\"https:\\\/\\\/vitalitycenterjax.com\\\/\"},{\"@type\":\"ListItem\",\"position\":2,\"name\":\"New Patients\",\"item\":\"https:\\\/\\\/vitalitycenterjax.com\\\/new-patients\\\/\"},{\"@type\":\"ListItem\",\"position\":3,\"name\":\"Personal Injury\"}]},{\"@type\":\"WebSite\",\"@id\":\"http:\\\/\\\/vitalitycenterjax.com\\\/#website\",\"url\":\"http:\\\/\\\/vitalitycenterjax.com\\\/\",\"name\":\"Vitality Center Jacksonville\",\"description\":\"Quality Chiropractic Care and Healthcare Options\",\"publisher\":{\"@id\":\"http:\\\/\\\/vitalitycenterjax.com\\\/#organization\"},\"potentialAction\":[{\"@type\":\"SearchAction\",\"target\":{\"@type\":\"EntryPoint\",\"urlTemplate\":\"http:\\\/\\\/vitalitycenterjax.com\\\/?s={search_term_string}\"},\"query-input\":{\"@type\":\"PropertyValueSpecification\",\"valueRequired\":true,\"valueName\":\"search_term_string\"}}],\"inLanguage\":\"es\"},{\"@type\":[\"Organization\",\"Place\",\"MedicalClinic\"],\"@id\":\"http:\\\/\\\/vitalitycenterjax.com\\\/#organization\",\"name\":\"Vitality Center Jacksonville\",\"url\":\"http:\\\/\\\/vitalitycenterjax.com\\\/\",\"logo\":{\"@id\":\"https:\\\/\\\/vitalitycenterjax.com\\\/new-patients\\\/personal-injury-jacksonville-fl\\\/#local-main-organization-logo\"},\"image\":{\"@id\":\"https:\\\/\\\/vitalitycenterjax.com\\\/new-patients\\\/personal-injury-jacksonville-fl\\\/#local-main-organization-logo\"},\"sameAs\":[\"https:\\\/\\\/www.facebook.com\\\/vitalitycenterjax\",\"https:\\\/\\\/www.instagram.com\\\/vitalitycenterjax\\\/\"],\"address\":{\"@id\":\"https:\\\/\\\/vitalitycenterjax.com\\\/new-patients\\\/personal-injury-jacksonville-fl\\\/#local-main-place-address\"},\"telephone\":[\"(904) 434-3465\"],\"contactPoint\":{\"@type\":\"ContactPoint\",\"telephone\":\"(904) 434-3465\",\"email\":\"frontdesk@vitalitycenterjax.com\"},\"openingHoursSpecification\":[{\"@type\":\"OpeningHoursSpecification\",\"dayOfWeek\":[\"Monday\",\"Thursday\"],\"opens\":\"09:00\",\"closes\":\"18:30\"},{\"@type\":\"OpeningHoursSpecification\",\"dayOfWeek\":[\"Tuesday\",\"Wednesday\"],\"opens\":\"08:30\",\"closes\":\"17:00\"},{\"@type\":\"OpeningHoursSpecification\",\"dayOfWeek\":[\"Friday\",\"Saturday\",\"Sunday\"],\"opens\":\"00:00\",\"closes\":\"00:00\"}],\"email\":\"frontdesk@vitalitycenterjax.com\",\"areaServed\":\"Jacksonville\",\"priceRange\":\"$\",\"currenciesAccepted\":\"USD\"},{\"@type\":\"PostalAddress\",\"@id\":\"https:\\\/\\\/vitalitycenterjax.com\\\/new-patients\\\/personal-injury-jacksonville-fl\\\/#local-main-place-address\",\"streetAddress\":\"3636 University Blvd S Suite B3\",\"addressLocality\":\"Jacksonville\",\"postalCode\":\"32216\",\"addressRegion\":\"FL\",\"addressCountry\":\"US\"},{\"@type\":\"ImageObject\",\"inLanguage\":\"es\",\"@id\":\"https:\\\/\\\/vitalitycenterjax.com\\\/new-patients\\\/personal-injury-jacksonville-fl\\\/#local-main-organization-logo\",\"url\":\"https:\\\/\\\/vitalitycenterjax.com\\\/wp-content\\\/uploads\\\/2018\\\/09\\\/vfc-circle-e1537364957593.png\",\"contentUrl\":\"https:\\\/\\\/vitalitycenterjax.com\\\/wp-content\\\/uploads\\\/2018\\\/09\\\/vfc-circle-e1537364957593.png\",\"width\":855,\"height\":855,\"caption\":\"Vitality Center Jacksonville\"}]}<\/script>\n<meta name=\"geo.placename\" content=\"Jacksonville\" \/>\n<meta name=\"geo.region\" content=\"United States (US)\" \/>\n<!-- \/ Yoast SEO Premium plugin. -->","yoast_head_json":{"title":"Lesiones personales - Vitality Center Jacksonville","description":"Recuperate de lesiones personales en Jacksonville, Florida. Ofrecemos citas el mismo d\u00eda para accidentes automovil\u00edsticos, resbalones, ca\u00eddas y lesiones laborales.","robots":{"index":"index","follow":"follow","max-snippet":"max-snippet:-1","max-image-preview":"max-image-preview:large","max-video-preview":"max-video-preview:-1"},"canonical":"https:\/\/vitalitycenterjax.com\/es\/pacientes-nuevos\/lesiones-personales-jacksonville-fl\/","og_locale":"es_ES","og_type":"article","og_title":"Personal Injury","og_description":"Recover from personal injuries in Jacksonville, Fl. Offering same-day appointments for auto accidents, slips, falls, and work injuries.","og_url":"https:\/\/vitalitycenterjax.com\/es\/pacientes-nuevos\/lesiones-personales-jacksonville-fl\/","og_site_name":"Vitality Center Jacksonville","article_publisher":"https:\/\/www.facebook.com\/vitalitycenterjax","article_modified_time":"2024-04-25T18:16:29+00:00","og_image":[{"width":1500,"height":919,"url":"https:\/\/vitalitycenterjax.com\/wp-content\/uploads\/2018\/10\/KFP-3-2.jpg","type":"image\/jpeg"}],"twitter_card":"summary_large_image","twitter_misc":{"Est. reading time":"3 minutos"},"schema":{"@context":"https:\/\/schema.org","@graph":[{"@type":"WebPage","@id":"https:\/\/vitalitycenterjax.com\/new-patients\/personal-injury-jacksonville-fl\/","url":"https:\/\/vitalitycenterjax.com\/new-patients\/personal-injury-jacksonville-fl\/","name":"Lesiones personales - Vitality Center Jacksonville","isPartOf":{"@id":"http:\/\/vitalitycenterjax.com\/#website"},"primaryImageOfPage":{"@id":"https:\/\/vitalitycenterjax.com\/new-patients\/personal-injury-jacksonville-fl\/#primaryimage"},"image":{"@id":"https:\/\/vitalitycenterjax.com\/new-patients\/personal-injury-jacksonville-fl\/#primaryimage"},"thumbnailUrl":"https:\/\/vitalitycenterjax.com\/wp-content\/uploads\/2018\/10\/KFP-3-2.jpg","datePublished":"2018-10-05T00:53:31+00:00","dateModified":"2024-04-25T18:16:29+00:00","description":"Recuperate de lesiones personales en Jacksonville, Florida. Ofrecemos citas el mismo d\u00eda para accidentes automovil\u00edsticos, resbalones, ca\u00eddas y lesiones laborales.","breadcrumb":{"@id":"https:\/\/vitalitycenterjax.com\/new-patients\/personal-injury-jacksonville-fl\/#breadcrumb"},"inLanguage":"es","potentialAction":[{"@type":"ReadAction","target":["https:\/\/vitalitycenterjax.com\/new-patients\/personal-injury-jacksonville-fl\/"]}]},{"@type":"ImageObject","inLanguage":"es","@id":"https:\/\/vitalitycenterjax.com\/new-patients\/personal-injury-jacksonville-fl\/#primaryimage","url":"https:\/\/vitalitycenterjax.com\/wp-content\/uploads\/2018\/10\/KFP-3-2.jpg","contentUrl":"https:\/\/vitalitycenterjax.com\/wp-content\/uploads\/2018\/10\/KFP-3-2.jpg","width":1500,"height":919,"caption":"Vitality Center Jax Personal Injury"},{"@type":"BreadcrumbList","@id":"https:\/\/vitalitycenterjax.com\/new-patients\/personal-injury-jacksonville-fl\/#breadcrumb","itemListElement":[{"@type":"ListItem","position":1,"name":"Home","item":"https:\/\/vitalitycenterjax.com\/"},{"@type":"ListItem","position":2,"name":"New Patients","item":"https:\/\/vitalitycenterjax.com\/new-patients\/"},{"@type":"ListItem","position":3,"name":"Personal Injury"}]},{"@type":"WebSite","@id":"http:\/\/vitalitycenterjax.com\/#website","url":"http:\/\/vitalitycenterjax.com\/","name":"Vitality Center Jacksonville - Espa\u00f1ol","description":"Atenci\u00f3n quiropr\u00e1ctica de calidad y opciones de atenci\u00f3n m\u00e9dica","publisher":{"@id":"http:\/\/vitalitycenterjax.com\/#organization"},"potentialAction":[{"@type":"SearchAction","target":{"@type":"EntryPoint","urlTemplate":"http:\/\/vitalitycenterjax.com\/?s={search_term_string}"},"query-input":{"@type":"PropertyValueSpecification","valueRequired":true,"valueName":"search_term_string"}}],"inLanguage":"es"},{"@type":["Organization","Place","MedicalClinic"],"@id":"http:\/\/vitalitycenterjax.com\/#organization","name":"Vitality Center Jacksonville - Espa\u00f1ol","url":"http:\/\/vitalitycenterjax.com\/","logo":{"@id":"https:\/\/vitalitycenterjax.com\/new-patients\/personal-injury-jacksonville-fl\/#local-main-organization-logo"},"image":{"@id":"https:\/\/vitalitycenterjax.com\/new-patients\/personal-injury-jacksonville-fl\/#local-main-organization-logo"},"sameAs":["https:\/\/www.facebook.com\/vitalitycenterjax","https:\/\/www.instagram.com\/vitalitycenterjax\/"],"address":{"@id":"https:\/\/vitalitycenterjax.com\/new-patients\/personal-injury-jacksonville-fl\/#local-main-place-address"},"telephone":["(904) 434-3465"],"contactPoint":{"@type":"ContactPoint","telephone":"(904) 434-3465","email":"frontdesk@vitalitycenterjax.com"},"openingHoursSpecification":[{"@type":"OpeningHoursSpecification","dayOfWeek":["Monday","Thursday"],"opens":"09:00","closes":"18:30"},{"@type":"OpeningHoursSpecification","dayOfWeek":["Tuesday","Wednesday"],"opens":"08:30","closes":"17:00"},{"@type":"OpeningHoursSpecification","dayOfWeek":["Friday","Saturday","Sunday"],"opens":"00:00","closes":"00:00"}],"email":"frontdesk@vitalitycenterjax.com","areaServed":"Jacksonville","priceRange":"$","currenciesAccepted":"USD"},{"@type":"PostalAddress","@id":"https:\/\/vitalitycenterjax.com\/new-patients\/personal-injury-jacksonville-fl\/#local-main-place-address","streetAddress":"3636 University Blvd S Suite B3","addressLocality":"Jacksonville","postalCode":"32216","addressRegion":"FL","addressCountry":"US"},{"@type":"ImageObject","inLanguage":"es","@id":"https:\/\/vitalitycenterjax.com\/new-patients\/personal-injury-jacksonville-fl\/#local-main-organization-logo","url":"https:\/\/vitalitycenterjax.com\/wp-content\/uploads\/2018\/09\/vfc-circle-e1537364957593.png","contentUrl":"https:\/\/vitalitycenterjax.com\/wp-content\/uploads\/2018\/09\/vfc-circle-e1537364957593.png","width":855,"height":855,"caption":"Vitality Center Jacksonville"}]},"geo.placename":"Jacksonville","geo.region":"United States (US)"},"_links":{"self":[{"href":"https:\/\/vitalitycenterjax.com\/es\/wp-json\/wp\/v2\/pages\/1610","targetHints":{"allow":["GET"]}}],"collection":[{"href":"https:\/\/vitalitycenterjax.com\/es\/wp-json\/wp\/v2\/pages"}],"about":[{"href":"https:\/\/vitalitycenterjax.com\/es\/wp-json\/wp\/v2\/types\/page"}],"author":[{"embeddable":true,"href":"https:\/\/vitalitycenterjax.com\/es\/wp-json\/wp\/v2\/users\/1"}],"replies":[{"embeddable":true,"href":"https:\/\/vitalitycenterjax.com\/es\/wp-json\/wp\/v2\/comments?post=1610"}],"version-history":[{"count":9,"href":"https:\/\/vitalitycenterjax.com\/es\/wp-json\/wp\/v2\/pages\/1610\/revisions"}],"predecessor-version":[{"id":2858,"href":"https:\/\/vitalitycenterjax.com\/es\/wp-json\/wp\/v2\/pages\/1610\/revisions\/2858"}],"up":[{"embeddable":true,"href":"https:\/\/vitalitycenterjax.com\/es\/wp-json\/wp\/v2\/pages\/1542"}],"wp:featuredmedia":[{"embeddable":true,"href":"https:\/\/vitalitycenterjax.com\/es\/wp-json\/wp\/v2\/media\/1594"}],"wp:attachment":[{"href":"https:\/\/vitalitycenterjax.com\/es\/wp-json\/wp\/v2\/media?parent=1610"}],"curies":[{"name":"wp","href":"https:\/\/api.w.org\/{rel}","templated":true}]}}