{"id":1542,"date":"2018-09-25T01:21:07","date_gmt":"2018-09-25T01:21:07","guid":{"rendered":"http:\/\/vitalitycenterjax.com\/?page_id=1542"},"modified":"2025-03-27T02:16:57","modified_gmt":"2025-03-27T02:16:57","slug":"pacientes-nuevos","status":"publish","type":"page","link":"https:\/\/vitalitycenterjax.com\/es\/new-patients\/","title":{"rendered":"Pacientes Nuevos"},"content":{"rendered":"<p><section id=\"bt_section69ee419d49bee\"  class=\"boldSection btDivider topSemiSpaced bottomSemiSpaced btDarkSkin gutter inherit wBackground cover\" style=\"background-color:#0cb8b6;background-image:url('https:\/\/vitalitycenterjax.com\/wp-content\/uploads\/2015\/12\/bgn-grad.png');\"><div class=\"port\"><div class=\"boldCell\"><div class=\"boldCellInner\"><div class=\"boldRow\" ><div class=\"boldRowInner\"><div class=\"rowItem col-md-12 col-ms-12  btTextLeft\"  ><div class=\"rowItemContent\" ><div class=\"btClear btSeparator topExtraSmallSpaced noBorder\" ><hr><\/div><div class=\"btClear btSeparator topExtraSmallSpaced noBorder\" ><hr><\/div><header class=\"header btClear extralarge  btNormalDash\" ><div class=\"dash\"><h1><span class=\"headline\">NUEVOS PACIENTES<\/span><\/h1><\/div><\/header><\/div><\/div><\/div><\/div><\/div><\/div><\/div><\/section><section id=\"bt_section69ee419d49d0f\"  class=\"boldSection gutter\" ><div class=\"port\"><div class=\"boldCell\"><div class=\"boldCellInner\"><div class=\"boldRow\" ><div class=\"boldRowInner\"><div class=\"rowItem col-md-8 col-ms-12 btTextLeft btMiddleVertical\"  ><div class=\"rowItemContent\" ><div class=\"btClear btSeparator topSmallSpaced bottomSmallSpaced noBorder\" ><hr><\/div><header class=\"header btClear large  btNormalDash\" ><div class=\"dash\"><h2><span class=\"headline\">DA\u00d1OS PERSONALES<\/span><\/h2><\/div><\/header><div class=\"btText\" ><\/p>\n<p><span style=\"font-weight: 400;\">Los accidentes automovil\u00edsticos, resbalones y ca\u00eddas \u00f3 cualquier lesi\u00f3n laboral a menudo causan lesiones en los tejidos blandos, como esguinces en las articulaciones, distensiones musculares y cambios en la estructura de los discos de las v\u00e9rtebras. La Dr. L\u00f3pez Rivera tiene el conocimiento para lidiar con estas lesiones y sabe c\u00f3mo regresarlo al camino hacia una mejor salud. Sabemos que es estar involucrado en un accidente automovil\u00edstico y que esto altera su rutina diaria por eso queremos ayudarlo. Ofrecemos citas el mismo d\u00eda.<\/span><\/p>\n<p>\n<\/div><div class=\"btClear btSeparator topSmallSpaced noBorder\" ><hr><\/div><a href=\"http:\/\/autoinjuryjax.com\/\" class=\"btBtn btBtn btnFilledStyle btnAccentColor btnExtraSmall btnNormalWidth btnRightPosition btnNoIcon\"  target=\"_blank\"><span class=\"btnInnerText\">LEER M\u00c1S<\/span><\/a><div class=\"btClear btSeparator topSemiSpaced noBorder\" ><hr><\/div><\/div><\/div><div class=\"rowItem col-md-4 col-ms-12 btTextCenter inherit\"  ><div class=\"rowItemContent\" ><div class=\"btClear btSeparator topExtraSmallSpaced noBorder\" ><hr><\/div><div class=\"bpgPhoto btTextCenter\" > \r\n\t\t\t\t\t<a href=\"http:\/\/vitalitycenterjax.com\/es\/pacientes-nuevos\/personal-injury-2\/\" target=\"_self\" title=\"TERAPIA DE REHABILITACI\u00d3N\"><\/a>\r\n\t\t\t\t\t<div class=\"boldPhotoBox\"><div class=\"bpbItem\"><div class = \"btImage\"><img decoding=\"async\" src=\"https:\/\/vitalitycenterjax.com\/wp-content\/uploads\/2018\/10\/Rehab.jpg\" alt=\"TERAPIA DE REHABILITACI\u00d3N\" title=\"TERAPIA DE REHABILITACI\u00d3N\" ><\/div><\/div><\/div>\r\n\t\t\t\t\t<div class=\"captionPane\">\r\n\t\t\t\t\t\t<div class=\"captionTable\">\r\n\t\t\t\t\t\t\t<div class=\"captionCell\">\r\n\t\t\t\t\t\t\t\t<div class=\"captionTxt\"><\/div>\r\n\t\t\t\t\t\t\t<\/div>\r\n\t\t\t\t\t\t<\/div>\r\n\t\t\t\t\t<\/div><\/div><\/div><\/div><\/div><\/div><div class=\"boldRow\" ><div class=\"boldRowInner\"><div class=\"rowItem col-md-4 col-ms-12 btTextCenter inherit\"  ><div class=\"rowItemContent\" ><div class=\"btClear btSeparator topExtraSmallSpaced noBorder\" ><hr><\/div><div class=\"bpgPhoto btTextCenter\" > \r\n\t\t\t\t\t<a href=\"http:\/\/vitalitycenterjax.com\/es\/pacientes-nuevos\/atencion-prenatal\/\" target=\"_self\" title=\"\"><\/a>\r\n\t\t\t\t\t<div class=\"boldPhotoBox\"><div class=\"bpbItem\"><div class = \"btImage\"><img decoding=\"async\" src=\"https:\/\/vitalitycenterjax.com\/wp-content\/uploads\/2018\/09\/VitalityCenter3.jpg\" alt=\"\" title=\"\" ><\/div><\/div><\/div>\r\n\t\t\t\t\t<div class=\"captionPane\">\r\n\t\t\t\t\t\t<div class=\"captionTable\">\r\n\t\t\t\t\t\t\t<div class=\"captionCell\">\r\n\t\t\t\t\t\t\t\t<div class=\"captionTxt\"><\/div>\r\n\t\t\t\t\t\t\t<\/div>\r\n\t\t\t\t\t\t<\/div>\r\n\t\t\t\t\t<\/div><\/div><\/div><\/div><div class=\"rowItem col-md-8 col-ms-12 btTextLeft btMiddleVertical\"  ><div class=\"rowItemContent\" ><header class=\"header btClear large  btNormalDash\" ><div class=\"dash\"><h2><span class=\"headline\">CUIDADO PRENATAL<\/span><\/h2><\/div><\/header><div class=\"btText\" ><\/p>\n<p><span style=\"font-weight: 400;\">No existen contraindicaciones para brindar atenci\u00f3n quiropr\u00e1ctica durante el embarazo. Todos los quiropr\u00e1cticos est\u00e1n capacitados para trabajar con mujeres embarazadas, pero solo algunos quiropr\u00e1cticos tienen el inter\u00e9s espec\u00edfico en la atenci\u00f3n prenatal y posnatal. Estos m\u00e9dicos buscan capacitaci\u00f3n adicional, como estar certificados por Webster, lo que significa que est\u00e1n capacitados para trabajar espec\u00edficamente con el desequilibrio p\u00e9lvico durante el embarazo.<\/span><\/p>\n<p>\n<\/div><div class=\"btClear btSeparator topSmallSpaced noBorder\" ><hr><\/div><a href=\"http:\/\/vitalitycenterjax.com\/es\/pacientes-nuevos\/atencion-prenatal\/\" class=\"btBtn btBtn btnFilledStyle btnAccentColor btnExtraSmall btnNormalWidth btnRightPosition btnNoIcon\" ><span class=\"btnInnerText\">LEER M\u00c1S<\/span><\/a><div class=\"btClear btSeparator topSemiSpaced noBorder\" ><hr><\/div><\/div><\/div><\/div><\/div><div class=\"boldRow\" ><div class=\"boldRowInner\"><div class=\"rowItem col-md-8 col-ms-12 btTextLeft btMiddleVertical\"  ><div class=\"rowItemContent\" ><header class=\"header btClear large  btNormalDash\" ><div class=\"dash\"><h2><span class=\"headline\">PEDIATR\u00cdA<\/span><\/h2><\/div><\/header><div class=\"btText\" ><\/p>\n<p><span style=\"font-weight: 400;\">La atenci\u00f3n quiropr\u00e1ctica para reci\u00e9n nacidos, beb\u00e9s y ni\u00f1os es algo que la mayor\u00eda de las personas nunca ha considerado para la salud general de sus hijos. Sin embargo, un porcentaje creciente de la poblaci\u00f3n utiliza la atenci\u00f3n quiropr\u00e1ctica desde el nacimiento y durante toda la vida para problemas de salud y prevenci\u00f3n. <\/span><\/p>\n<p>\n<\/div><div class=\"btClear btSeparator topSmallSpaced noBorder\" ><hr><\/div><a href=\"http:\/\/vitalitycenterjax.com\/es\/pacientes-nuevos\/pediatria\/\" class=\"btBtn btBtn btnFilledStyle btnAccentColor btnExtraSmall btnNormalWidth btnRightPosition btnNoIcon\" ><span class=\"btnInnerText\">LEER M\u00c1S<\/span><\/a><div class=\"btClear btSeparator topSemiSpaced noBorder\" ><hr><\/div><\/div><\/div><div class=\"rowItem col-md-4 col-ms-12 btTextCenter inherit\"  ><div class=\"rowItemContent\" ><div data-bb-version=\"4.6.1\" class=\"bt_bb_slider bt_bb_height_auto\"><div class=\"slick-slider\"  data-slick='{ \"lazyLoad\": \"progressive\", \"cssEase\": \"ease-out\", \"speed\": \"300\", \"prevArrow\": \"&lt;button type=\\\"button\\\" class=\\\"slick-prev\\\"&gt;\", \"nextArrow\": \"&lt;button type=\\\"button\\\" class=\\\"slick-next\\\"&gt;\", \"adaptiveHeight\": true, \"dots\": true,\"autoplay\": true, \"autoplaySpeed\": 3000}' ><div class=\"bt_bb_slider_item\"><img decoding=\"async\" src=\"https:\/\/vitalitycenterjax.com\/wp-content\/uploads\/2023\/09\/Pediatric-Care.jpg\" alt=\"Atenci\u00f3n pedi\u00e1trica\"  title=\"Atenci\u00f3n pedi\u00e1trica\"><\/div><div class=\"bt_bb_slider_item\"><img decoding=\"async\" src=\"https:\/\/vitalitycenterjax.com\/wp-content\/uploads\/2021\/01\/Pediatric-Care-2.jpg\" alt=\"Atenci\u00f3n pedi\u00e1trica 2\"  title=\"Atenci\u00f3n pedi\u00e1trica 2\"><\/div><div class=\"bt_bb_slider_item\"><img decoding=\"async\" src=\"https:\/\/vitalitycenterjax.com\/wp-content\/uploads\/2021\/01\/Pediatric-Care-3.jpg\" alt=\"Atenci\u00f3n pedi\u00e1trica 3\"  title=\"Atenci\u00f3n pedi\u00e1trica 3\"><\/div><div class=\"bt_bb_slider_item\"><img decoding=\"async\" src=\"https:\/\/vitalitycenterjax.com\/wp-content\/uploads\/2018\/10\/20180808_171939.jpg\" alt=\"20180808_171939\"  title=\"20180808_171939\"><\/div><\/div><\/div><\/div><\/div><\/div><\/div><div class=\"boldRow\" ><div class=\"boldRowInner\"><div class=\"rowItem col-md-4 col-ms-12 btTextCenter inherit\"  ><div class=\"rowItemContent\" ><div class=\"btClear btSeparator topExtraSmallSpaced noBorder\" ><hr><\/div><div class=\"bpgPhoto btTextCenter\" > \r\n\t\t\t\t\t<a href=\"http:\/\/vitalitycenterjax.com\/es\/pacientes-nuevos\/atencion-prenatal\/\" target=\"_self\" title=\"Vitality Center Jax CDL\/DOT EX\u00c1MENES F\u00cdSICOS\"><\/a>\r\n\t\t\t\t\t<div class=\"boldPhotoBox\"><div class=\"bpbItem\"><div class = \"btImage\"><img decoding=\"async\" src=\"https:\/\/vitalitycenterjax.com\/wp-content\/uploads\/2021\/10\/National-Registry.png\" alt=\"Vitality Center Jax CDL\/DOT EX\u00c1MENES F\u00cdSICOS\" title=\"Vitality Center Jax CDL\/DOT EX\u00c1MENES F\u00cdSICOS\" ><\/div><\/div><\/div>\r\n\t\t\t\t\t<div class=\"captionPane\">\r\n\t\t\t\t\t\t<div class=\"captionTable\">\r\n\t\t\t\t\t\t\t<div class=\"captionCell\">\r\n\t\t\t\t\t\t\t\t<div class=\"captionTxt\"><\/div>\r\n\t\t\t\t\t\t\t<\/div>\r\n\t\t\t\t\t\t<\/div>\r\n\t\t\t\t\t<\/div><\/div><\/div><\/div><div class=\"rowItem col-md-8 col-ms-12 btTextLeft btMiddleVertical\"  ><div class=\"rowItemContent\" ><header class=\"header btClear large  btNormalDash\" ><div class=\"dash\"><h2><span class=\"headline\">\u00bfNECESITAS UN EXAMEN F\u00cdSICO CDL\/DOT?<\/span><\/h2><\/div><\/header><div class=\"btText\" ><\/p>\n<p>Realizamos ex\u00e1menes f\u00edsicos DOT\/CDL en Jacksonville, Florida. Nuestros ex\u00e1menes cumplen con los requisitos de la Administraci\u00f3n de Seguridad de Autotransportes de Florida. Vitality Family Chiropractic est\u00e1 excelentemente ubicado en 3636 University Blvd South, Ste. B3 frente al Memorial Hospital.<\/p>\n<p>\n<\/div><div class=\"btClear btSeparator topSmallSpaced noBorder\" ><hr><\/div><a href=\"https:\/\/vitalitycenterjax.com\/es\/servicios\/cdl-dot-physical-exams\/\" class=\"btBtn btBtn btnFilledStyle btnAccentColor btnExtraSmall btnNormalWidth btnRightPosition btnNoIcon\" ><span class=\"btnInnerText\">LEER M\u00c1S<\/span><\/a><div class=\"btClear btSeparator topSemiSpaced noBorder\" ><hr><\/div><\/div><\/div><\/div><\/div><div class=\"boldRow\" ><div class=\"boldRowInner\"><div class=\"rowItem col-md-8 col-ms-12 btTextLeft btMiddleVertical\"  ><div class=\"rowItemContent\" ><div class=\"btClear btSeparator topSmallSpaced bottomSmallSpaced noBorder\" ><hr><\/div><header class=\"header btClear large  btNormalDash\" ><div class=\"dash\"><h2><span class=\"headline\">CUIDADO QUIROPR\u00c1CTICO DE BIENESTAR<\/span><\/h2><\/div><\/header><div class=\"btText\" ><\/p>\n<p>El bienestar de todo el cuerpo no es una soluci\u00f3n r\u00e1pida ni una ventanilla \u00fanica cuando se trata el dolor o las dolencias f\u00edsicas, ni los beneficios de un tratamiento quiropr\u00e1ctico constante son espec\u00edficos para el dolor de espalda o las lesiones de la columna. La efectividad del tratamiento de \u00e1reas espec\u00edficas debido a irregularidades, lesiones o dolor cr\u00f3nico aumenta con la consistencia en el tratamiento quiropr\u00e1ctico. La atenci\u00f3n quiropr\u00e1ctica constante es vital para mantener la recuperaci\u00f3n y la salud general de su cuerpo, adem\u00e1s del control continuo del dolor. La quiropr\u00e1ctica no es s\u00f3lo una medida preventiva, sino m\u00e1s bien un cambio de estilo de vida habitual que promueve el mantenimiento del bienestar de adentro hacia afuera.<\/p>\n<p>\n<\/div><div class=\"btClear btSeparator topSmallSpaced noBorder\" ><hr><\/div><a href=\"https:\/\/vitalitycenterjax.com\/es\/pacientes-nuevos\/atencion-quiropractica-para-el-bienestar-2\/\" class=\"btBtn btBtn btnFilledStyle btnAccentColor btnExtraSmall btnNormalWidth btnRightPosition btnNoIcon\" ><span class=\"btnInnerText\">LEER M\u00c1S<\/span><\/a><div class=\"btClear btSeparator topSemiSpaced noBorder\" ><hr><\/div><\/div><\/div><div class=\"rowItem col-md-4 col-ms-12 btTextCenter inherit\"  ><div class=\"rowItemContent\" ><div class=\"btClear btSeparator topExtraSmallSpaced noBorder\" ><hr><\/div><div class=\"bpgPhoto btTextCenter\" > \r\n\t\t\t\t\t<a href=\"http:\/\/vitalitycenterjax.com\/es\/pacientes-nuevos\/personal-injury-2\/\" target=\"_self\" title=\"\"><\/a>\r\n\t\t\t\t\t<div class=\"boldPhotoBox\"><div class=\"bpbItem\"><div class = \"btImage\"><img decoding=\"async\" src=\"https:\/\/vitalitycenterjax.com\/wp-content\/uploads\/2021\/10\/wellness-quiropractic-care.png\" alt=\"\" title=\"\" ><\/div><\/div><\/div>\r\n\t\t\t\t\t<div class=\"captionPane\">\r\n\t\t\t\t\t\t<div class=\"captionTable\">\r\n\t\t\t\t\t\t\t<div class=\"captionCell\">\r\n\t\t\t\t\t\t\t\t<div class=\"captionTxt\"><\/div>\r\n\t\t\t\t\t\t\t<\/div>\r\n\t\t\t\t\t\t<\/div>\r\n\t\t\t\t\t<\/div><\/div><\/div><\/div><\/div><\/div><div class=\"boldRow\" ><div class=\"boldRowInner\"><div class=\"rowItem col-md-12 col-ms-12  btTextLeft\"  ><div class=\"rowItemContent\" ><div class=\"btClear btSeparator topSmallSpaced noBorder\" ><hr><\/div><\/div><\/div><\/div><\/div><\/div><\/div><\/div><\/section><\/p>","protected":false},"excerpt":{"rendered":"","protected":false},"author":1,"featured_media":0,"parent":0,"menu_order":0,"comment_status":"closed","ping_status":"closed","template":"","meta":{"nf_dc_page":"","_monsterinsights_skip_tracking":false,"_monsterinsights_sitenote_active":false,"_monsterinsights_sitenote_note":"","_monsterinsights_sitenote_category":0,"_joinchat":[],"footnotes":""},"class_list":["post-1542","page","type-page","status-publish","hentry"],"yoast_head":"<!-- This site is optimized with the Yoast SEO Premium plugin v24.7 (Yoast SEO v27.4) - https:\/\/yoast.com\/product\/yoast-seo-premium-wordpress\/ -->\n<title>New Patients - Vitality Center Jacksonville<\/title>\n<meta name=\"description\" content=\"New Patient looking for chiropractor in Jacksonville FL. Car accidents, child and prenatal care, work or sports injuries. CDL-DOT exams, back, joint, muscle pain\" \/>\n<meta name=\"robots\" content=\"index, follow, max-snippet:-1, max-image-preview:large, max-video-preview:-1\" \/>\n<link rel=\"canonical\" href=\"https:\/\/vitalitycenterjax.com\/es\/pacientes-nuevos\/\" \/>\n<meta property=\"og:locale\" content=\"es_ES\" \/>\n<meta property=\"og:type\" content=\"article\" \/>\n<meta property=\"og:title\" content=\"New Patients\" \/>\n<meta property=\"og:description\" content=\"New Patient looking for chiropractor in Jacksonville FL. Car accidents, child and prenatal care, work or sports injuries. CDL-DOT exams, back, joint, muscle pain\" \/>\n<meta property=\"og:url\" content=\"https:\/\/vitalitycenterjax.com\/es\/pacientes-nuevos\/\" \/>\n<meta property=\"og:site_name\" content=\"Vitality Center Jacksonville\" \/>\n<meta property=\"article:publisher\" content=\"https:\/\/www.facebook.com\/vitalitycenterjax\" \/>\n<meta property=\"article:modified_time\" content=\"2025-03-27T02:16:57+00:00\" \/>\n<meta property=\"og:image\" content=\"https:\/\/vitalitycenterjax.com\/wp-content\/uploads\/2018\/09\/cropped-vfc-circle-1200x1200-1.png\" \/>\n\t<meta property=\"og:image:width\" content=\"512\" \/>\n\t<meta property=\"og:image:height\" content=\"512\" \/>\n\t<meta property=\"og:image:type\" content=\"image\/png\" \/>\n<meta name=\"twitter:card\" content=\"summary_large_image\" \/>\n<meta name=\"twitter:label1\" content=\"Est. reading time\" \/>\n\t<meta name=\"twitter:data1\" content=\"4 minutos\" \/>\n<script type=\"application\/ld+json\" class=\"yoast-schema-graph\">{\"@context\":\"https:\\\/\\\/schema.org\",\"@graph\":[{\"@type\":\"WebPage\",\"@id\":\"https:\\\/\\\/vitalitycenterjax.com\\\/new-patients\\\/\",\"url\":\"https:\\\/\\\/vitalitycenterjax.com\\\/new-patients\\\/\",\"name\":\"New Patients - Vitality Center Jacksonville\",\"isPartOf\":{\"@id\":\"http:\\\/\\\/vitalitycenterjax.com\\\/#website\"},\"datePublished\":\"2018-09-25T01:21:07+00:00\",\"dateModified\":\"2025-03-27T02:16:57+00:00\",\"description\":\"New Patient looking for chiropractor in Jacksonville FL. Car accidents, child and prenatal care, work or sports injuries. CDL-DOT exams, back, joint, muscle pain\",\"breadcrumb\":{\"@id\":\"https:\\\/\\\/vitalitycenterjax.com\\\/new-patients\\\/#breadcrumb\"},\"inLanguage\":\"es\",\"potentialAction\":[{\"@type\":\"ReadAction\",\"target\":[\"https:\\\/\\\/vitalitycenterjax.com\\\/new-patients\\\/\"]}]},{\"@type\":\"BreadcrumbList\",\"@id\":\"https:\\\/\\\/vitalitycenterjax.com\\\/new-patients\\\/#breadcrumb\",\"itemListElement\":[{\"@type\":\"ListItem\",\"position\":1,\"name\":\"Home\",\"item\":\"https:\\\/\\\/vitalitycenterjax.com\\\/\"},{\"@type\":\"ListItem\",\"position\":2,\"name\":\"New Patients\"}]},{\"@type\":\"WebSite\",\"@id\":\"http:\\\/\\\/vitalitycenterjax.com\\\/#website\",\"url\":\"http:\\\/\\\/vitalitycenterjax.com\\\/\",\"name\":\"Vitality Center Jacksonville\",\"description\":\"Quality Chiropractic Care and Healthcare Options\",\"publisher\":{\"@id\":\"http:\\\/\\\/vitalitycenterjax.com\\\/#organization\"},\"potentialAction\":[{\"@type\":\"SearchAction\",\"target\":{\"@type\":\"EntryPoint\",\"urlTemplate\":\"http:\\\/\\\/vitalitycenterjax.com\\\/?s={search_term_string}\"},\"query-input\":{\"@type\":\"PropertyValueSpecification\",\"valueRequired\":true,\"valueName\":\"search_term_string\"}}],\"inLanguage\":\"es\"},{\"@type\":[\"Organization\",\"Place\",\"MedicalClinic\"],\"@id\":\"http:\\\/\\\/vitalitycenterjax.com\\\/#organization\",\"name\":\"Vitality Center Jacksonville\",\"url\":\"http:\\\/\\\/vitalitycenterjax.com\\\/\",\"logo\":{\"@id\":\"https:\\\/\\\/vitalitycenterjax.com\\\/new-patients\\\/#local-main-organization-logo\"},\"image\":{\"@id\":\"https:\\\/\\\/vitalitycenterjax.com\\\/new-patients\\\/#local-main-organization-logo\"},\"sameAs\":[\"https:\\\/\\\/www.facebook.com\\\/vitalitycenterjax\",\"https:\\\/\\\/www.instagram.com\\\/vitalitycenterjax\\\/\"],\"address\":{\"@id\":\"https:\\\/\\\/vitalitycenterjax.com\\\/new-patients\\\/#local-main-place-address\"},\"telephone\":[\"(904) 434-3465\"],\"contactPoint\":{\"@type\":\"ContactPoint\",\"telephone\":\"(904) 434-3465\",\"email\":\"frontdesk@vitalitycenterjax.com\"},\"openingHoursSpecification\":[{\"@type\":\"OpeningHoursSpecification\",\"dayOfWeek\":[\"Monday\",\"Thursday\"],\"opens\":\"09:00\",\"closes\":\"18:30\"},{\"@type\":\"OpeningHoursSpecification\",\"dayOfWeek\":[\"Tuesday\",\"Wednesday\"],\"opens\":\"08:30\",\"closes\":\"17:00\"},{\"@type\":\"OpeningHoursSpecification\",\"dayOfWeek\":[\"Friday\",\"Saturday\",\"Sunday\"],\"opens\":\"00:00\",\"closes\":\"00:00\"}],\"email\":\"frontdesk@vitalitycenterjax.com\",\"areaServed\":\"Jacksonville\",\"priceRange\":\"$\",\"currenciesAccepted\":\"USD\"},{\"@type\":\"PostalAddress\",\"@id\":\"https:\\\/\\\/vitalitycenterjax.com\\\/new-patients\\\/#local-main-place-address\",\"streetAddress\":\"3636 University Blvd S Suite B3\",\"addressLocality\":\"Jacksonville\",\"postalCode\":\"32216\",\"addressRegion\":\"FL\",\"addressCountry\":\"US\"},{\"@type\":\"ImageObject\",\"inLanguage\":\"es\",\"@id\":\"https:\\\/\\\/vitalitycenterjax.com\\\/new-patients\\\/#local-main-organization-logo\",\"url\":\"https:\\\/\\\/vitalitycenterjax.com\\\/wp-content\\\/uploads\\\/2018\\\/09\\\/vfc-circle-e1537364957593.png\",\"contentUrl\":\"https:\\\/\\\/vitalitycenterjax.com\\\/wp-content\\\/uploads\\\/2018\\\/09\\\/vfc-circle-e1537364957593.png\",\"width\":855,\"height\":855,\"caption\":\"Vitality Center Jacksonville\"}]}<\/script>\n<meta name=\"geo.placename\" content=\"Jacksonville\" \/>\n<meta name=\"geo.region\" content=\"United States (US)\" \/>\n<!-- \/ Yoast SEO Premium plugin. -->","yoast_head_json":{"title":"Pacientes nuevos - Vitality Center Jacksonville","description":"Paciente nuevo que busca quiropr\u00e1ctico en Jacksonville FL. Accidentes automovil\u00edsticos, atenci\u00f3n infantil y prenatal, lesiones laborales o deportivas. Ex\u00e1menes CDL-DOT, dolor de espalda, articulaciones y m\u00fasculos.","robots":{"index":"index","follow":"follow","max-snippet":"max-snippet:-1","max-image-preview":"max-image-preview:large","max-video-preview":"max-video-preview:-1"},"canonical":"https:\/\/vitalitycenterjax.com\/es\/pacientes-nuevos\/","og_locale":"es_ES","og_type":"article","og_title":"New Patients","og_description":"New Patient looking for chiropractor in Jacksonville FL. Car accidents, child and prenatal care, work or sports injuries. CDL-DOT exams, back, joint, muscle pain","og_url":"https:\/\/vitalitycenterjax.com\/es\/pacientes-nuevos\/","og_site_name":"Vitality Center Jacksonville","article_publisher":"https:\/\/www.facebook.com\/vitalitycenterjax","article_modified_time":"2025-03-27T02:16:57+00:00","og_image":[{"width":512,"height":512,"url":"https:\/\/vitalitycenterjax.com\/wp-content\/uploads\/2018\/09\/cropped-vfc-circle-1200x1200-1.png","type":"image\/png"}],"twitter_card":"summary_large_image","twitter_misc":{"Est. reading time":"4 minutos"},"schema":{"@context":"https:\/\/schema.org","@graph":[{"@type":"WebPage","@id":"https:\/\/vitalitycenterjax.com\/new-patients\/","url":"https:\/\/vitalitycenterjax.com\/new-patients\/","name":"Pacientes nuevos - Vitality Center Jacksonville","isPartOf":{"@id":"http:\/\/vitalitycenterjax.com\/#website"},"datePublished":"2018-09-25T01:21:07+00:00","dateModified":"2025-03-27T02:16:57+00:00","description":"Paciente nuevo que busca quiropr\u00e1ctico en Jacksonville FL. Accidentes automovil\u00edsticos, atenci\u00f3n infantil y prenatal, lesiones laborales o deportivas. Ex\u00e1menes CDL-DOT, dolor de espalda, articulaciones y m\u00fasculos.","breadcrumb":{"@id":"https:\/\/vitalitycenterjax.com\/new-patients\/#breadcrumb"},"inLanguage":"es","potentialAction":[{"@type":"ReadAction","target":["https:\/\/vitalitycenterjax.com\/new-patients\/"]}]},{"@type":"BreadcrumbList","@id":"https:\/\/vitalitycenterjax.com\/new-patients\/#breadcrumb","itemListElement":[{"@type":"ListItem","position":1,"name":"Home","item":"https:\/\/vitalitycenterjax.com\/"},{"@type":"ListItem","position":2,"name":"New Patients"}]},{"@type":"WebSite","@id":"http:\/\/vitalitycenterjax.com\/#website","url":"http:\/\/vitalitycenterjax.com\/","name":"Vitality Center Jacksonville - Espa\u00f1ol","description":"Atenci\u00f3n quiropr\u00e1ctica de calidad y opciones de atenci\u00f3n m\u00e9dica","publisher":{"@id":"http:\/\/vitalitycenterjax.com\/#organization"},"potentialAction":[{"@type":"SearchAction","target":{"@type":"EntryPoint","urlTemplate":"http:\/\/vitalitycenterjax.com\/?s={search_term_string}"},"query-input":{"@type":"PropertyValueSpecification","valueRequired":true,"valueName":"search_term_string"}}],"inLanguage":"es"},{"@type":["Organization","Place","MedicalClinic"],"@id":"http:\/\/vitalitycenterjax.com\/#organization","name":"Vitality Center Jacksonville - Espa\u00f1ol","url":"http:\/\/vitalitycenterjax.com\/","logo":{"@id":"https:\/\/vitalitycenterjax.com\/new-patients\/#local-main-organization-logo"},"image":{"@id":"https:\/\/vitalitycenterjax.com\/new-patients\/#local-main-organization-logo"},"sameAs":["https:\/\/www.facebook.com\/vitalitycenterjax","https:\/\/www.instagram.com\/vitalitycenterjax\/"],"address":{"@id":"https:\/\/vitalitycenterjax.com\/new-patients\/#local-main-place-address"},"telephone":["(904) 434-3465"],"contactPoint":{"@type":"ContactPoint","telephone":"(904) 434-3465","email":"frontdesk@vitalitycenterjax.com"},"openingHoursSpecification":[{"@type":"OpeningHoursSpecification","dayOfWeek":["Monday","Thursday"],"opens":"09:00","closes":"18:30"},{"@type":"OpeningHoursSpecification","dayOfWeek":["Tuesday","Wednesday"],"opens":"08:30","closes":"17:00"},{"@type":"OpeningHoursSpecification","dayOfWeek":["Friday","Saturday","Sunday"],"opens":"00:00","closes":"00:00"}],"email":"frontdesk@vitalitycenterjax.com","areaServed":"Jacksonville","priceRange":"$","currenciesAccepted":"USD"},{"@type":"PostalAddress","@id":"https:\/\/vitalitycenterjax.com\/new-patients\/#local-main-place-address","streetAddress":"3636 University Blvd S Suite B3","addressLocality":"Jacksonville","postalCode":"32216","addressRegion":"FL","addressCountry":"US"},{"@type":"ImageObject","inLanguage":"es","@id":"https:\/\/vitalitycenterjax.com\/new-patients\/#local-main-organization-logo","url":"https:\/\/vitalitycenterjax.com\/wp-content\/uploads\/2018\/09\/vfc-circle-e1537364957593.png","contentUrl":"https:\/\/vitalitycenterjax.com\/wp-content\/uploads\/2018\/09\/vfc-circle-e1537364957593.png","width":855,"height":855,"caption":"Vitality Center Jacksonville"}]},"geo.placename":"Jacksonville","geo.region":"United States (US)"},"_links":{"self":[{"href":"https:\/\/vitalitycenterjax.com\/es\/wp-json\/wp\/v2\/pages\/1542","targetHints":{"allow":["GET"]}}],"collection":[{"href":"https:\/\/vitalitycenterjax.com\/es\/wp-json\/wp\/v2\/pages"}],"about":[{"href":"https:\/\/vitalitycenterjax.com\/es\/wp-json\/wp\/v2\/types\/page"}],"author":[{"embeddable":true,"href":"https:\/\/vitalitycenterjax.com\/es\/wp-json\/wp\/v2\/users\/1"}],"replies":[{"embeddable":true,"href":"https:\/\/vitalitycenterjax.com\/es\/wp-json\/wp\/v2\/comments?post=1542"}],"version-history":[{"count":5,"href":"https:\/\/vitalitycenterjax.com\/es\/wp-json\/wp\/v2\/pages\/1542\/revisions"}],"predecessor-version":[{"id":3285,"href":"https:\/\/vitalitycenterjax.com\/es\/wp-json\/wp\/v2\/pages\/1542\/revisions\/3285"}],"wp:attachment":[{"href":"https:\/\/vitalitycenterjax.com\/es\/wp-json\/wp\/v2\/media?parent=1542"}],"curies":[{"name":"wp","href":"https:\/\/api.w.org\/{rel}","templated":true}]}}