{"id":1518,"date":"2018-09-22T19:19:54","date_gmt":"2018-09-22T19:19:54","guid":{"rendered":"http:\/\/vitalitycenterjax.com\/?page_id=1518"},"modified":"2024-04-25T05:28:37","modified_gmt":"2024-04-25T05:28:37","slug":"terapia-de-rehabilitacion","status":"publish","type":"page","link":"https:\/\/vitalitycenterjax.com\/es\/services\/rehabilitation-therapy\/","title":{"rendered":"Terapia de rehabilitaci\u00f3n"},"content":{"rendered":"<p><section id=\"bt_section69ea46e1201da\"  class=\"boldSection btDivider topSemiSpaced bottomSemiSpaced btDarkSkin gutter inherit wBackground cover\" style=\"background-color:#0cb8b6;background-image:url('https:\/\/vitalitycenterjax.com\/wp-content\/uploads\/2015\/12\/bgn-grad.png');\"><div class=\"port\"><div class=\"boldCell\"><div class=\"boldCellInner\"><div class=\"boldRow\" ><div class=\"boldRowInner\"><div class=\"rowItem col-md-12 col-ms-12  btTextLeft\"  ><div class=\"rowItemContent\" ><div class=\"btClear btSeparator topExtraSmallSpaced noBorder\" ><hr><\/div><div class=\"btClear btSeparator topExtraSmallSpaced noBorder\" ><hr><\/div><header class=\"header btClear extralarge  btNormalDash\" ><div class=\"btSuperTitle\">Servicios<\/div><div class=\"dash\"><h1><span class=\"headline\">TERAPIA DE REHABILITACI\u00d3N<\/span><\/h1><\/div><\/header><\/div><\/div><\/div><\/div><\/div><\/div><\/div><\/section><section id=\"bt_section69ea46e120310\"  class=\"boldSection gutter\" ><div class=\"port\"><div class=\"boldCell\"><div class=\"boldCellInner\"><div class=\"boldRow\" ><div class=\"boldRowInner\"><div class=\"rowItem col-md-8 col-ms-12 btTextLeft\"  ><div class=\"rowItemContent\" ><div class=\"btClear btSeparator topSmallSpaced bottomSmallSpaced noBorder\" ><hr><\/div><div class=\"btText\" ><\/p>\n<h2><strong>Redefiniendo la recuperaci\u00f3n con terapia de rehabilitaci\u00f3n personalizada en Jacksonville<\/strong><\/h2>\n<p>En Vitality Family Chiropractic and Wellness Center, entendemos el papel fundamental de la terapia de rehabilitaci\u00f3n en la curaci\u00f3n y el mantenimiento de un estilo de vida activo. Si la vida te ha lanzado una bola curva en forma de <a href=\"https:\/\/vitalitycenterjax.com\/es\/pacientes-nuevos\/lesiones-personales-jacksonville-fl\/\">accidente automovilistico<\/a>, una actividad deportiva exigente o un incidente laboral desafiante, nuestros servicios de terapia de rehabilitaci\u00f3n dirigida son la respuesta para restaurar su fuerza y vitalidad.<\/p>\n<h3><strong>Servicios integrales de rehabilitaci\u00f3n para una curaci\u00f3n hol\u00edstica<\/strong><\/h3>\n<p>Nuestro enfoque de la terapia de rehabilitaci\u00f3n lo abarca todo. No s\u00f3lo tratamos los s\u00edntomas; Profundizamos en las causas fundamentales de su malestar para dise\u00f1ar un plan de recuperaci\u00f3n que aborde sus necesidades \u00fanicas. As\u00ed es como podemos apoyar su viaje hacia el bienestar:<\/p>\n<ul>\n<li><strong>Manejo del dolor y recuperaci\u00f3n:<\/strong> Experimente alivio y acelere su recuperaci\u00f3n de las secuelas f\u00edsicas de accidentes automovil\u00edsticos o lesiones relacionadas con el trabajo.<\/li>\n<li><strong>Manejo de condiciones cr\u00f3nicas:<\/strong> Nuestras terapias est\u00e1n dise\u00f1adas para ayudar a controlar las condiciones actuales, permiti\u00e9ndole lograr y mantener beneficios de salud a largo plazo.<\/li>\n<li><strong>Planes de tratamiento personalizados:<\/strong> Cada paciente recibe un examen exhaustivo, lo que lleva a un plan de tratamiento personalizado. Nuestras t\u00e9cnicas tienen como objetivo mejorar su movilidad, disminuir el dolor, restablecer la funci\u00f3n y evitar la discapacidad.<\/li>\n<li><strong>Cuidado preventivo:<\/strong> Somos proactivos con tu movilidad. Al crear programas de acondicionamiento f\u00edsico y bienestar, ayudamos a prevenir la p\u00e9rdida de movilidad antes de que suceda, fomentando un estilo de vida m\u00e1s saludable y activo.<\/li>\n<\/ul>\n<h3><strong>\u00bfPor qu\u00e9 elegir Vitality Center para sus necesidades de rehabilitaci\u00f3n?<\/strong><\/h3>\n<ul>\n<li><strong>Programas de terapia personalizados:<\/strong> Creemos que el camino de cada individuo hacia la recuperaci\u00f3n es \u00fanico. Es por eso que nuestros planes de rehabilitaci\u00f3n son tan variados como las personas que tratamos.<\/li>\n<li><strong>Orientaci\u00f3n experta:<\/strong> Nuestro equipo, dirigido por profesionales quiropr\u00e1cticos con experiencia, est\u00e1 bien versado en un espectro de t\u00e9cnicas terap\u00e9uticas.<\/li>\n<li><strong>Enfoque hol\u00edstico:<\/strong> Combinamos la atenci\u00f3n quiropr\u00e1ctica con la terapia de rehabilitaci\u00f3n para un r\u00e9gimen de tratamiento hol\u00edstico que aborda a la persona en su totalidad, no solo a la lesi\u00f3n.<\/li>\n<\/ul>\n<h3><strong>Comience su viaje de rehabilitaci\u00f3n hoy<\/strong><\/h3>\n<p>Adopte una vida m\u00e1s activa y sin dolor con nuestros servicios de terapia de rehabilitaci\u00f3n en Jacksonville. Lo invitamos a descubrir c\u00f3mo nuestros planes de atenci\u00f3n personalizados pueden transformar su proceso de recuperaci\u00f3n y mejorar su bienestar general.<\/p>\n<p>Para m\u00e1s informaci\u00f3n o para <a href=\"https:\/\/vitalitycenterjax.com\/es\/citas\/\">agendar una cita de trabajo<\/a>, visita nuestro <a href=\"https:\/\/vitalitycenterjax.com\/es\/\">sitio web<\/a> o cont\u00e1ctenos directamente. En Vitality Family Chiropractic and Wellness Center, no nos dedicamos solo a la curaci\u00f3n; Nuestro objetivo es brindarle un estilo de vida saludable y vigoroso.<\/p>\n<p>\n<\/div><div class=\"btClear btSeparator topSmallSpaced bottomSmallSpaced noBorder\" ><hr><\/div><\/div><\/div><div class=\"rowItem col-md-4 col-ms-12 btTextLeft\"  ><div class=\"rowItemContent\" ><div class=\"btClear btSeparator topSmallSpaced bottomSmallSpaced noBorder\" ><hr><\/div><div class=\"bpgPhoto btTextCenter\" ><div class=\"btImage\"><img decoding=\"async\" src=\"https:\/\/vitalitycenterjax.com\/wp-content\/uploads\/2021\/01\/rehabilitation.jpg\" alt=\"\" title=\"\"><\/div><\/div><div class=\"btClear btSeparator topSmallSpaced bottomSmallSpaced noBorder\" ><hr><\/div><\/div><\/div><\/div><\/div><\/div><\/div><\/div><\/section><\/p>","protected":false},"excerpt":{"rendered":"","protected":false},"author":1,"featured_media":0,"parent":306,"menu_order":0,"comment_status":"closed","ping_status":"closed","template":"","meta":{"nf_dc_page":"","_monsterinsights_skip_tracking":false,"_monsterinsights_sitenote_active":false,"_monsterinsights_sitenote_note":"","_monsterinsights_sitenote_category":0,"_joinchat":[],"footnotes":""},"class_list":["post-1518","page","type-page","status-publish","hentry"],"yoast_head":"<!-- This site is optimized with the Yoast SEO Premium plugin v24.7 (Yoast SEO v27.4) - https:\/\/yoast.com\/product\/yoast-seo-premium-wordpress\/ -->\n<title>Rehabilitation Therapy - Vitality Center Jacksonville<\/title>\n<meta name=\"description\" content=\"If you\u2019ve experienced an auto accident, sports or work-related injury, physical therapy is vital for recovery and pain management.\" \/>\n<meta name=\"robots\" content=\"index, follow, max-snippet:-1, max-image-preview:large, max-video-preview:-1\" \/>\n<link rel=\"canonical\" href=\"https:\/\/vitalitycenterjax.com\/es\/servicios\/terapia-de-rehabilitacion\/\" \/>\n<meta property=\"og:locale\" content=\"es_ES\" \/>\n<meta property=\"og:type\" content=\"article\" \/>\n<meta property=\"og:title\" content=\"Rehabilitation Therapy\" \/>\n<meta property=\"og:description\" content=\"If you\u2019ve experienced an auto accident, sports or work-related injury, physical therapy is vital for recovery and pain management.\" \/>\n<meta property=\"og:url\" content=\"https:\/\/vitalitycenterjax.com\/es\/servicios\/terapia-de-rehabilitacion\/\" \/>\n<meta property=\"og:site_name\" content=\"Vitality Center Jacksonville\" \/>\n<meta property=\"article:publisher\" content=\"https:\/\/www.facebook.com\/vitalitycenterjax\" \/>\n<meta property=\"article:modified_time\" content=\"2024-04-25T05:28:37+00:00\" \/>\n<meta property=\"og:image\" content=\"https:\/\/vitalitycenterjax.com\/wp-content\/uploads\/2018\/09\/cropped-vfc-circle-1200x1200-1.png\" \/>\n\t<meta property=\"og:image:width\" content=\"512\" \/>\n\t<meta property=\"og:image:height\" content=\"512\" \/>\n\t<meta property=\"og:image:type\" content=\"image\/png\" \/>\n<meta name=\"twitter:card\" content=\"summary_large_image\" \/>\n<meta name=\"twitter:label1\" content=\"Est. reading time\" \/>\n\t<meta name=\"twitter:data1\" content=\"2 minutos\" \/>\n<script type=\"application\/ld+json\" class=\"yoast-schema-graph\">{\"@context\":\"https:\\\/\\\/schema.org\",\"@graph\":[{\"@type\":\"WebPage\",\"@id\":\"https:\\\/\\\/vitalitycenterjax.com\\\/services\\\/rehabilitation-therapy\\\/\",\"url\":\"https:\\\/\\\/vitalitycenterjax.com\\\/services\\\/rehabilitation-therapy\\\/\",\"name\":\"Rehabilitation Therapy - Vitality Center Jacksonville\",\"isPartOf\":{\"@id\":\"http:\\\/\\\/vitalitycenterjax.com\\\/#website\"},\"datePublished\":\"2018-09-22T19:19:54+00:00\",\"dateModified\":\"2024-04-25T05:28:37+00:00\",\"description\":\"If you\u2019ve experienced an auto accident, sports or work-related injury, physical therapy is vital for recovery and pain management.\",\"breadcrumb\":{\"@id\":\"https:\\\/\\\/vitalitycenterjax.com\\\/services\\\/rehabilitation-therapy\\\/#breadcrumb\"},\"inLanguage\":\"es\",\"potentialAction\":[{\"@type\":\"ReadAction\",\"target\":[\"https:\\\/\\\/vitalitycenterjax.com\\\/services\\\/rehabilitation-therapy\\\/\"]}]},{\"@type\":\"BreadcrumbList\",\"@id\":\"https:\\\/\\\/vitalitycenterjax.com\\\/services\\\/rehabilitation-therapy\\\/#breadcrumb\",\"itemListElement\":[{\"@type\":\"ListItem\",\"position\":1,\"name\":\"Home\",\"item\":\"https:\\\/\\\/vitalitycenterjax.com\\\/\"},{\"@type\":\"ListItem\",\"position\":2,\"name\":\"Services\",\"item\":\"https:\\\/\\\/vitalitycenterjax.com\\\/services\\\/\"},{\"@type\":\"ListItem\",\"position\":3,\"name\":\"Rehabilitation Therapy\"}]},{\"@type\":\"WebSite\",\"@id\":\"http:\\\/\\\/vitalitycenterjax.com\\\/#website\",\"url\":\"http:\\\/\\\/vitalitycenterjax.com\\\/\",\"name\":\"Vitality Center Jacksonville\",\"description\":\"Quality Chiropractic Care and Healthcare Options\",\"publisher\":{\"@id\":\"http:\\\/\\\/vitalitycenterjax.com\\\/#organization\"},\"potentialAction\":[{\"@type\":\"SearchAction\",\"target\":{\"@type\":\"EntryPoint\",\"urlTemplate\":\"http:\\\/\\\/vitalitycenterjax.com\\\/?s={search_term_string}\"},\"query-input\":{\"@type\":\"PropertyValueSpecification\",\"valueRequired\":true,\"valueName\":\"search_term_string\"}}],\"inLanguage\":\"es\"},{\"@type\":[\"Organization\",\"Place\",\"MedicalClinic\"],\"@id\":\"http:\\\/\\\/vitalitycenterjax.com\\\/#organization\",\"name\":\"Vitality Center Jacksonville\",\"url\":\"http:\\\/\\\/vitalitycenterjax.com\\\/\",\"logo\":{\"@id\":\"https:\\\/\\\/vitalitycenterjax.com\\\/services\\\/rehabilitation-therapy\\\/#local-main-organization-logo\"},\"image\":{\"@id\":\"https:\\\/\\\/vitalitycenterjax.com\\\/services\\\/rehabilitation-therapy\\\/#local-main-organization-logo\"},\"sameAs\":[\"https:\\\/\\\/www.facebook.com\\\/vitalitycenterjax\",\"https:\\\/\\\/www.instagram.com\\\/vitalitycenterjax\\\/\"],\"address\":{\"@id\":\"https:\\\/\\\/vitalitycenterjax.com\\\/services\\\/rehabilitation-therapy\\\/#local-main-place-address\"},\"telephone\":[\"(904) 434-3465\"],\"contactPoint\":{\"@type\":\"ContactPoint\",\"telephone\":\"(904) 434-3465\",\"email\":\"frontdesk@vitalitycenterjax.com\"},\"openingHoursSpecification\":[{\"@type\":\"OpeningHoursSpecification\",\"dayOfWeek\":[\"Monday\",\"Thursday\"],\"opens\":\"09:00\",\"closes\":\"18:30\"},{\"@type\":\"OpeningHoursSpecification\",\"dayOfWeek\":[\"Tuesday\",\"Wednesday\"],\"opens\":\"08:30\",\"closes\":\"17:00\"},{\"@type\":\"OpeningHoursSpecification\",\"dayOfWeek\":[\"Friday\",\"Saturday\",\"Sunday\"],\"opens\":\"00:00\",\"closes\":\"00:00\"}],\"email\":\"frontdesk@vitalitycenterjax.com\",\"areaServed\":\"Jacksonville\",\"priceRange\":\"$\",\"currenciesAccepted\":\"USD\"},{\"@type\":\"PostalAddress\",\"@id\":\"https:\\\/\\\/vitalitycenterjax.com\\\/services\\\/rehabilitation-therapy\\\/#local-main-place-address\",\"streetAddress\":\"3636 University Blvd S Suite B3\",\"addressLocality\":\"Jacksonville\",\"postalCode\":\"32216\",\"addressRegion\":\"FL\",\"addressCountry\":\"US\"},{\"@type\":\"ImageObject\",\"inLanguage\":\"es\",\"@id\":\"https:\\\/\\\/vitalitycenterjax.com\\\/services\\\/rehabilitation-therapy\\\/#local-main-organization-logo\",\"url\":\"https:\\\/\\\/vitalitycenterjax.com\\\/wp-content\\\/uploads\\\/2018\\\/09\\\/vfc-circle-e1537364957593.png\",\"contentUrl\":\"https:\\\/\\\/vitalitycenterjax.com\\\/wp-content\\\/uploads\\\/2018\\\/09\\\/vfc-circle-e1537364957593.png\",\"width\":855,\"height\":855,\"caption\":\"Vitality Center Jacksonville\"}]}<\/script>\n<meta name=\"geo.placename\" content=\"Jacksonville\" \/>\n<meta name=\"geo.region\" content=\"United States (US)\" \/>\n<!-- \/ Yoast SEO Premium plugin. -->","yoast_head_json":{"title":"Terapia de rehabilitaci\u00f3n - Vitality Center Jacksonville","description":"Si ha sufrido un accidente automovil\u00edstico, una lesi\u00f3n deportiva o laboral, la fisioterapia es vital para la recuperaci\u00f3n y el control del dolor.","robots":{"index":"index","follow":"follow","max-snippet":"max-snippet:-1","max-image-preview":"max-image-preview:large","max-video-preview":"max-video-preview:-1"},"canonical":"https:\/\/vitalitycenterjax.com\/es\/servicios\/terapia-de-rehabilitacion\/","og_locale":"es_ES","og_type":"article","og_title":"Rehabilitation Therapy","og_description":"If you\u2019ve experienced an auto accident, sports or work-related injury, physical therapy is vital for recovery and pain management.","og_url":"https:\/\/vitalitycenterjax.com\/es\/servicios\/terapia-de-rehabilitacion\/","og_site_name":"Vitality Center Jacksonville","article_publisher":"https:\/\/www.facebook.com\/vitalitycenterjax","article_modified_time":"2024-04-25T05:28:37+00:00","og_image":[{"width":512,"height":512,"url":"https:\/\/vitalitycenterjax.com\/wp-content\/uploads\/2018\/09\/cropped-vfc-circle-1200x1200-1.png","type":"image\/png"}],"twitter_card":"summary_large_image","twitter_misc":{"Est. reading time":"2 minutos"},"schema":{"@context":"https:\/\/schema.org","@graph":[{"@type":"WebPage","@id":"https:\/\/vitalitycenterjax.com\/services\/rehabilitation-therapy\/","url":"https:\/\/vitalitycenterjax.com\/services\/rehabilitation-therapy\/","name":"Terapia de rehabilitaci\u00f3n - Vitality Center Jacksonville","isPartOf":{"@id":"http:\/\/vitalitycenterjax.com\/#website"},"datePublished":"2018-09-22T19:19:54+00:00","dateModified":"2024-04-25T05:28:37+00:00","description":"Si ha sufrido un accidente automovil\u00edstico, una lesi\u00f3n deportiva o laboral, la fisioterapia es vital para la recuperaci\u00f3n y el control del dolor.","breadcrumb":{"@id":"https:\/\/vitalitycenterjax.com\/services\/rehabilitation-therapy\/#breadcrumb"},"inLanguage":"es","potentialAction":[{"@type":"ReadAction","target":["https:\/\/vitalitycenterjax.com\/services\/rehabilitation-therapy\/"]}]},{"@type":"BreadcrumbList","@id":"https:\/\/vitalitycenterjax.com\/services\/rehabilitation-therapy\/#breadcrumb","itemListElement":[{"@type":"ListItem","position":1,"name":"Home","item":"https:\/\/vitalitycenterjax.com\/"},{"@type":"ListItem","position":2,"name":"Services","item":"https:\/\/vitalitycenterjax.com\/services\/"},{"@type":"ListItem","position":3,"name":"Rehabilitation Therapy"}]},{"@type":"WebSite","@id":"http:\/\/vitalitycenterjax.com\/#website","url":"http:\/\/vitalitycenterjax.com\/","name":"Vitality Center Jacksonville - Espa\u00f1ol","description":"Atenci\u00f3n quiropr\u00e1ctica de calidad y opciones de atenci\u00f3n m\u00e9dica","publisher":{"@id":"http:\/\/vitalitycenterjax.com\/#organization"},"potentialAction":[{"@type":"SearchAction","target":{"@type":"EntryPoint","urlTemplate":"http:\/\/vitalitycenterjax.com\/?s={search_term_string}"},"query-input":{"@type":"PropertyValueSpecification","valueRequired":true,"valueName":"search_term_string"}}],"inLanguage":"es"},{"@type":["Organization","Place","MedicalClinic"],"@id":"http:\/\/vitalitycenterjax.com\/#organization","name":"Vitality Center Jacksonville - Espa\u00f1ol","url":"http:\/\/vitalitycenterjax.com\/","logo":{"@id":"https:\/\/vitalitycenterjax.com\/services\/rehabilitation-therapy\/#local-main-organization-logo"},"image":{"@id":"https:\/\/vitalitycenterjax.com\/services\/rehabilitation-therapy\/#local-main-organization-logo"},"sameAs":["https:\/\/www.facebook.com\/vitalitycenterjax","https:\/\/www.instagram.com\/vitalitycenterjax\/"],"address":{"@id":"https:\/\/vitalitycenterjax.com\/services\/rehabilitation-therapy\/#local-main-place-address"},"telephone":["(904) 434-3465"],"contactPoint":{"@type":"ContactPoint","telephone":"(904) 434-3465","email":"frontdesk@vitalitycenterjax.com"},"openingHoursSpecification":[{"@type":"OpeningHoursSpecification","dayOfWeek":["Monday","Thursday"],"opens":"09:00","closes":"18:30"},{"@type":"OpeningHoursSpecification","dayOfWeek":["Tuesday","Wednesday"],"opens":"08:30","closes":"17:00"},{"@type":"OpeningHoursSpecification","dayOfWeek":["Friday","Saturday","Sunday"],"opens":"00:00","closes":"00:00"}],"email":"frontdesk@vitalitycenterjax.com","areaServed":"Jacksonville","priceRange":"$","currenciesAccepted":"USD"},{"@type":"PostalAddress","@id":"https:\/\/vitalitycenterjax.com\/services\/rehabilitation-therapy\/#local-main-place-address","streetAddress":"3636 University Blvd S Suite B3","addressLocality":"Jacksonville","postalCode":"32216","addressRegion":"FL","addressCountry":"US"},{"@type":"ImageObject","inLanguage":"es","@id":"https:\/\/vitalitycenterjax.com\/services\/rehabilitation-therapy\/#local-main-organization-logo","url":"https:\/\/vitalitycenterjax.com\/wp-content\/uploads\/2018\/09\/vfc-circle-e1537364957593.png","contentUrl":"https:\/\/vitalitycenterjax.com\/wp-content\/uploads\/2018\/09\/vfc-circle-e1537364957593.png","width":855,"height":855,"caption":"Vitality Center Jacksonville"}]},"geo.placename":"Jacksonville","geo.region":"United States (US)"},"_links":{"self":[{"href":"https:\/\/vitalitycenterjax.com\/es\/wp-json\/wp\/v2\/pages\/1518","targetHints":{"allow":["GET"]}}],"collection":[{"href":"https:\/\/vitalitycenterjax.com\/es\/wp-json\/wp\/v2\/pages"}],"about":[{"href":"https:\/\/vitalitycenterjax.com\/es\/wp-json\/wp\/v2\/types\/page"}],"author":[{"embeddable":true,"href":"https:\/\/vitalitycenterjax.com\/es\/wp-json\/wp\/v2\/users\/1"}],"replies":[{"embeddable":true,"href":"https:\/\/vitalitycenterjax.com\/es\/wp-json\/wp\/v2\/comments?post=1518"}],"version-history":[{"count":10,"href":"https:\/\/vitalitycenterjax.com\/es\/wp-json\/wp\/v2\/pages\/1518\/revisions"}],"predecessor-version":[{"id":2849,"href":"https:\/\/vitalitycenterjax.com\/es\/wp-json\/wp\/v2\/pages\/1518\/revisions\/2849"}],"up":[{"embeddable":true,"href":"https:\/\/vitalitycenterjax.com\/es\/wp-json\/wp\/v2\/pages\/306"}],"wp:attachment":[{"href":"https:\/\/vitalitycenterjax.com\/es\/wp-json\/wp\/v2\/media?parent=1518"}],"curies":[{"name":"wp","href":"https:\/\/api.w.org\/{rel}","templated":true}]}}