{"id":1515,"date":"2018-09-22T19:11:18","date_gmt":"2018-09-22T19:11:18","guid":{"rendered":"http:\/\/vitalitycenterjax.com\/?page_id=1515"},"modified":"2024-04-25T16:59:01","modified_gmt":"2024-04-25T16:59:01","slug":"estimulacion-muscular-electrica","status":"publish","type":"page","link":"https:\/\/vitalitycenterjax.com\/es\/services\/electrical-muscle-stimulation\/","title":{"rendered":"Estimulaci\u00f3n muscular el\u00e9ctrica"},"content":{"rendered":"<p><section id=\"bt_section69ea31b7bbd5c\"  class=\"boldSection btDivider topSemiSpaced bottomSemiSpaced btDarkSkin gutter inherit wBackground cover\" style=\"background-color:#0cb8b6;background-image:url('https:\/\/vitalitycenterjax.com\/wp-content\/uploads\/2015\/12\/bgn-grad.png');\"><div class=\"port\"><div class=\"boldCell\"><div class=\"boldCellInner\"><div class=\"boldRow\" ><div class=\"boldRowInner\"><div class=\"rowItem col-md-12 col-ms-12  btTextLeft\"  ><div class=\"rowItemContent\" ><div class=\"btClear btSeparator topExtraSmallSpaced noBorder\" ><hr><\/div><div class=\"btClear btSeparator topExtraSmallSpaced noBorder\" ><hr><\/div><header class=\"header btClear extralarge  btNormalDash\" ><div class=\"btSuperTitle\">Servicios<\/div><div class=\"dash\"><h1><span class=\"headline\">ESTIMULACI\u00d3N MUSCULAR EL\u00c9CTRICA<\/span><\/h1><\/div><\/header><\/div><\/div><\/div><\/div><\/div><\/div><\/div><\/section><section id=\"bt_section69ea31b7bbe27\"  class=\"boldSection gutter\" ><div class=\"port\"><div class=\"boldCell\"><div class=\"boldCellInner\"><div class=\"boldRow\" ><div class=\"boldRowInner\"><div class=\"rowItem col-md-12 col-ms-12  btTextLeft\"  ><div class=\"rowItemContent\" ><div class=\"btClear btSeparator topSmallSpaced bottomSmallSpaced noBorder\" ><hr><\/div><div class=\"btText\" ><\/p>\n<h2><strong>Descubra el poder curativo de la estimulaci\u00f3n muscular el\u00e9ctrica en Jacksonville<\/strong><\/h2>\n<p>En Vitality Family Chiropractic and Wellness Center, aprovechamos el poder innovador de la estimulaci\u00f3n muscular el\u00e9ctrica (EMS) para respaldar su proceso de rehabilitaci\u00f3n. EMS es una opci\u00f3n de tratamiento transformadora para quienes se recuperan de diversas lesiones musculoesquel\u00e9ticas, como da\u00f1os a huesos, articulaciones, m\u00fasculos, ligamentos y tendones.<\/p>\n<p>\n<\/div><\/div><\/div><\/div><\/div><div class=\"boldRow\" ><div class=\"boldRowInner\"><div class=\"rowItem col-md-8 col-ms-12 btTextLeft\"  ><div class=\"rowItemContent\" ><div class=\"btClear btSeparator topSmallSpaced noBorder\" ><hr><\/div><div class=\"btText\" ><\/p>\n<h3><strong>\u00bfQu\u00e9 es la estimulaci\u00f3n muscular el\u00e9ctrica?<\/strong><\/h3>\n<p>La estimulaci\u00f3n muscular el\u00e9ctrica, a menudo denominada EMS, es una terapia que utiliza corrientes el\u00e9ctricas suaves para estimular las contracciones musculares. Esto puede ser especialmente beneficioso para prevenir la atrofia muscular: el debilitamiento o la p\u00e9rdida de tejido muscular que puede ocurrir cuando los m\u00fasculos no se usan activamente, como despu\u00e9s de una lesi\u00f3n.<\/p>\n<h3><strong>C\u00f3mo le beneficia el EMS<\/strong><\/h3>\n<p>Nuestro uso de la terapia EMS tiene como objetivo:<\/p>\n<ul>\n<li><strong>Aliviar las molestias:<\/strong> Si tiene dolor lumbar o dolor posquir\u00fargico, el EMS puede brindarle alivio al interrumpir las se\u00f1ales de dolor.<\/li>\n<li><strong>Fortalecer los m\u00fasculos:<\/strong> Para aquellos con debilidad muscular o desaf\u00edos en el control motor, EMS puede ayudar a reentrenar los m\u00fasculos para mejorar la fuerza y la coordinaci\u00f3n.<\/li>\n<li><strong>Reducir la inflamaci\u00f3n:<\/strong> Condiciones como tendinitis y bursitis pueden beneficiarse del EMS, ya que ayuda a disminuir la inflamaci\u00f3n y promover la curaci\u00f3n.<\/li>\n<\/ul>\n<h3><strong>Una parte de su plan de tratamiento personalizado<\/strong><\/h3>\n<p>En Vitality Center, creemos en un enfoque personalizado para la recuperaci\u00f3n. Si tiene dolor, espasmos musculares, inflamaci\u00f3n o debilidad muscular, nuestros profesionales capacitados pueden incorporar EMS en su programa de tratamiento personalizado. Es solo una de las muchas herramientas que utilizamos para que usted recupere su mejor salud.<\/p>\n<h3><strong>Aproveche las ventajas de EMS<\/strong><\/h3>\n<ul>\n<li><strong>No invasivo:<\/strong> EMS es un enfoque no invasivo para estimular la curaci\u00f3n y la fuerza de los m\u00fasculos.<\/li>\n<li><strong>Vers\u00e1til:<\/strong> Eficaz para una amplia gama de afecciones, desde dolor agudo hasta dolencias cr\u00f3nicas.<\/li>\n<li><strong>Apoyo:<\/strong> Complementa otros tratamientos terap\u00e9uticos para una experiencia de rehabilitaci\u00f3n integral.<\/li>\n<\/ul>\n<h3><strong>\u00danase a nosotros en el camino hacia la recuperaci\u00f3n<\/strong><\/h3>\n<p>\u00bfListo para experimentar los beneficios de EMS? Visita <a href=\"https:\/\/vitalitycenterjax.com\/es\/\">Centro de bienestar y quiropr\u00e1ctica familiar Vitality<\/a> en Jacksonville. Nos dedicamos a integrar tratamientos de vanguardia como EMS en nuestros programas de atenci\u00f3n compasiva.<\/p>\n<p><a href=\"https:\/\/vitalitycenterjax.com\/es\/citas\/\">Con\u00e9ctate con nosotros<\/a> para obtener m\u00e1s informaci\u00f3n sobre c\u00f3mo los EMS pueden ayudarle en su rehabilitaci\u00f3n o para programar una cita. Activemos juntos el proceso de curaci\u00f3n natural de tu cuerpo.<\/p>\n<p>\n<\/div><\/div><\/div><div class=\"rowItem col-md-4 col-ms-12 btTextLeft\"  ><div class=\"rowItemContent\" ><div class=\"bpgPhoto btTextCenter\" ><div class=\"btImage\"><img decoding=\"async\" src=\"https:\/\/vitalitycenterjax.com\/wp-content\/uploads\/2018\/10\/electrical-stimulation.jpg\" alt=\"estimulaci\u00f3n el\u00e9ctrica\" title=\"estimulaci\u00f3n el\u00e9ctrica\"><\/div><\/div><div class=\"btClear btSeparator bottomSmallSpaced noBorder\" ><hr><\/div><\/div><\/div><\/div><\/div><\/div><\/div><\/div><\/section><\/p>","protected":false},"excerpt":{"rendered":"","protected":false},"author":1,"featured_media":0,"parent":306,"menu_order":0,"comment_status":"closed","ping_status":"closed","template":"","meta":{"nf_dc_page":"","_monsterinsights_skip_tracking":false,"_monsterinsights_sitenote_active":false,"_monsterinsights_sitenote_note":"","_monsterinsights_sitenote_category":0,"_joinchat":[],"footnotes":""},"class_list":["post-1515","page","type-page","status-publish","hentry"],"yoast_head":"<!-- This site is optimized with the Yoast SEO Premium plugin v24.7 (Yoast SEO v27.4) - https:\/\/yoast.com\/product\/yoast-seo-premium-wordpress\/ -->\n<title>Electrical Muscle Stimulation - Vitality Center Jacksonville<\/title>\n<meta name=\"description\" content=\"For injury or illness that causes pain or limited functional mobility, we may use electrical stimulation as one part of your rehabilitation.\" \/>\n<meta name=\"robots\" content=\"index, follow, max-snippet:-1, max-image-preview:large, max-video-preview:-1\" \/>\n<link rel=\"canonical\" href=\"https:\/\/vitalitycenterjax.com\/es\/servicios\/estimulacion-muscular-electrica\/\" \/>\n<meta property=\"og:locale\" content=\"es_ES\" \/>\n<meta property=\"og:type\" content=\"article\" \/>\n<meta property=\"og:title\" content=\"Electrical Muscle Stimulation\" \/>\n<meta property=\"og:description\" content=\"For injury or illness that causes pain or limited functional mobility, we may use electrical stimulation as one part of your rehabilitation.\" \/>\n<meta property=\"og:url\" content=\"https:\/\/vitalitycenterjax.com\/es\/servicios\/estimulacion-muscular-electrica\/\" \/>\n<meta property=\"og:site_name\" content=\"Vitality Center Jacksonville\" \/>\n<meta property=\"article:publisher\" content=\"https:\/\/www.facebook.com\/vitalitycenterjax\" \/>\n<meta property=\"article:modified_time\" content=\"2024-04-25T16:59:01+00:00\" \/>\n<meta property=\"og:image\" content=\"https:\/\/vitalitycenterjax.com\/wp-content\/uploads\/2018\/09\/cropped-vfc-circle-1200x1200-1.png\" \/>\n\t<meta property=\"og:image:width\" content=\"512\" \/>\n\t<meta property=\"og:image:height\" content=\"512\" \/>\n\t<meta property=\"og:image:type\" content=\"image\/png\" \/>\n<meta name=\"twitter:card\" content=\"summary_large_image\" \/>\n<meta name=\"twitter:label1\" content=\"Est. reading time\" \/>\n\t<meta name=\"twitter:data1\" content=\"1 minuto\" \/>\n<script type=\"application\/ld+json\" class=\"yoast-schema-graph\">{\"@context\":\"https:\\\/\\\/schema.org\",\"@graph\":[{\"@type\":\"WebPage\",\"@id\":\"https:\\\/\\\/vitalitycenterjax.com\\\/services\\\/electrical-muscle-stimulation\\\/\",\"url\":\"https:\\\/\\\/vitalitycenterjax.com\\\/services\\\/electrical-muscle-stimulation\\\/\",\"name\":\"Electrical Muscle Stimulation - Vitality Center Jacksonville\",\"isPartOf\":{\"@id\":\"http:\\\/\\\/vitalitycenterjax.com\\\/#website\"},\"datePublished\":\"2018-09-22T19:11:18+00:00\",\"dateModified\":\"2024-04-25T16:59:01+00:00\",\"description\":\"For injury or illness that causes pain or limited functional mobility, we may use electrical stimulation as one part of your rehabilitation.\",\"breadcrumb\":{\"@id\":\"https:\\\/\\\/vitalitycenterjax.com\\\/services\\\/electrical-muscle-stimulation\\\/#breadcrumb\"},\"inLanguage\":\"es\",\"potentialAction\":[{\"@type\":\"ReadAction\",\"target\":[\"https:\\\/\\\/vitalitycenterjax.com\\\/services\\\/electrical-muscle-stimulation\\\/\"]}]},{\"@type\":\"BreadcrumbList\",\"@id\":\"https:\\\/\\\/vitalitycenterjax.com\\\/services\\\/electrical-muscle-stimulation\\\/#breadcrumb\",\"itemListElement\":[{\"@type\":\"ListItem\",\"position\":1,\"name\":\"Home\",\"item\":\"https:\\\/\\\/vitalitycenterjax.com\\\/\"},{\"@type\":\"ListItem\",\"position\":2,\"name\":\"Services\",\"item\":\"https:\\\/\\\/vitalitycenterjax.com\\\/services\\\/\"},{\"@type\":\"ListItem\",\"position\":3,\"name\":\"Electrical Muscle Stimulation\"}]},{\"@type\":\"WebSite\",\"@id\":\"http:\\\/\\\/vitalitycenterjax.com\\\/#website\",\"url\":\"http:\\\/\\\/vitalitycenterjax.com\\\/\",\"name\":\"Vitality Center Jacksonville\",\"description\":\"Quality Chiropractic Care and Healthcare Options\",\"publisher\":{\"@id\":\"http:\\\/\\\/vitalitycenterjax.com\\\/#organization\"},\"potentialAction\":[{\"@type\":\"SearchAction\",\"target\":{\"@type\":\"EntryPoint\",\"urlTemplate\":\"http:\\\/\\\/vitalitycenterjax.com\\\/?s={search_term_string}\"},\"query-input\":{\"@type\":\"PropertyValueSpecification\",\"valueRequired\":true,\"valueName\":\"search_term_string\"}}],\"inLanguage\":\"es\"},{\"@type\":[\"Organization\",\"Place\",\"MedicalClinic\"],\"@id\":\"http:\\\/\\\/vitalitycenterjax.com\\\/#organization\",\"name\":\"Vitality Center Jacksonville\",\"url\":\"http:\\\/\\\/vitalitycenterjax.com\\\/\",\"logo\":{\"@id\":\"https:\\\/\\\/vitalitycenterjax.com\\\/services\\\/electrical-muscle-stimulation\\\/#local-main-organization-logo\"},\"image\":{\"@id\":\"https:\\\/\\\/vitalitycenterjax.com\\\/services\\\/electrical-muscle-stimulation\\\/#local-main-organization-logo\"},\"sameAs\":[\"https:\\\/\\\/www.facebook.com\\\/vitalitycenterjax\",\"https:\\\/\\\/www.instagram.com\\\/vitalitycenterjax\\\/\"],\"address\":{\"@id\":\"https:\\\/\\\/vitalitycenterjax.com\\\/services\\\/electrical-muscle-stimulation\\\/#local-main-place-address\"},\"telephone\":[\"(904) 434-3465\"],\"contactPoint\":{\"@type\":\"ContactPoint\",\"telephone\":\"(904) 434-3465\",\"email\":\"frontdesk@vitalitycenterjax.com\"},\"openingHoursSpecification\":[{\"@type\":\"OpeningHoursSpecification\",\"dayOfWeek\":[\"Monday\",\"Thursday\"],\"opens\":\"09:00\",\"closes\":\"18:30\"},{\"@type\":\"OpeningHoursSpecification\",\"dayOfWeek\":[\"Tuesday\",\"Wednesday\"],\"opens\":\"08:30\",\"closes\":\"17:00\"},{\"@type\":\"OpeningHoursSpecification\",\"dayOfWeek\":[\"Friday\",\"Saturday\",\"Sunday\"],\"opens\":\"00:00\",\"closes\":\"00:00\"}],\"email\":\"frontdesk@vitalitycenterjax.com\",\"areaServed\":\"Jacksonville\",\"priceRange\":\"$\",\"currenciesAccepted\":\"USD\"},{\"@type\":\"PostalAddress\",\"@id\":\"https:\\\/\\\/vitalitycenterjax.com\\\/services\\\/electrical-muscle-stimulation\\\/#local-main-place-address\",\"streetAddress\":\"3636 University Blvd S Suite B3\",\"addressLocality\":\"Jacksonville\",\"postalCode\":\"32216\",\"addressRegion\":\"FL\",\"addressCountry\":\"US\"},{\"@type\":\"ImageObject\",\"inLanguage\":\"es\",\"@id\":\"https:\\\/\\\/vitalitycenterjax.com\\\/services\\\/electrical-muscle-stimulation\\\/#local-main-organization-logo\",\"url\":\"https:\\\/\\\/vitalitycenterjax.com\\\/wp-content\\\/uploads\\\/2018\\\/09\\\/vfc-circle-e1537364957593.png\",\"contentUrl\":\"https:\\\/\\\/vitalitycenterjax.com\\\/wp-content\\\/uploads\\\/2018\\\/09\\\/vfc-circle-e1537364957593.png\",\"width\":855,\"height\":855,\"caption\":\"Vitality Center Jacksonville\"}]}<\/script>\n<meta name=\"geo.placename\" content=\"Jacksonville\" \/>\n<meta name=\"geo.region\" content=\"United States (US)\" \/>\n<!-- \/ Yoast SEO Premium plugin. -->","yoast_head_json":{"title":"Estimulaci\u00f3n muscular el\u00e9ctrica - Vitality Center Jacksonville","description":"En caso de lesiones o enfermedades que causan dolor o movilidad funcional limitada, podemos utilizar estimulaci\u00f3n el\u00e9ctrica como parte de su rehabilitaci\u00f3n.","robots":{"index":"index","follow":"follow","max-snippet":"max-snippet:-1","max-image-preview":"max-image-preview:large","max-video-preview":"max-video-preview:-1"},"canonical":"https:\/\/vitalitycenterjax.com\/es\/servicios\/estimulacion-muscular-electrica\/","og_locale":"es_ES","og_type":"article","og_title":"Electrical Muscle Stimulation","og_description":"For injury or illness that causes pain or limited functional mobility, we may use electrical stimulation as one part of your rehabilitation.","og_url":"https:\/\/vitalitycenterjax.com\/es\/servicios\/estimulacion-muscular-electrica\/","og_site_name":"Vitality Center Jacksonville","article_publisher":"https:\/\/www.facebook.com\/vitalitycenterjax","article_modified_time":"2024-04-25T16:59:01+00:00","og_image":[{"width":512,"height":512,"url":"https:\/\/vitalitycenterjax.com\/wp-content\/uploads\/2018\/09\/cropped-vfc-circle-1200x1200-1.png","type":"image\/png"}],"twitter_card":"summary_large_image","twitter_misc":{"Est. reading time":"1 minuto"},"schema":{"@context":"https:\/\/schema.org","@graph":[{"@type":"WebPage","@id":"https:\/\/vitalitycenterjax.com\/services\/electrical-muscle-stimulation\/","url":"https:\/\/vitalitycenterjax.com\/services\/electrical-muscle-stimulation\/","name":"Estimulaci\u00f3n muscular el\u00e9ctrica - Vitality Center Jacksonville","isPartOf":{"@id":"http:\/\/vitalitycenterjax.com\/#website"},"datePublished":"2018-09-22T19:11:18+00:00","dateModified":"2024-04-25T16:59:01+00:00","description":"En caso de lesiones o enfermedades que causan dolor o movilidad funcional limitada, podemos utilizar estimulaci\u00f3n el\u00e9ctrica como parte de su rehabilitaci\u00f3n.","breadcrumb":{"@id":"https:\/\/vitalitycenterjax.com\/services\/electrical-muscle-stimulation\/#breadcrumb"},"inLanguage":"es","potentialAction":[{"@type":"ReadAction","target":["https:\/\/vitalitycenterjax.com\/services\/electrical-muscle-stimulation\/"]}]},{"@type":"BreadcrumbList","@id":"https:\/\/vitalitycenterjax.com\/services\/electrical-muscle-stimulation\/#breadcrumb","itemListElement":[{"@type":"ListItem","position":1,"name":"Home","item":"https:\/\/vitalitycenterjax.com\/"},{"@type":"ListItem","position":2,"name":"Services","item":"https:\/\/vitalitycenterjax.com\/services\/"},{"@type":"ListItem","position":3,"name":"Electrical Muscle Stimulation"}]},{"@type":"WebSite","@id":"http:\/\/vitalitycenterjax.com\/#website","url":"http:\/\/vitalitycenterjax.com\/","name":"Vitality Center Jacksonville - Espa\u00f1ol","description":"Atenci\u00f3n quiropr\u00e1ctica de calidad y opciones de atenci\u00f3n m\u00e9dica","publisher":{"@id":"http:\/\/vitalitycenterjax.com\/#organization"},"potentialAction":[{"@type":"SearchAction","target":{"@type":"EntryPoint","urlTemplate":"http:\/\/vitalitycenterjax.com\/?s={search_term_string}"},"query-input":{"@type":"PropertyValueSpecification","valueRequired":true,"valueName":"search_term_string"}}],"inLanguage":"es"},{"@type":["Organization","Place","MedicalClinic"],"@id":"http:\/\/vitalitycenterjax.com\/#organization","name":"Vitality Center Jacksonville - Espa\u00f1ol","url":"http:\/\/vitalitycenterjax.com\/","logo":{"@id":"https:\/\/vitalitycenterjax.com\/services\/electrical-muscle-stimulation\/#local-main-organization-logo"},"image":{"@id":"https:\/\/vitalitycenterjax.com\/services\/electrical-muscle-stimulation\/#local-main-organization-logo"},"sameAs":["https:\/\/www.facebook.com\/vitalitycenterjax","https:\/\/www.instagram.com\/vitalitycenterjax\/"],"address":{"@id":"https:\/\/vitalitycenterjax.com\/services\/electrical-muscle-stimulation\/#local-main-place-address"},"telephone":["(904) 434-3465"],"contactPoint":{"@type":"ContactPoint","telephone":"(904) 434-3465","email":"frontdesk@vitalitycenterjax.com"},"openingHoursSpecification":[{"@type":"OpeningHoursSpecification","dayOfWeek":["Monday","Thursday"],"opens":"09:00","closes":"18:30"},{"@type":"OpeningHoursSpecification","dayOfWeek":["Tuesday","Wednesday"],"opens":"08:30","closes":"17:00"},{"@type":"OpeningHoursSpecification","dayOfWeek":["Friday","Saturday","Sunday"],"opens":"00:00","closes":"00:00"}],"email":"frontdesk@vitalitycenterjax.com","areaServed":"Jacksonville","priceRange":"$","currenciesAccepted":"USD"},{"@type":"PostalAddress","@id":"https:\/\/vitalitycenterjax.com\/services\/electrical-muscle-stimulation\/#local-main-place-address","streetAddress":"3636 University Blvd S Suite B3","addressLocality":"Jacksonville","postalCode":"32216","addressRegion":"FL","addressCountry":"US"},{"@type":"ImageObject","inLanguage":"es","@id":"https:\/\/vitalitycenterjax.com\/services\/electrical-muscle-stimulation\/#local-main-organization-logo","url":"https:\/\/vitalitycenterjax.com\/wp-content\/uploads\/2018\/09\/vfc-circle-e1537364957593.png","contentUrl":"https:\/\/vitalitycenterjax.com\/wp-content\/uploads\/2018\/09\/vfc-circle-e1537364957593.png","width":855,"height":855,"caption":"Vitality Center Jacksonville"}]},"geo.placename":"Jacksonville","geo.region":"United States (US)"},"_links":{"self":[{"href":"https:\/\/vitalitycenterjax.com\/es\/wp-json\/wp\/v2\/pages\/1515","targetHints":{"allow":["GET"]}}],"collection":[{"href":"https:\/\/vitalitycenterjax.com\/es\/wp-json\/wp\/v2\/pages"}],"about":[{"href":"https:\/\/vitalitycenterjax.com\/es\/wp-json\/wp\/v2\/types\/page"}],"author":[{"embeddable":true,"href":"https:\/\/vitalitycenterjax.com\/es\/wp-json\/wp\/v2\/users\/1"}],"replies":[{"embeddable":true,"href":"https:\/\/vitalitycenterjax.com\/es\/wp-json\/wp\/v2\/comments?post=1515"}],"version-history":[{"count":6,"href":"https:\/\/vitalitycenterjax.com\/es\/wp-json\/wp\/v2\/pages\/1515\/revisions"}],"predecessor-version":[{"id":2850,"href":"https:\/\/vitalitycenterjax.com\/es\/wp-json\/wp\/v2\/pages\/1515\/revisions\/2850"}],"up":[{"embeddable":true,"href":"https:\/\/vitalitycenterjax.com\/es\/wp-json\/wp\/v2\/pages\/306"}],"wp:attachment":[{"href":"https:\/\/vitalitycenterjax.com\/es\/wp-json\/wp\/v2\/media?parent=1515"}],"curies":[{"name":"wp","href":"https:\/\/api.w.org\/{rel}","templated":true}]}}