{"id":1512,"date":"2018-09-22T19:04:05","date_gmt":"2018-09-22T19:04:05","guid":{"rendered":"http:\/\/vitalitycenterjax.com\/?page_id=1512"},"modified":"2024-04-25T18:15:10","modified_gmt":"2024-04-25T18:15:10","slug":"ultrasonido-jacksonville","status":"publish","type":"page","link":"https:\/\/vitalitycenterjax.com\/es\/services\/ultrasound-jacksonville\/","title":{"rendered":"Ultrasonido"},"content":{"rendered":"<p><section id=\"bt_section69ea31b8bab90\"  class=\"boldSection btDivider topSemiSpaced bottomSemiSpaced btDarkSkin gutter inherit wBackground cover\" style=\"background-color:#0cb8b6;background-image:url('https:\/\/vitalitycenterjax.com\/wp-content\/uploads\/2015\/12\/bgn-grad.png');\"><div class=\"port\"><div class=\"boldCell\"><div class=\"boldCellInner\"><div class=\"boldRow\" ><div class=\"boldRowInner\"><div class=\"rowItem col-md-12 col-ms-12  btTextLeft\"  ><div class=\"rowItemContent\" ><div class=\"btClear btSeparator topExtraSmallSpaced noBorder\" ><hr><\/div><div class=\"btClear btSeparator topExtraSmallSpaced noBorder\" ><hr><\/div><header class=\"header btClear extralarge  btNormalDash\" ><div class=\"btSuperTitle\">Servicios<\/div><div class=\"dash\"><h1><span class=\"headline\">Ultrasonido<\/span><\/h1><\/div><\/header><\/div><\/div><\/div><\/div><\/div><\/div><\/div><\/section><section id=\"bt_section69ea31b8bac57\"  class=\"boldSection gutter\" ><div class=\"port\"><div class=\"boldCell\"><div class=\"boldCellInner\"><div class=\"boldRow\" ><div class=\"boldRowInner\"><div class=\"rowItem col-md-8 col-ms-12 btTextLeft\"  ><div class=\"rowItemContent\" ><div class=\"btClear btSeparator topSmallSpaced noBorder\" ><hr><\/div><div class=\"btText\" ><\/p>\n<p>La terapia con ultrasonido es un m\u00e9todo de tratamiento ampliamente reconocido en fisioterapia, especialmente por sus beneficios de calentamiento profundo para los tejidos blandos como m\u00fasculos, tendones y ligamentos. Nuestra cl\u00ednica en Jacksonville, Florida, utiliza tecnolog\u00eda de ultrasonido avanzada para mejorar el proceso de curaci\u00f3n y aliviar el dolor de diversas afecciones musculoesquel\u00e9ticas.<\/p>\n<h3><strong>C\u00f3mo funciona la terapia con ultrasonido<\/strong><\/h3>\n<p>La terapia con ultrasonido implica el uso de una m\u00e1quina equipada con un transductor de ultrasonido, com\u00fanmente conocido como cabezal de sonido. Durante el tratamiento:<\/p>\n<ul>\n<li><strong>Aplicaci\u00f3n de gel:<\/strong> Se aplica una peque\u00f1a cantidad de gel en el \u00e1rea objetivo. Este gel ayuda a transmitir las ondas de ultrasonido de manera eficiente.<\/li>\n<li><strong>Movimiento sano de la cabeza:<\/strong> Su terapeuta mueve suavemente el cabezal de sonido con movimientos circulares sobre el \u00e1rea afectada, asegurando una cobertura integral y un tratamiento eficaz.<\/li>\n<li><strong>Configuraciones ajustables:<\/strong> La configuraci\u00f3n de la m\u00e1quina de ultrasonido se puede ajustar para adaptar la profundidad y la intensidad de las ondas, seg\u00fan su etapa espec\u00edfica de curaci\u00f3n y sus necesidades terap\u00e9uticas.<\/li>\n<\/ul>\n<h3><strong>Beneficios de la terapia de ultrasonido<\/strong><\/h3>\n<ul>\n<li><strong>Circulaci\u00f3n mejorada:<\/strong> Al calentar profundamente los tejidos, la terapia con ultrasonido aumenta el flujo sangu\u00edneo, que es crucial para respaldar los mecanismos de curaci\u00f3n naturales del cuerpo.<\/li>\n<li><strong>Reducci\u00f3n del dolor:<\/strong> El efecto de calentamiento de la terapia con ultrasonido ayuda a reducir el dolor y ofrece una alternativa no invasiva para controlar las molestias.<\/li>\n<li><strong>Mayor elasticidad:<\/strong> El ultrasonido puede hacer que los m\u00fasculos y tendones sean m\u00e1s el\u00e1sticos. Esto es particularmente beneficioso para los tejidos tensos o que han resultado lesionados, ya que ayuda a mejorar el movimiento y la flexibilidad.<\/li>\n<\/ul>\n<h3><strong>\u00bfPor qu\u00e9 elegir nuestra terapia de ultrasonido en Jacksonville, Florida?<\/strong><\/h3>\n<p>Elegir el centro adecuado para su terapia de ultrasonido es crucial. Aqu\u00ed en nuestra cl\u00ednica en Jacksonville, brindamos:<\/p>\n<ul>\n<li><strong>Atenci\u00f3n experta:<\/strong> Nuestros terapeutas capacitados tienen una amplia experiencia en terapia con ultrasonido, lo que garantiza que reciba la m\u00e1s alta calidad de atenci\u00f3n.<\/li>\n<li><strong>Tratamientos personalizados:<\/strong> Cada sesi\u00f3n se personaliza para satisfacer las necesidades terap\u00e9uticas \u00fanicas de nuestros pacientes, mejorando los resultados.<\/li>\n<li><strong>Estado del equipo de arte:<\/strong> Utilizamos la \u00faltima tecnolog\u00eda en ultrasonido para brindar tratamientos efectivos y eficientes.<\/li>\n<\/ul>\n<h3><strong>Programe su terapia de ultrasonido hoy<\/strong><\/h3>\n<p>Si siente dolor o se recupera de una lesi\u00f3n, considere los beneficios de la terapia con ultrasonido. Nuestra cl\u00ednica de Jacksonville est\u00e1 equipada para ofrecerle la mejor atenci\u00f3n posible. Para aprender m\u00e1s o para <a href=\"https:\/\/vitalitycenterjax.com\/es\/citas\/\">agendar una cita de trabajo<\/a>, visita <a href=\"https:\/\/vitalitycenterjax.com\/es\/\">nuestra p\u00e1gina web<\/a> hoy.<\/p>\n<p>Experimente los beneficios curativos de la terapia con ultrasonido en nuestra cl\u00ednica en Jacksonville, Florida. Nuestro equipo est\u00e1 listo para ayudarle a lograr una mejor salud y una mejor movilidad.<\/p>\n<p>\n<\/div><\/div><\/div><div class=\"rowItem col-md-4 col-ms-12 btTextLeft\"  ><div class=\"rowItemContent\" ><div class=\"btClear btSeparator topSmallSpaced noBorder\" ><hr><\/div><div class=\"bpgPhoto btTextCenter\" ><div class=\"btImage\"><img decoding=\"async\" src=\"https:\/\/vitalitycenterjax.com\/wp-content\/uploads\/2018\/10\/Ultrasound.jpg\" alt=\"Ultrasonido Jax del Centro de Vitalidad\" title=\"Ultrasonido Jax del Centro de Vitalidad\"><\/div><\/div><div class=\"btClear btSeparator topSmallSpaced noBorder\" ><hr><\/div><\/div><\/div><\/div><\/div><\/div><\/div><\/div><\/section><\/p>","protected":false},"excerpt":{"rendered":"","protected":false},"author":1,"featured_media":1570,"parent":306,"menu_order":0,"comment_status":"closed","ping_status":"closed","template":"","meta":{"nf_dc_page":"","_monsterinsights_skip_tracking":false,"_monsterinsights_sitenote_active":false,"_monsterinsights_sitenote_note":"","_monsterinsights_sitenote_category":0,"_joinchat":[],"footnotes":""},"class_list":["post-1512","page","type-page","status-publish","has-post-thumbnail","hentry"],"yoast_head":"<!-- This site is optimized with the Yoast SEO Premium plugin v24.7 (Yoast SEO v27.4) - https:\/\/yoast.com\/product\/yoast-seo-premium-wordpress\/ -->\n<title>Ultrasound - Vitality Center Jacksonville<\/title>\n<meta name=\"description\" content=\"Discover the healing benefits of Ultrasound therapy in Jacksonville, Florida. Our team offers treatments for pain relief and tissue health.\" \/>\n<meta name=\"robots\" content=\"index, follow, max-snippet:-1, max-image-preview:large, max-video-preview:-1\" \/>\n<link rel=\"canonical\" href=\"https:\/\/vitalitycenterjax.com\/es\/servicios\/ultrasonido-jacksonville\/\" \/>\n<meta property=\"og:locale\" content=\"es_ES\" \/>\n<meta property=\"og:type\" content=\"article\" \/>\n<meta property=\"og:title\" content=\"Ultrasound\" \/>\n<meta property=\"og:description\" content=\"Discover the healing benefits of Ultrasound therapy in Jacksonville, Florida. Our team offers treatments for pain relief and tissue health.\" \/>\n<meta property=\"og:url\" content=\"https:\/\/vitalitycenterjax.com\/es\/servicios\/ultrasonido-jacksonville\/\" \/>\n<meta property=\"og:site_name\" content=\"Vitality Center Jacksonville\" \/>\n<meta property=\"article:publisher\" content=\"https:\/\/www.facebook.com\/vitalitycenterjax\" \/>\n<meta property=\"article:modified_time\" content=\"2024-04-25T18:15:10+00:00\" \/>\n<meta property=\"og:image\" content=\"https:\/\/vitalitycenterjax.com\/wp-content\/uploads\/2018\/10\/Ultrasound.jpg\" \/>\n\t<meta property=\"og:image:width\" content=\"998\" \/>\n\t<meta property=\"og:image:height\" content=\"926\" \/>\n\t<meta property=\"og:image:type\" content=\"image\/jpeg\" \/>\n<meta name=\"twitter:card\" content=\"summary_large_image\" \/>\n<meta name=\"twitter:label1\" content=\"Est. reading time\" \/>\n\t<meta name=\"twitter:data1\" content=\"2 minutos\" \/>\n<script type=\"application\/ld+json\" class=\"yoast-schema-graph\">{\"@context\":\"https:\\\/\\\/schema.org\",\"@graph\":[{\"@type\":\"WebPage\",\"@id\":\"https:\\\/\\\/vitalitycenterjax.com\\\/services\\\/ultrasound-jacksonville\\\/\",\"url\":\"https:\\\/\\\/vitalitycenterjax.com\\\/services\\\/ultrasound-jacksonville\\\/\",\"name\":\"Ultrasound - Vitality Center Jacksonville\",\"isPartOf\":{\"@id\":\"http:\\\/\\\/vitalitycenterjax.com\\\/#website\"},\"primaryImageOfPage\":{\"@id\":\"https:\\\/\\\/vitalitycenterjax.com\\\/services\\\/ultrasound-jacksonville\\\/#primaryimage\"},\"image\":{\"@id\":\"https:\\\/\\\/vitalitycenterjax.com\\\/services\\\/ultrasound-jacksonville\\\/#primaryimage\"},\"thumbnailUrl\":\"https:\\\/\\\/vitalitycenterjax.com\\\/wp-content\\\/uploads\\\/2018\\\/10\\\/Ultrasound.jpg\",\"datePublished\":\"2018-09-22T19:04:05+00:00\",\"dateModified\":\"2024-04-25T18:15:10+00:00\",\"description\":\"Discover the healing benefits of Ultrasound therapy in Jacksonville, Florida. Our team offers treatments for pain relief and tissue health.\",\"breadcrumb\":{\"@id\":\"https:\\\/\\\/vitalitycenterjax.com\\\/services\\\/ultrasound-jacksonville\\\/#breadcrumb\"},\"inLanguage\":\"es\",\"potentialAction\":[{\"@type\":\"ReadAction\",\"target\":[\"https:\\\/\\\/vitalitycenterjax.com\\\/services\\\/ultrasound-jacksonville\\\/\"]}]},{\"@type\":\"ImageObject\",\"inLanguage\":\"es\",\"@id\":\"https:\\\/\\\/vitalitycenterjax.com\\\/services\\\/ultrasound-jacksonville\\\/#primaryimage\",\"url\":\"https:\\\/\\\/vitalitycenterjax.com\\\/wp-content\\\/uploads\\\/2018\\\/10\\\/Ultrasound.jpg\",\"contentUrl\":\"https:\\\/\\\/vitalitycenterjax.com\\\/wp-content\\\/uploads\\\/2018\\\/10\\\/Ultrasound.jpg\",\"width\":998,\"height\":926,\"caption\":\"Vitality Center Jax Ultrasound\"},{\"@type\":\"BreadcrumbList\",\"@id\":\"https:\\\/\\\/vitalitycenterjax.com\\\/services\\\/ultrasound-jacksonville\\\/#breadcrumb\",\"itemListElement\":[{\"@type\":\"ListItem\",\"position\":1,\"name\":\"Home\",\"item\":\"https:\\\/\\\/vitalitycenterjax.com\\\/\"},{\"@type\":\"ListItem\",\"position\":2,\"name\":\"Services\",\"item\":\"https:\\\/\\\/vitalitycenterjax.com\\\/services\\\/\"},{\"@type\":\"ListItem\",\"position\":3,\"name\":\"Ultrasound\"}]},{\"@type\":\"WebSite\",\"@id\":\"http:\\\/\\\/vitalitycenterjax.com\\\/#website\",\"url\":\"http:\\\/\\\/vitalitycenterjax.com\\\/\",\"name\":\"Vitality Center Jacksonville\",\"description\":\"Quality Chiropractic Care and Healthcare Options\",\"publisher\":{\"@id\":\"http:\\\/\\\/vitalitycenterjax.com\\\/#organization\"},\"potentialAction\":[{\"@type\":\"SearchAction\",\"target\":{\"@type\":\"EntryPoint\",\"urlTemplate\":\"http:\\\/\\\/vitalitycenterjax.com\\\/?s={search_term_string}\"},\"query-input\":{\"@type\":\"PropertyValueSpecification\",\"valueRequired\":true,\"valueName\":\"search_term_string\"}}],\"inLanguage\":\"es\"},{\"@type\":[\"Organization\",\"Place\",\"MedicalClinic\"],\"@id\":\"http:\\\/\\\/vitalitycenterjax.com\\\/#organization\",\"name\":\"Vitality Center Jacksonville\",\"url\":\"http:\\\/\\\/vitalitycenterjax.com\\\/\",\"logo\":{\"@id\":\"https:\\\/\\\/vitalitycenterjax.com\\\/services\\\/ultrasound-jacksonville\\\/#local-main-organization-logo\"},\"image\":{\"@id\":\"https:\\\/\\\/vitalitycenterjax.com\\\/services\\\/ultrasound-jacksonville\\\/#local-main-organization-logo\"},\"sameAs\":[\"https:\\\/\\\/www.facebook.com\\\/vitalitycenterjax\",\"https:\\\/\\\/www.instagram.com\\\/vitalitycenterjax\\\/\"],\"address\":{\"@id\":\"https:\\\/\\\/vitalitycenterjax.com\\\/services\\\/ultrasound-jacksonville\\\/#local-main-place-address\"},\"telephone\":[\"(904) 434-3465\"],\"contactPoint\":{\"@type\":\"ContactPoint\",\"telephone\":\"(904) 434-3465\",\"email\":\"frontdesk@vitalitycenterjax.com\"},\"openingHoursSpecification\":[{\"@type\":\"OpeningHoursSpecification\",\"dayOfWeek\":[\"Monday\",\"Thursday\"],\"opens\":\"09:00\",\"closes\":\"18:30\"},{\"@type\":\"OpeningHoursSpecification\",\"dayOfWeek\":[\"Tuesday\",\"Wednesday\"],\"opens\":\"08:30\",\"closes\":\"17:00\"},{\"@type\":\"OpeningHoursSpecification\",\"dayOfWeek\":[\"Friday\",\"Saturday\",\"Sunday\"],\"opens\":\"00:00\",\"closes\":\"00:00\"}],\"email\":\"frontdesk@vitalitycenterjax.com\",\"areaServed\":\"Jacksonville\",\"priceRange\":\"$\",\"currenciesAccepted\":\"USD\"},{\"@type\":\"PostalAddress\",\"@id\":\"https:\\\/\\\/vitalitycenterjax.com\\\/services\\\/ultrasound-jacksonville\\\/#local-main-place-address\",\"streetAddress\":\"3636 University Blvd S Suite B3\",\"addressLocality\":\"Jacksonville\",\"postalCode\":\"32216\",\"addressRegion\":\"FL\",\"addressCountry\":\"US\"},{\"@type\":\"ImageObject\",\"inLanguage\":\"es\",\"@id\":\"https:\\\/\\\/vitalitycenterjax.com\\\/services\\\/ultrasound-jacksonville\\\/#local-main-organization-logo\",\"url\":\"https:\\\/\\\/vitalitycenterjax.com\\\/wp-content\\\/uploads\\\/2018\\\/09\\\/vfc-circle-e1537364957593.png\",\"contentUrl\":\"https:\\\/\\\/vitalitycenterjax.com\\\/wp-content\\\/uploads\\\/2018\\\/09\\\/vfc-circle-e1537364957593.png\",\"width\":855,\"height\":855,\"caption\":\"Vitality Center Jacksonville\"}]}<\/script>\n<meta name=\"geo.placename\" content=\"Jacksonville\" \/>\n<meta name=\"geo.region\" content=\"United States (US)\" \/>\n<!-- \/ Yoast SEO Premium plugin. -->","yoast_head_json":{"title":"Ultrasonido - Vitality Center Jacksonville","description":"Descubra los beneficios curativos de la terapia de ultrasonido en Jacksonville, Florida. Nuestro equipo ofrece tratamientos para el alivio del dolor y la salud de los tejidos.","robots":{"index":"index","follow":"follow","max-snippet":"max-snippet:-1","max-image-preview":"max-image-preview:large","max-video-preview":"max-video-preview:-1"},"canonical":"https:\/\/vitalitycenterjax.com\/es\/servicios\/ultrasonido-jacksonville\/","og_locale":"es_ES","og_type":"article","og_title":"Ultrasound","og_description":"Discover the healing benefits of Ultrasound therapy in Jacksonville, Florida. Our team offers treatments for pain relief and tissue health.","og_url":"https:\/\/vitalitycenterjax.com\/es\/servicios\/ultrasonido-jacksonville\/","og_site_name":"Vitality Center Jacksonville","article_publisher":"https:\/\/www.facebook.com\/vitalitycenterjax","article_modified_time":"2024-04-25T18:15:10+00:00","og_image":[{"width":998,"height":926,"url":"https:\/\/vitalitycenterjax.com\/wp-content\/uploads\/2018\/10\/Ultrasound.jpg","type":"image\/jpeg"}],"twitter_card":"summary_large_image","twitter_misc":{"Est. reading time":"2 minutos"},"schema":{"@context":"https:\/\/schema.org","@graph":[{"@type":"WebPage","@id":"https:\/\/vitalitycenterjax.com\/services\/ultrasound-jacksonville\/","url":"https:\/\/vitalitycenterjax.com\/services\/ultrasound-jacksonville\/","name":"Ultrasonido - Vitality Center Jacksonville","isPartOf":{"@id":"http:\/\/vitalitycenterjax.com\/#website"},"primaryImageOfPage":{"@id":"https:\/\/vitalitycenterjax.com\/services\/ultrasound-jacksonville\/#primaryimage"},"image":{"@id":"https:\/\/vitalitycenterjax.com\/services\/ultrasound-jacksonville\/#primaryimage"},"thumbnailUrl":"https:\/\/vitalitycenterjax.com\/wp-content\/uploads\/2018\/10\/Ultrasound.jpg","datePublished":"2018-09-22T19:04:05+00:00","dateModified":"2024-04-25T18:15:10+00:00","description":"Descubra los beneficios curativos de la terapia de ultrasonido en Jacksonville, Florida. Nuestro equipo ofrece tratamientos para el alivio del dolor y la salud de los tejidos.","breadcrumb":{"@id":"https:\/\/vitalitycenterjax.com\/services\/ultrasound-jacksonville\/#breadcrumb"},"inLanguage":"es","potentialAction":[{"@type":"ReadAction","target":["https:\/\/vitalitycenterjax.com\/services\/ultrasound-jacksonville\/"]}]},{"@type":"ImageObject","inLanguage":"es","@id":"https:\/\/vitalitycenterjax.com\/services\/ultrasound-jacksonville\/#primaryimage","url":"https:\/\/vitalitycenterjax.com\/wp-content\/uploads\/2018\/10\/Ultrasound.jpg","contentUrl":"https:\/\/vitalitycenterjax.com\/wp-content\/uploads\/2018\/10\/Ultrasound.jpg","width":998,"height":926,"caption":"Vitality Center Jax Ultrasound"},{"@type":"BreadcrumbList","@id":"https:\/\/vitalitycenterjax.com\/services\/ultrasound-jacksonville\/#breadcrumb","itemListElement":[{"@type":"ListItem","position":1,"name":"Home","item":"https:\/\/vitalitycenterjax.com\/"},{"@type":"ListItem","position":2,"name":"Services","item":"https:\/\/vitalitycenterjax.com\/services\/"},{"@type":"ListItem","position":3,"name":"Ultrasound"}]},{"@type":"WebSite","@id":"http:\/\/vitalitycenterjax.com\/#website","url":"http:\/\/vitalitycenterjax.com\/","name":"Vitality Center Jacksonville - Espa\u00f1ol","description":"Atenci\u00f3n quiropr\u00e1ctica de calidad y opciones de atenci\u00f3n m\u00e9dica","publisher":{"@id":"http:\/\/vitalitycenterjax.com\/#organization"},"potentialAction":[{"@type":"SearchAction","target":{"@type":"EntryPoint","urlTemplate":"http:\/\/vitalitycenterjax.com\/?s={search_term_string}"},"query-input":{"@type":"PropertyValueSpecification","valueRequired":true,"valueName":"search_term_string"}}],"inLanguage":"es"},{"@type":["Organization","Place","MedicalClinic"],"@id":"http:\/\/vitalitycenterjax.com\/#organization","name":"Vitality Center Jacksonville - Espa\u00f1ol","url":"http:\/\/vitalitycenterjax.com\/","logo":{"@id":"https:\/\/vitalitycenterjax.com\/services\/ultrasound-jacksonville\/#local-main-organization-logo"},"image":{"@id":"https:\/\/vitalitycenterjax.com\/services\/ultrasound-jacksonville\/#local-main-organization-logo"},"sameAs":["https:\/\/www.facebook.com\/vitalitycenterjax","https:\/\/www.instagram.com\/vitalitycenterjax\/"],"address":{"@id":"https:\/\/vitalitycenterjax.com\/services\/ultrasound-jacksonville\/#local-main-place-address"},"telephone":["(904) 434-3465"],"contactPoint":{"@type":"ContactPoint","telephone":"(904) 434-3465","email":"frontdesk@vitalitycenterjax.com"},"openingHoursSpecification":[{"@type":"OpeningHoursSpecification","dayOfWeek":["Monday","Thursday"],"opens":"09:00","closes":"18:30"},{"@type":"OpeningHoursSpecification","dayOfWeek":["Tuesday","Wednesday"],"opens":"08:30","closes":"17:00"},{"@type":"OpeningHoursSpecification","dayOfWeek":["Friday","Saturday","Sunday"],"opens":"00:00","closes":"00:00"}],"email":"frontdesk@vitalitycenterjax.com","areaServed":"Jacksonville","priceRange":"$","currenciesAccepted":"USD"},{"@type":"PostalAddress","@id":"https:\/\/vitalitycenterjax.com\/services\/ultrasound-jacksonville\/#local-main-place-address","streetAddress":"3636 University Blvd S Suite B3","addressLocality":"Jacksonville","postalCode":"32216","addressRegion":"FL","addressCountry":"US"},{"@type":"ImageObject","inLanguage":"es","@id":"https:\/\/vitalitycenterjax.com\/services\/ultrasound-jacksonville\/#local-main-organization-logo","url":"https:\/\/vitalitycenterjax.com\/wp-content\/uploads\/2018\/09\/vfc-circle-e1537364957593.png","contentUrl":"https:\/\/vitalitycenterjax.com\/wp-content\/uploads\/2018\/09\/vfc-circle-e1537364957593.png","width":855,"height":855,"caption":"Vitality Center Jacksonville"}]},"geo.placename":"Jacksonville","geo.region":"United States (US)"},"_links":{"self":[{"href":"https:\/\/vitalitycenterjax.com\/es\/wp-json\/wp\/v2\/pages\/1512","targetHints":{"allow":["GET"]}}],"collection":[{"href":"https:\/\/vitalitycenterjax.com\/es\/wp-json\/wp\/v2\/pages"}],"about":[{"href":"https:\/\/vitalitycenterjax.com\/es\/wp-json\/wp\/v2\/types\/page"}],"author":[{"embeddable":true,"href":"https:\/\/vitalitycenterjax.com\/es\/wp-json\/wp\/v2\/users\/1"}],"replies":[{"embeddable":true,"href":"https:\/\/vitalitycenterjax.com\/es\/wp-json\/wp\/v2\/comments?post=1512"}],"version-history":[{"count":9,"href":"https:\/\/vitalitycenterjax.com\/es\/wp-json\/wp\/v2\/pages\/1512\/revisions"}],"predecessor-version":[{"id":2856,"href":"https:\/\/vitalitycenterjax.com\/es\/wp-json\/wp\/v2\/pages\/1512\/revisions\/2856"}],"up":[{"embeddable":true,"href":"https:\/\/vitalitycenterjax.com\/es\/wp-json\/wp\/v2\/pages\/306"}],"wp:featuredmedia":[{"embeddable":true,"href":"https:\/\/vitalitycenterjax.com\/es\/wp-json\/wp\/v2\/media\/1570"}],"wp:attachment":[{"href":"https:\/\/vitalitycenterjax.com\/es\/wp-json\/wp\/v2\/media?parent=1512"}],"curies":[{"name":"wp","href":"https:\/\/api.w.org\/{rel}","templated":true}]}}