{"id":1500,"date":"2018-09-22T18:49:08","date_gmt":"2018-09-22T18:49:08","guid":{"rendered":"http:\/\/vitalitycenterjax.com\/?page_id=1500"},"modified":"2024-04-25T18:28:31","modified_gmt":"2024-04-25T18:28:31","slug":"atencion-quiropractica","status":"publish","type":"page","link":"https:\/\/vitalitycenterjax.com\/es\/services\/chiropractic-care\/","title":{"rendered":"Atenci\u00f3n quiropr\u00e1ctica"},"content":{"rendered":"<p><section id=\"bt_section69ee56383c187\"  class=\"boldSection btDivider topSemiSpaced bottomSemiSpaced btDarkSkin gutter inherit wBackground cover\" style=\"background-color:#0cb8b6;background-image:url('https:\/\/vitalitycenterjax.com\/wp-content\/uploads\/2015\/12\/bgn-grad.png');\"><div class=\"port\"><div class=\"boldCell\"><div class=\"boldCellInner\"><div class=\"boldRow\" ><div class=\"boldRowInner\"><div class=\"rowItem col-md-12 col-ms-12  btTextLeft\"  ><div class=\"rowItemContent\" ><div class=\"btClear btSeparator topExtraSmallSpaced noBorder\" ><hr><\/div><div class=\"btClear btSeparator topExtraSmallSpaced noBorder\" ><hr><\/div><header class=\"header btClear extralarge  btNormalDash\" ><div class=\"btSuperTitle\">Servicios<\/div><div class=\"dash\"><h1><span class=\"headline\">Atenci\u00f3n quiropr\u00e1ctica<\/span><\/h1><\/div><\/header><\/div><\/div><\/div><\/div><\/div><\/div><\/div><\/section><section id=\"bt_section69ee56383c2d3\"  class=\"boldSection gutter\" ><div class=\"port\"><div class=\"boldCell\"><div class=\"boldCellInner\"><div class=\"boldRow\" ><div class=\"boldRowInner\"><div class=\"rowItem col-md-8 col-ms-12 btTextLeft\"  ><div class=\"rowItemContent\" ><div class=\"btClear btSeparator topSmallSpaced bottomSmallSpaced noBorder\" ><hr><\/div><div class=\"btText\" ><\/p>\n<h2><strong>Vitality Family Chiropractic: su destino para la atenci\u00f3n quiropr\u00e1ctica hol\u00edstica en Jacksonville<\/strong><\/h2>\n<p>Bienvenido a Vitality Family Chiropractic, donde nuestra atenci\u00f3n quiropr\u00e1ctica experta se centra en aprovechar las capacidades curativas innatas de su cuerpo. Bajo la gu\u00eda experimentada del Dr. L\u00f3pez Rivera, nuestro enfoque va m\u00e1s all\u00e1 de simplemente abordar los s\u00edntomas: nos enfocamos en la causa ra\u00edz de sus problemas de salud.<\/p>\n<h3><strong>\u00bfQu\u00e9 es la atenci\u00f3n quiropr\u00e1ctica?<\/strong><\/h3>\n<p>La atenci\u00f3n quiropr\u00e1ctica es una forma de terapia centrada en la estructura del cuerpo, principalmente la columna. <a href=\"https:\/\/vitalitycenterjax.com\/es\/conoce-al-doctor\/\">Dr. L\u00f3pez Rivera<\/a> y nuestro equipo usa sus manos para ajustar la alineaci\u00f3n del cuerpo y estimular la capacidad natural del cuerpo para curarse a s\u00ed mismo, abordando una variedad de problemas, desde dolor agudo hasta afecciones cr\u00f3nicas.<\/p>\n<h3><strong>Aliviar el estr\u00e9s del sistema nervioso<\/strong><\/h3>\n<p>Muchos problemas de salud surgen de lo que llamamos \u201cestr\u00e9s del sistema nervioso\u201d, una condici\u00f3n com\u00fan pero a menudo desapercibida que puede reducir su vitalidad. Si bien puede no causar dolor, este tipo de estr\u00e9s puede comprometer su respuesta inmune y ralentizar los procesos de recuperaci\u00f3n de su cuerpo.<\/p>\n<h3><strong>Se\u00f1ales de que podr\u00eda necesitar atenci\u00f3n quiropr\u00e1ctica:<\/strong><\/h3>\n<ul>\n<li>Problemas musculares: tirantez, rigidez o dolor muscular.<\/li>\n<li>Dolor persistente: malestar continuo en la espalda, el cuello o las articulaciones.<\/li>\n<li>Enfermedad recurrente: enfermarse con m\u00e1s frecuencia de lo habitual.<\/li>\n<li>Problemas digestivos: Problemas como el estre\u00f1imiento.<\/li>\n<li>Dolores de cabeza frecuentes: Especialmente dolores de cabeza tensionales o migra\u00f1as.<\/li>\n<li>Otras preocupaciones: incluido el acn\u00e9 y los dolores de o\u00eddo.<\/li>\n<\/ul>\n<h3><strong>Nuestras T\u00e9cnicas Quiropr\u00e1cticas<\/strong><\/h3>\n<p>El Dr. L\u00f3pez Rivera est\u00e1 capacitado en una variedad de m\u00e9todos quiropr\u00e1cticos para brindar atenci\u00f3n personalizada:<\/p>\n<ul>\n<li><strong>Gonstead:<\/strong> Ajuste de precisi\u00f3n para corregir la desalineaci\u00f3n de la columna.<\/li>\n<li><strong>Thompson:<\/strong> Una t\u00e9cnica suave utilizando una mesa especializada.<\/li>\n<li><strong>Diversificado:<\/strong> T\u00e9cnica quiropr\u00e1ctica cl\u00e1sica para mejorar la biomec\u00e1nica de la columna.<\/li>\n<li><strong>Activador:<\/strong> Un m\u00e9todo de ajuste de baja fuerza asistido por un dispositivo.<\/li>\n<li><strong>T\u00e9cnica Webster:<\/strong> Especialmente dise\u00f1ado para mujeres embarazadas para favorecer el equilibrio p\u00e9lvico.<\/li>\n<\/ul>\n<h3><strong>Experimente los beneficios de los ajustes quiropr\u00e1cticos<\/strong><\/h3>\n<p>Con atenci\u00f3n quiropr\u00e1ctica regular, usted puede esperar:<\/p>\n<ul>\n<li><strong>Funci\u00f3n inmune mejorada:<\/strong> Un cuerpo bien adaptado puede defenderse mejor de las enfermedades.<\/li>\n<li><strong>Salud general mejorada:<\/strong> Una columna vertebral equilibrada contribuye a un mejor bienestar.<\/li>\n<li><strong>Curaci\u00f3n natural:<\/strong> Estimular al cuerpo a sanar sin tratamientos invasivos.<\/li>\n<\/ul>\n<h3><strong>Su viaje de bienestar comienza aqu\u00ed<\/strong><\/h3>\n<p>Si est\u00e1 en Jacksonville, descubra el impacto transformador de la atenci\u00f3n quiropr\u00e1ctica en <a href=\"https:\/\/vitalitycenterjax.com\/es\/\">Quiropr\u00e1ctica familiar de vitalidad<\/a>. El Dr. L\u00f3pez Rivera y nuestro compasivo equipo est\u00e1n aqu\u00ed para guiarlo hacia una vida m\u00e1s saludable y vibrante.<\/p>\n<p><a href=\"https:\/\/vitalitycenterjax.com\/es\/citas\/\">Reserva tu cita<\/a> hoy y emprenda su viaje hacia una salud \u00f3ptima con nuestra atenci\u00f3n quiropr\u00e1ctica de confianza.<\/p>\n<p>\n<\/div><div class=\"btClear btSeparator topSmallSpaced bottomSmallSpaced noBorder\" ><hr><\/div><\/div><\/div><div class=\"rowItem col-md-4 col-ms-12 btTextLeft\"  ><div class=\"rowItemContent\" ><div class=\"btClear btSeparator topSmallSpaced bottomSmallSpaced noBorder\" ><hr><\/div><div class=\"bpgPhoto btTextCenter\" ><div class=\"btImage\"><img decoding=\"async\" src=\"https:\/\/vitalitycenterjax.com\/wp-content\/uploads\/2021\/01\/chiropractic-care.jpg\" alt=\"centro de vitalidad jax atenci\u00f3n quiropr\u00e1ctica jacksonville fl\" title=\"centro de vitalidad jax atenci\u00f3n quiropr\u00e1ctica jacksonville fl\"><\/div><\/div><\/div><\/div><\/div><\/div><\/div><\/div><\/div><\/section><\/p>","protected":false},"excerpt":{"rendered":"","protected":false},"author":1,"featured_media":1847,"parent":306,"menu_order":0,"comment_status":"closed","ping_status":"closed","template":"","meta":{"nf_dc_page":"","_monsterinsights_skip_tracking":false,"_monsterinsights_sitenote_active":false,"_monsterinsights_sitenote_note":"","_monsterinsights_sitenote_category":0,"_joinchat":[],"footnotes":""},"class_list":["post-1500","page","type-page","status-publish","has-post-thumbnail","hentry"],"yoast_head":"<!-- This site is optimized with the Yoast SEO Premium plugin v24.7 (Yoast SEO v27.4) - https:\/\/yoast.com\/product\/yoast-seo-premium-wordpress\/ -->\n<title>Chiropractic Care - Vitality Center Jacksonville<\/title>\n<meta name=\"description\" content=\"Improve your health with trusted chiropractic care in Jacksonville at Vitality Family Chiropractic. Reduce stress and boost healing.\" \/>\n<meta name=\"robots\" content=\"index, follow, max-snippet:-1, max-image-preview:large, max-video-preview:-1\" \/>\n<link rel=\"canonical\" href=\"https:\/\/vitalitycenterjax.com\/es\/servicios\/atencion-quiropractica\/\" \/>\n<meta property=\"og:locale\" content=\"es_ES\" \/>\n<meta property=\"og:type\" content=\"article\" \/>\n<meta property=\"og:title\" content=\"Chiropractic Care\" \/>\n<meta property=\"og:description\" content=\"Improve your health with trusted chiropractic care in Jacksonville at Vitality Family Chiropractic. Reduce stress and boost healing.\" \/>\n<meta property=\"og:url\" content=\"https:\/\/vitalitycenterjax.com\/es\/servicios\/atencion-quiropractica\/\" \/>\n<meta property=\"og:site_name\" content=\"Vitality Center Jacksonville\" \/>\n<meta property=\"article:publisher\" content=\"https:\/\/www.facebook.com\/vitalitycenterjax\" \/>\n<meta property=\"article:modified_time\" content=\"2024-04-25T18:28:31+00:00\" \/>\n<meta property=\"og:image\" content=\"https:\/\/vitalitycenterjax.com\/wp-content\/uploads\/2021\/01\/chiropractic-care.jpg\" \/>\n\t<meta property=\"og:image:width\" content=\"841\" \/>\n\t<meta property=\"og:image:height\" content=\"1204\" \/>\n\t<meta property=\"og:image:type\" content=\"image\/jpeg\" \/>\n<meta name=\"twitter:card\" content=\"summary_large_image\" \/>\n<meta name=\"twitter:label1\" content=\"Est. reading time\" \/>\n\t<meta name=\"twitter:data1\" content=\"3 minutos\" \/>\n<script type=\"application\/ld+json\" class=\"yoast-schema-graph\">{\"@context\":\"https:\\\/\\\/schema.org\",\"@graph\":[{\"@type\":\"WebPage\",\"@id\":\"https:\\\/\\\/vitalitycenterjax.com\\\/services\\\/chiropractic-care\\\/\",\"url\":\"https:\\\/\\\/vitalitycenterjax.com\\\/services\\\/chiropractic-care\\\/\",\"name\":\"Chiropractic Care - Vitality Center Jacksonville\",\"isPartOf\":{\"@id\":\"http:\\\/\\\/vitalitycenterjax.com\\\/#website\"},\"primaryImageOfPage\":{\"@id\":\"https:\\\/\\\/vitalitycenterjax.com\\\/services\\\/chiropractic-care\\\/#primaryimage\"},\"image\":{\"@id\":\"https:\\\/\\\/vitalitycenterjax.com\\\/services\\\/chiropractic-care\\\/#primaryimage\"},\"thumbnailUrl\":\"https:\\\/\\\/vitalitycenterjax.com\\\/wp-content\\\/uploads\\\/2021\\\/01\\\/chiropractic-care.jpg\",\"datePublished\":\"2018-09-22T18:49:08+00:00\",\"dateModified\":\"2024-04-25T18:28:31+00:00\",\"description\":\"Improve your health with trusted chiropractic care in Jacksonville at Vitality Family Chiropractic. Reduce stress and boost healing.\",\"breadcrumb\":{\"@id\":\"https:\\\/\\\/vitalitycenterjax.com\\\/services\\\/chiropractic-care\\\/#breadcrumb\"},\"inLanguage\":\"es\",\"potentialAction\":[{\"@type\":\"ReadAction\",\"target\":[\"https:\\\/\\\/vitalitycenterjax.com\\\/services\\\/chiropractic-care\\\/\"]}]},{\"@type\":\"ImageObject\",\"inLanguage\":\"es\",\"@id\":\"https:\\\/\\\/vitalitycenterjax.com\\\/services\\\/chiropractic-care\\\/#primaryimage\",\"url\":\"https:\\\/\\\/vitalitycenterjax.com\\\/wp-content\\\/uploads\\\/2021\\\/01\\\/chiropractic-care.jpg\",\"contentUrl\":\"https:\\\/\\\/vitalitycenterjax.com\\\/wp-content\\\/uploads\\\/2021\\\/01\\\/chiropractic-care.jpg\",\"width\":841,\"height\":1204,\"caption\":\"vitality center jax chiropractic care jacksonville fl\"},{\"@type\":\"BreadcrumbList\",\"@id\":\"https:\\\/\\\/vitalitycenterjax.com\\\/services\\\/chiropractic-care\\\/#breadcrumb\",\"itemListElement\":[{\"@type\":\"ListItem\",\"position\":1,\"name\":\"Home\",\"item\":\"https:\\\/\\\/vitalitycenterjax.com\\\/\"},{\"@type\":\"ListItem\",\"position\":2,\"name\":\"Services\",\"item\":\"https:\\\/\\\/vitalitycenterjax.com\\\/services\\\/\"},{\"@type\":\"ListItem\",\"position\":3,\"name\":\"Chiropractic Care\"}]},{\"@type\":\"WebSite\",\"@id\":\"http:\\\/\\\/vitalitycenterjax.com\\\/#website\",\"url\":\"http:\\\/\\\/vitalitycenterjax.com\\\/\",\"name\":\"Vitality Center Jacksonville\",\"description\":\"Quality Chiropractic Care and Healthcare Options\",\"publisher\":{\"@id\":\"http:\\\/\\\/vitalitycenterjax.com\\\/#organization\"},\"potentialAction\":[{\"@type\":\"SearchAction\",\"target\":{\"@type\":\"EntryPoint\",\"urlTemplate\":\"http:\\\/\\\/vitalitycenterjax.com\\\/?s={search_term_string}\"},\"query-input\":{\"@type\":\"PropertyValueSpecification\",\"valueRequired\":true,\"valueName\":\"search_term_string\"}}],\"inLanguage\":\"es\"},{\"@type\":[\"Organization\",\"Place\",\"MedicalClinic\"],\"@id\":\"http:\\\/\\\/vitalitycenterjax.com\\\/#organization\",\"name\":\"Vitality Center Jacksonville\",\"url\":\"http:\\\/\\\/vitalitycenterjax.com\\\/\",\"logo\":{\"@id\":\"https:\\\/\\\/vitalitycenterjax.com\\\/services\\\/chiropractic-care\\\/#local-main-organization-logo\"},\"image\":{\"@id\":\"https:\\\/\\\/vitalitycenterjax.com\\\/services\\\/chiropractic-care\\\/#local-main-organization-logo\"},\"sameAs\":[\"https:\\\/\\\/www.facebook.com\\\/vitalitycenterjax\",\"https:\\\/\\\/www.instagram.com\\\/vitalitycenterjax\\\/\"],\"address\":{\"@id\":\"https:\\\/\\\/vitalitycenterjax.com\\\/services\\\/chiropractic-care\\\/#local-main-place-address\"},\"telephone\":[\"(904) 434-3465\"],\"contactPoint\":{\"@type\":\"ContactPoint\",\"telephone\":\"(904) 434-3465\",\"email\":\"frontdesk@vitalitycenterjax.com\"},\"openingHoursSpecification\":[{\"@type\":\"OpeningHoursSpecification\",\"dayOfWeek\":[\"Monday\",\"Thursday\"],\"opens\":\"09:00\",\"closes\":\"18:30\"},{\"@type\":\"OpeningHoursSpecification\",\"dayOfWeek\":[\"Tuesday\",\"Wednesday\"],\"opens\":\"08:30\",\"closes\":\"17:00\"},{\"@type\":\"OpeningHoursSpecification\",\"dayOfWeek\":[\"Friday\",\"Saturday\",\"Sunday\"],\"opens\":\"00:00\",\"closes\":\"00:00\"}],\"email\":\"frontdesk@vitalitycenterjax.com\",\"areaServed\":\"Jacksonville\",\"priceRange\":\"$\",\"currenciesAccepted\":\"USD\"},{\"@type\":\"PostalAddress\",\"@id\":\"https:\\\/\\\/vitalitycenterjax.com\\\/services\\\/chiropractic-care\\\/#local-main-place-address\",\"streetAddress\":\"3636 University Blvd S Suite B3\",\"addressLocality\":\"Jacksonville\",\"postalCode\":\"32216\",\"addressRegion\":\"FL\",\"addressCountry\":\"US\"},{\"@type\":\"ImageObject\",\"inLanguage\":\"es\",\"@id\":\"https:\\\/\\\/vitalitycenterjax.com\\\/services\\\/chiropractic-care\\\/#local-main-organization-logo\",\"url\":\"https:\\\/\\\/vitalitycenterjax.com\\\/wp-content\\\/uploads\\\/2018\\\/09\\\/vfc-circle-e1537364957593.png\",\"contentUrl\":\"https:\\\/\\\/vitalitycenterjax.com\\\/wp-content\\\/uploads\\\/2018\\\/09\\\/vfc-circle-e1537364957593.png\",\"width\":855,\"height\":855,\"caption\":\"Vitality Center Jacksonville\"}]}<\/script>\n<meta name=\"geo.placename\" content=\"Jacksonville\" \/>\n<meta name=\"geo.region\" content=\"United States (US)\" \/>\n<!-- \/ Yoast SEO Premium plugin. -->","yoast_head_json":{"title":"Atenci\u00f3n quiropr\u00e1ctica - Vitality Center Jacksonville","description":"Mejore su salud con atenci\u00f3n quiropr\u00e1ctica confiable en Jacksonville en Vitality Family Chiropractic. Reduce el estr\u00e9s y estimula la curaci\u00f3n.","robots":{"index":"index","follow":"follow","max-snippet":"max-snippet:-1","max-image-preview":"max-image-preview:large","max-video-preview":"max-video-preview:-1"},"canonical":"https:\/\/vitalitycenterjax.com\/es\/servicios\/atencion-quiropractica\/","og_locale":"es_ES","og_type":"article","og_title":"Chiropractic Care","og_description":"Improve your health with trusted chiropractic care in Jacksonville at Vitality Family Chiropractic. Reduce stress and boost healing.","og_url":"https:\/\/vitalitycenterjax.com\/es\/servicios\/atencion-quiropractica\/","og_site_name":"Vitality Center Jacksonville","article_publisher":"https:\/\/www.facebook.com\/vitalitycenterjax","article_modified_time":"2024-04-25T18:28:31+00:00","og_image":[{"width":841,"height":1204,"url":"https:\/\/vitalitycenterjax.com\/wp-content\/uploads\/2021\/01\/chiropractic-care.jpg","type":"image\/jpeg"}],"twitter_card":"summary_large_image","twitter_misc":{"Est. reading time":"3 minutos"},"schema":{"@context":"https:\/\/schema.org","@graph":[{"@type":"WebPage","@id":"https:\/\/vitalitycenterjax.com\/services\/chiropractic-care\/","url":"https:\/\/vitalitycenterjax.com\/services\/chiropractic-care\/","name":"Atenci\u00f3n quiropr\u00e1ctica - Vitality Center Jacksonville","isPartOf":{"@id":"http:\/\/vitalitycenterjax.com\/#website"},"primaryImageOfPage":{"@id":"https:\/\/vitalitycenterjax.com\/services\/chiropractic-care\/#primaryimage"},"image":{"@id":"https:\/\/vitalitycenterjax.com\/services\/chiropractic-care\/#primaryimage"},"thumbnailUrl":"https:\/\/vitalitycenterjax.com\/wp-content\/uploads\/2021\/01\/chiropractic-care.jpg","datePublished":"2018-09-22T18:49:08+00:00","dateModified":"2024-04-25T18:28:31+00:00","description":"Mejore su salud con atenci\u00f3n quiropr\u00e1ctica confiable en Jacksonville en Vitality Family Chiropractic. Reduce el estr\u00e9s y estimula la curaci\u00f3n.","breadcrumb":{"@id":"https:\/\/vitalitycenterjax.com\/services\/chiropractic-care\/#breadcrumb"},"inLanguage":"es","potentialAction":[{"@type":"ReadAction","target":["https:\/\/vitalitycenterjax.com\/services\/chiropractic-care\/"]}]},{"@type":"ImageObject","inLanguage":"es","@id":"https:\/\/vitalitycenterjax.com\/services\/chiropractic-care\/#primaryimage","url":"https:\/\/vitalitycenterjax.com\/wp-content\/uploads\/2021\/01\/chiropractic-care.jpg","contentUrl":"https:\/\/vitalitycenterjax.com\/wp-content\/uploads\/2021\/01\/chiropractic-care.jpg","width":841,"height":1204,"caption":"vitality center jax chiropractic care jacksonville fl"},{"@type":"BreadcrumbList","@id":"https:\/\/vitalitycenterjax.com\/services\/chiropractic-care\/#breadcrumb","itemListElement":[{"@type":"ListItem","position":1,"name":"Home","item":"https:\/\/vitalitycenterjax.com\/"},{"@type":"ListItem","position":2,"name":"Services","item":"https:\/\/vitalitycenterjax.com\/services\/"},{"@type":"ListItem","position":3,"name":"Chiropractic Care"}]},{"@type":"WebSite","@id":"http:\/\/vitalitycenterjax.com\/#website","url":"http:\/\/vitalitycenterjax.com\/","name":"Vitality Center Jacksonville - Espa\u00f1ol","description":"Atenci\u00f3n quiropr\u00e1ctica de calidad y opciones de atenci\u00f3n m\u00e9dica","publisher":{"@id":"http:\/\/vitalitycenterjax.com\/#organization"},"potentialAction":[{"@type":"SearchAction","target":{"@type":"EntryPoint","urlTemplate":"http:\/\/vitalitycenterjax.com\/?s={search_term_string}"},"query-input":{"@type":"PropertyValueSpecification","valueRequired":true,"valueName":"search_term_string"}}],"inLanguage":"es"},{"@type":["Organization","Place","MedicalClinic"],"@id":"http:\/\/vitalitycenterjax.com\/#organization","name":"Vitality Center Jacksonville - Espa\u00f1ol","url":"http:\/\/vitalitycenterjax.com\/","logo":{"@id":"https:\/\/vitalitycenterjax.com\/services\/chiropractic-care\/#local-main-organization-logo"},"image":{"@id":"https:\/\/vitalitycenterjax.com\/services\/chiropractic-care\/#local-main-organization-logo"},"sameAs":["https:\/\/www.facebook.com\/vitalitycenterjax","https:\/\/www.instagram.com\/vitalitycenterjax\/"],"address":{"@id":"https:\/\/vitalitycenterjax.com\/services\/chiropractic-care\/#local-main-place-address"},"telephone":["(904) 434-3465"],"contactPoint":{"@type":"ContactPoint","telephone":"(904) 434-3465","email":"frontdesk@vitalitycenterjax.com"},"openingHoursSpecification":[{"@type":"OpeningHoursSpecification","dayOfWeek":["Monday","Thursday"],"opens":"09:00","closes":"18:30"},{"@type":"OpeningHoursSpecification","dayOfWeek":["Tuesday","Wednesday"],"opens":"08:30","closes":"17:00"},{"@type":"OpeningHoursSpecification","dayOfWeek":["Friday","Saturday","Sunday"],"opens":"00:00","closes":"00:00"}],"email":"frontdesk@vitalitycenterjax.com","areaServed":"Jacksonville","priceRange":"$","currenciesAccepted":"USD"},{"@type":"PostalAddress","@id":"https:\/\/vitalitycenterjax.com\/services\/chiropractic-care\/#local-main-place-address","streetAddress":"3636 University Blvd S Suite B3","addressLocality":"Jacksonville","postalCode":"32216","addressRegion":"FL","addressCountry":"US"},{"@type":"ImageObject","inLanguage":"es","@id":"https:\/\/vitalitycenterjax.com\/services\/chiropractic-care\/#local-main-organization-logo","url":"https:\/\/vitalitycenterjax.com\/wp-content\/uploads\/2018\/09\/vfc-circle-e1537364957593.png","contentUrl":"https:\/\/vitalitycenterjax.com\/wp-content\/uploads\/2018\/09\/vfc-circle-e1537364957593.png","width":855,"height":855,"caption":"Vitality Center Jacksonville"}]},"geo.placename":"Jacksonville","geo.region":"United States (US)"},"_links":{"self":[{"href":"https:\/\/vitalitycenterjax.com\/es\/wp-json\/wp\/v2\/pages\/1500","targetHints":{"allow":["GET"]}}],"collection":[{"href":"https:\/\/vitalitycenterjax.com\/es\/wp-json\/wp\/v2\/pages"}],"about":[{"href":"https:\/\/vitalitycenterjax.com\/es\/wp-json\/wp\/v2\/types\/page"}],"author":[{"embeddable":true,"href":"https:\/\/vitalitycenterjax.com\/es\/wp-json\/wp\/v2\/users\/1"}],"replies":[{"embeddable":true,"href":"https:\/\/vitalitycenterjax.com\/es\/wp-json\/wp\/v2\/comments?post=1500"}],"version-history":[{"count":12,"href":"https:\/\/vitalitycenterjax.com\/es\/wp-json\/wp\/v2\/pages\/1500\/revisions"}],"predecessor-version":[{"id":2863,"href":"https:\/\/vitalitycenterjax.com\/es\/wp-json\/wp\/v2\/pages\/1500\/revisions\/2863"}],"up":[{"embeddable":true,"href":"https:\/\/vitalitycenterjax.com\/es\/wp-json\/wp\/v2\/pages\/306"}],"wp:featuredmedia":[{"embeddable":true,"href":"https:\/\/vitalitycenterjax.com\/es\/wp-json\/wp\/v2\/media\/1847"}],"wp:attachment":[{"href":"https:\/\/vitalitycenterjax.com\/es\/wp-json\/wp\/v2\/media?parent=1500"}],"curies":[{"name":"wp","href":"https:\/\/api.w.org\/{rel}","templated":true}]}}